{"id":26857,"date":"2025-04-10T12:07:31","date_gmt":"2025-04-10T10:07:31","guid":{"rendered":"https:\/\/myspainfood.com\/producto\/olives-campo-real-45-kg\/"},"modified":"2025-09-02T10:39:25","modified_gmt":"2025-09-02T08:39:25","slug":"olives-campo-real-45-kg","status":"publish","type":"product","link":"https:\/\/myspainfood.com\/fr\/producto\/olives-campo-real-45-kg\/","title":{"rendered":"Olives Campo Real 4,5 kg"},"content":{"rendered":"<p>Si la municipalit\u00e9 de Campo Real est connue pour quelque chose, c&rsquo;est pour ses c\u00e9l\u00e8bres olives Campo Real 4,5 kg.<\/p>\n<p>Appartenant aux vari\u00e9t\u00e9s manzanilla de Campo Real et cacere\u00f1a, le secret de ses olives r\u00e9side dans les oliviers centenaires dont elles proviennent, l&rsquo;exp\u00e9rience des ol\u00e9iculteurs et l&rsquo;assaisonnement des olives.<\/p>\n<p>Cette <a href=\"https:\/\/www.google.com\/search?q=revuelto+aceitunas+s%C3%A1ngar&amp;sxsrf=APq-WBt1wkTZta0IAEDoueZPBxEuaY8Dtw:1644308614563&amp;source=lnms&amp;tbm=isch&amp;sa=X&amp;ved=2ahUKEwjouvz21u_1AhVV_rsIHacjBd0Q_AUoAXoECAEQAw&amp;biw=1577&amp;bih=780&amp;dpr=1\" target=\"_blank\" rel=\"noopener noreferrer nofollow\">combinaison<\/a> d&rsquo;olives et de cornichons permet de donner une saveur incomparable \u00e0 vos tapas ou \u00e0 vos amuse-gueules.<\/p>\n<p>Il s&rsquo;agit d&rsquo;un compl\u00e9ment tr\u00e8s sain \u00e0 notre r\u00e9gime m\u00e9diterran\u00e9en nutritif traditionnel.<\/p>\n<p>En Espagne, on trouve des olives, des cornichons, des aubergines almagro, des carottes, des oignons, des c\u00e2pres tr\u00e8s traditionnelles, de l&rsquo;ail ou m\u00eame un m\u00e9lange de ces ingr\u00e9dients.<\/p>\n<p>Ils sont souvent servis comme tapas pour accompagner la bi\u00e8re (pas le vin en raison de leur teneur en vinaigre).<\/p>\n<p>Les cornichons sont pass\u00e9s d&rsquo;une technique ancestrale de conservation des aliments dans le monde entier \u00e0 l&rsquo;une des tapas ou entr\u00e9es les plus populaires de la gastronomie espagnole.<\/p>\n<h3><strong>Les avantages de l&rsquo;olive Campo Real 4,5 kg<\/strong><\/h3>\n<p>Connaissez-vous les avantages des olives Campo Real 4,5 kg et des cornichons en g\u00e9n\u00e9ral ? Voici une liste des plus importants : <\/p>\n<ul>\n<li>Riche en probiotiques.<\/li>\n<li>Ils facilitent la digestion.<\/li>\n<li>Ils renforcent le syst\u00e8me immunitaire.<\/li>\n<li>Ils r\u00e9duisent les envies de sucre.<\/li>\n<li>Favorable \u00e0 la v\u00e9sicule biliaire.<\/li>\n<\/ul>\n<p>Si vous souhaitez acheter des olives ou tout autre type d&rsquo;<a href=\"https:\/\/latiendadesami.com\/categoria-producto\/encurtidos\/\" rel=\"noopener noreferrer nofollow\" target=\"_blank\">aliments marin\u00e9s<\/a>, n&rsquo;h\u00e9sitez pas \u00e0 consulter notre catalogue en ligne pour voir la grande vari\u00e9t\u00e9 d&rsquo;<a href=\"https:\/\/latiendadesami.com\/categoria-producto\/encurtidos\/aceitunas\/\" target=\"_blank\" rel=\"noopener noreferrer nofollow\">olives<\/a> que nous avons.<\/p>\n<p>\u00c9crivez-nous pour plus d&rsquo;informations.<\/p>\n","protected":false},"excerpt":{"rendered":"<p>Si la municipalit\u00e9 de Campo Real est connue pour quelque chose, c&rsquo;est pour ses c\u00e9l\u00e8bres olives Campo Real 4,5 kg. Appartenant aux vari\u00e9t\u00e9s manzanilla de Campo Real et cacere\u00f1a, le secret de ses olives r\u00e9side dans les oliviers centenaires dont elles proviennent, l&rsquo;exp\u00e9rience des ol\u00e9iculteurs et l&rsquo;assaisonnement des olives. Cette combinaison d&rsquo;olives et de cornichons [&hellip;]<\/p>\n","protected":false},"featured_media":9782,"template":"","meta":{"_et_pb_use_builder":"","_et_pb_old_content":"","_et_gb_content_width":""},"product_brand":[],"product_cat":[1570,1571],"product_tag":[3133],"class_list":{"0":"post-26857","1":"product","2":"type-product","3":"status-publish","4":"has-post-thumbnail","6":"product_cat-cornichons","7":"product_cat-olives-fr","8":"product_tag-campo-real-fr","10":"first","11":"outofstock","12":"taxable","13":"shipping-taxable","14":"purchasable","15":"product-type-simple"},"_links":{"self":[{"href":"https:\/\/myspainfood.com\/fr\/wp-json\/wp\/v2\/product\/26857","targetHints":{"allow":["GET"]}}],"collection":[{"href":"https:\/\/myspainfood.com\/fr\/wp-json\/wp\/v2\/product"}],"about":[{"href":"https:\/\/myspainfood.com\/fr\/wp-json\/wp\/v2\/types\/product"}],"wp:featuredmedia":[{"embeddable":true,"href":"https:\/\/myspainfood.com\/fr\/wp-json\/wp\/v2\/media\/9782"}],"wp:attachment":[{"href":"https:\/\/myspainfood.com\/fr\/wp-json\/wp\/v2\/media?parent=26857"}],"wp:term":[{"taxonomy":"product_brand","embeddable":true,"href":"https:\/\/myspainfood.com\/fr\/wp-json\/wp\/v2\/product_brand?post=26857"},{"taxonomy":"product_cat","embeddable":true,"href":"https:\/\/myspainfood.com\/fr\/wp-json\/wp\/v2\/product_cat?post=26857"},{"taxonomy":"product_tag","embeddable":true,"href":"https:\/\/myspainfood.com\/fr\/wp-json\/wp\/v2\/product_tag?post=26857"}],"curies":[{"name":"wp","href":"https:\/\/api.w.org\/{rel}","templated":true}]}}