{"id":27337,"date":"2025-04-10T12:07:30","date_gmt":"2025-04-10T10:07:30","guid":{"rendered":"https:\/\/myspainfood.com\/producto\/salade-de-poivrons-et-de-thon\/"},"modified":"2025-04-10T12:07:30","modified_gmt":"2025-04-10T10:07:30","slug":"salade-de-poivrons-et-de-thon","status":"publish","type":"product","link":"https:\/\/myspainfood.com\/fr\/producto\/salade-de-poivrons-et-de-thon\/","title":{"rendered":"Salade de poivrons et de thon"},"content":{"rendered":"<p>Le succ\u00e8s de la salade de poivrons au thon d&rsquo;<a href=\"https:\/\/www.alsurvegetales.com\/producto\/id\/26\/ensalada-de-pimiento-asado-con-atun\" target=\"_blank\" rel=\"noopener noreferrer nofollow\">Alsur<\/a> r\u00e9side dans sa couleur variable allant du rouge p\u00e2le au rouge fonc\u00e9, sa saveur et sa texture onctueuse.<\/p>\n<p>Ces poivrons grill\u00e9s, associ\u00e9s \u00e0 l&rsquo;oignon, constituent un plat d\u00e9licieux et tr\u00e8s facile \u00e0 pr\u00e9parer.<\/p>\n<p>Le bocal en verre p\u00e8se 340 grammes.<\/p>\n<p>Conserver dans un endroit frais et sec. Une fois ouvert, r\u00e9frig\u00e9rez et consommez dans les 7 jours. <\/p>\n<p>Ingr\u00e9dients : Poivrons piquillos, oignon, eau, sucre, thon (5%), vinaigre, sel et acide citrique.<\/p>\n<p>Alsur est une entreprise familiale o\u00f9 l&rsquo;essence de la nourriture est le principal protagoniste.<\/p>\n<h4>Principaux avantages des aliments en conserve<\/h4>\n<ol>\n<li>Ils pr\u00e9servent toutes les propri\u00e9t\u00e9s nutritionnelles de l&rsquo;aliment lui-m\u00eame. Les aliments conservent leur fra\u00eecheur. <\/li>\n<li>Les aliments utilis\u00e9s sont sains et conviennent donc \u00e0 un r\u00e9gime optimal en raison de leur teneur \u00e9lev\u00e9e en vitamines et en prot\u00e9ines.<\/li>\n<li>Ces produits ont une dur\u00e9e de vie plus longue (2 \u00e0 5 ans en g\u00e9n\u00e9ral).<\/li>\n<li>Les conserves sont tr\u00e8s faciles \u00e0 conserver car leur emballage est facile \u00e0 appliquer.<\/li>\n<\/ol>\n<p>Si vous souhaitez acheter de la salade de poivrons au thon ou tout autre type d&rsquo;<a href=\"https:\/\/latiendadesami.com\/categoria-producto\/conservas\/\" rel=\"noopener noreferrer nofollow\" target=\"_blank\">aliment en conserve<\/a>, n&rsquo;h\u00e9sitez pas \u00e0 consulter notre catalogue en ligne pour voir la grande vari\u00e9t\u00e9 de <a href=\"https:\/\/latiendadesami.com\/categoria-producto\/conservas\/atun-y-bonito\/\" target=\"_blank\" rel=\"noopener noreferrer nofollow\">thon<\/a> que nous avons.<\/p>\n<p>\u00c9crivez-nous pour plus d&rsquo;informations.<\/p>\n","protected":false},"excerpt":{"rendered":"<p>Le succ\u00e8s de la salade de poivrons au thon d&rsquo;Alsur r\u00e9side dans sa couleur variable allant du rouge p\u00e2le au rouge fonc\u00e9, sa saveur et sa texture onctueuse. Ces poivrons grill\u00e9s, associ\u00e9s \u00e0 l&rsquo;oignon, constituent un plat d\u00e9licieux et tr\u00e8s facile \u00e0 pr\u00e9parer. Le bocal en verre p\u00e8se 340 grammes. Conserver dans un endroit frais [&hellip;]<\/p>\n","protected":false},"featured_media":9872,"template":"","meta":{"_et_pb_use_builder":"","_et_pb_old_content":"","_et_gb_content_width":""},"product_brand":[1196],"product_cat":[1941,2367,4266],"product_tag":[],"class_list":{"0":"post-27337","1":"product","2":"type-product","3":"status-publish","4":"has-post-thumbnail","6":"product_brand-alsur","7":"product_cat-conserves","8":"product_cat-poivrons","9":"product_cat-thon-et-bonite","11":"first","12":"instock","13":"taxable","14":"shipping-taxable","15":"purchasable","16":"product-type-variable"},"_links":{"self":[{"href":"https:\/\/myspainfood.com\/fr\/wp-json\/wp\/v2\/product\/27337","targetHints":{"allow":["GET"]}}],"collection":[{"href":"https:\/\/myspainfood.com\/fr\/wp-json\/wp\/v2\/product"}],"about":[{"href":"https:\/\/myspainfood.com\/fr\/wp-json\/wp\/v2\/types\/product"}],"wp:featuredmedia":[{"embeddable":true,"href":"https:\/\/myspainfood.com\/fr\/wp-json\/wp\/v2\/media\/9872"}],"wp:attachment":[{"href":"https:\/\/myspainfood.com\/fr\/wp-json\/wp\/v2\/media?parent=27337"}],"wp:term":[{"taxonomy":"product_brand","embeddable":true,"href":"https:\/\/myspainfood.com\/fr\/wp-json\/wp\/v2\/product_brand?post=27337"},{"taxonomy":"product_cat","embeddable":true,"href":"https:\/\/myspainfood.com\/fr\/wp-json\/wp\/v2\/product_cat?post=27337"},{"taxonomy":"product_tag","embeddable":true,"href":"https:\/\/myspainfood.com\/fr\/wp-json\/wp\/v2\/product_tag?post=27337"}],"curies":[{"name":"wp","href":"https:\/\/api.w.org\/{rel}","templated":true}]}}