{"id":27620,"date":"2025-04-10T12:07:50","date_gmt":"2025-04-10T10:07:50","guid":{"rendered":"https:\/\/myspainfood.com\/producto\/olives-almagro-variant-760-g\/"},"modified":"2025-04-10T12:07:50","modified_gmt":"2025-04-10T10:07:50","slug":"olives-almagro-variant-760-g","status":"publish","type":"product","link":"https:\/\/myspainfood.com\/fr\/producto\/olives-almagro-variant-760-g\/","title":{"rendered":"Olives Almagro Variant 760 g"},"content":{"rendered":"<p>Olive Vari\u00e9t\u00e9 Almagro 760 gr - La Tienda de Sami<\/p>\n<p>Olive saveur aubergineOlive saveur aubergineUne olive \u00e0 la saveur douce. Une entr\u00e9e audacieuse, toujours app\u00e9tissante et un compl\u00e9ment id\u00e9al aux plats \u00e0 la cuill\u00e8re. A d\u00e9guster avec un verre de vin.  <\/p>\n","protected":false},"excerpt":{"rendered":"<p>Olive Vari\u00e9t\u00e9 Almagro 760 gr - La Tienda de Sami Olive saveur aubergineOlive saveur aubergineUne olive \u00e0 la saveur douce. Une entr\u00e9e audacieuse, toujours app\u00e9tissante et un compl\u00e9ment id\u00e9al aux plats \u00e0 la cuill\u00e8re. A d\u00e9guster avec un verre de vin.<\/p>\n","protected":false},"featured_media":10277,"template":"","meta":{"_et_pb_use_builder":"","_et_pb_old_content":"","_et_gb_content_width":""},"product_brand":[1057],"product_cat":[1570,1571],"product_tag":[3962],"class_list":{"0":"post-27620","1":"product","2":"type-product","3":"status-publish","4":"has-post-thumbnail","6":"product_brand-la-encajera","7":"product_cat-cornichons","8":"product_cat-olives-fr","9":"product_tag-almagro-fr","11":"first","12":"outofstock","13":"taxable","14":"shipping-taxable","15":"product-type-variable"},"_links":{"self":[{"href":"https:\/\/myspainfood.com\/fr\/wp-json\/wp\/v2\/product\/27620","targetHints":{"allow":["GET"]}}],"collection":[{"href":"https:\/\/myspainfood.com\/fr\/wp-json\/wp\/v2\/product"}],"about":[{"href":"https:\/\/myspainfood.com\/fr\/wp-json\/wp\/v2\/types\/product"}],"wp:featuredmedia":[{"embeddable":true,"href":"https:\/\/myspainfood.com\/fr\/wp-json\/wp\/v2\/media\/10277"}],"wp:attachment":[{"href":"https:\/\/myspainfood.com\/fr\/wp-json\/wp\/v2\/media?parent=27620"}],"wp:term":[{"taxonomy":"product_brand","embeddable":true,"href":"https:\/\/myspainfood.com\/fr\/wp-json\/wp\/v2\/product_brand?post=27620"},{"taxonomy":"product_cat","embeddable":true,"href":"https:\/\/myspainfood.com\/fr\/wp-json\/wp\/v2\/product_cat?post=27620"},{"taxonomy":"product_tag","embeddable":true,"href":"https:\/\/myspainfood.com\/fr\/wp-json\/wp\/v2\/product_tag?post=27620"}],"curies":[{"name":"wp","href":"https:\/\/api.w.org\/{rel}","templated":true}]}}