{"id":27811,"date":"2025-04-10T12:07:50","date_gmt":"2025-04-10T10:07:50","guid":{"rendered":"https:\/\/myspainfood.com\/producto\/poivre-de-piquillo-entier-extra\/"},"modified":"2025-04-10T12:07:50","modified_gmt":"2025-04-10T10:07:50","slug":"poivre-de-piquillo-entier-extra","status":"publish","type":"product","link":"https:\/\/myspainfood.com\/fr\/producto\/poivre-de-piquillo-entier-extra\/","title":{"rendered":"Poivre de piquillo entier extra"},"content":{"rendered":"<p>Poivrons Piquillos entiers extra est un <a href=\"https:\/\/twitter.com\/mca_spain\" target=\"_blank\" rel=\"noopener noreferrer nofollow\">produit de MCA Espagne.<\/a><\/p>\n<p>Ingr\u00e9dients : Piments de Piquillo et acidifiant : acide citrique.<\/p>\n<p>Apr\u00e8s ouverture, conservez au r\u00e9frig\u00e9rateur et consommez de pr\u00e9f\u00e9rence dans les 5 jours.<\/p>\n<p>La Viuda de Mateo est l&rsquo;une des marques commerciales sous lesquelles le groupe MCA Espagne se pr\u00e9sente sur le march\u00e9.<\/p>\n<p>L&rsquo;origine de MCA Espagne r\u00e9side dans l&rsquo;exp\u00e9rience de Carlos Ripa, son actuel directeur g\u00e9n\u00e9ral, qui a travaill\u00e9 pendant dix ans dans une entreprise familiale li\u00e9e au secteur de l&rsquo;alimentation de d\u00e9tail.<\/p>\n<p>Cependant, c&rsquo;est au milieu des ann\u00e9es 1980 que Ripa a lanc\u00e9 son propre projet personnel dans sa ville natale (Mendavia, Navarre) : une entreprise de conserves, MCA Spain.<\/p>\n<p>Cette entreprise, sp\u00e9cialis\u00e9e dans les conserves de l\u00e9gumes et de poissons, s&rsquo;est positionn\u00e9e dans la premi\u00e8re division du secteur agroalimentaire espagnol.<\/p>\n<p>Un d\u00e9veloppement spectaculaire qui n&rsquo;aurait pas \u00e9t\u00e9 possible sans une \u00e9quipe de premier ordre et une vocation pour le service \u00e0 la client\u00e8le.<\/p>\n<p>Si vous souhaitez acheter des Poivrons Piquillos Extra Entiers ou tout autre type de <a href=\"https:\/\/latiendadesami.com\/categoria-producto\/conservas\/\" rel=\"noopener noreferrer nofollow\" target=\"_blank\">conserves<\/a>, n&rsquo;h\u00e9sitez pas \u00e0 consulter notre catalogue en ligne.<\/p>\n<p>Nous offrons la meilleure qualit\u00e9 au meilleur prix.<\/p>\n<p>Ecrivez-nous pour plus d&rsquo;informations ou si vous avez des questions sur ce produit ou tout autre produit de notre catalogue.<\/p>\n","protected":false},"excerpt":{"rendered":"<p>Poivrons Piquillos entiers extra est un produit de MCA Espagne. Ingr\u00e9dients : Piments de Piquillo et acidifiant : acide citrique. Apr\u00e8s ouverture, conservez au r\u00e9frig\u00e9rateur et consommez de pr\u00e9f\u00e9rence dans les 5 jours. La Viuda de Mateo est l&rsquo;une des marques commerciales sous lesquelles le groupe MCA Espagne se pr\u00e9sente sur le march\u00e9. L&rsquo;origine de [&hellip;]<\/p>\n","protected":false},"featured_media":10205,"template":"","meta":{"_et_pb_use_builder":"","_et_pb_old_content":"","_et_gb_content_width":""},"product_brand":[1129],"product_cat":[1941,2367],"product_tag":[5942,2369],"class_list":{"0":"post-27811","1":"product","2":"type-product","3":"status-publish","4":"has-post-thumbnail","6":"product_brand-mateo","7":"product_cat-conserves","8":"product_cat-poivrons","9":"product_tag-espagne","10":"product_tag-poivre","12":"first","13":"outofstock","14":"taxable","15":"shipping-taxable","16":"product-type-variable"},"_links":{"self":[{"href":"https:\/\/myspainfood.com\/fr\/wp-json\/wp\/v2\/product\/27811","targetHints":{"allow":["GET"]}}],"collection":[{"href":"https:\/\/myspainfood.com\/fr\/wp-json\/wp\/v2\/product"}],"about":[{"href":"https:\/\/myspainfood.com\/fr\/wp-json\/wp\/v2\/types\/product"}],"wp:featuredmedia":[{"embeddable":true,"href":"https:\/\/myspainfood.com\/fr\/wp-json\/wp\/v2\/media\/10205"}],"wp:attachment":[{"href":"https:\/\/myspainfood.com\/fr\/wp-json\/wp\/v2\/media?parent=27811"}],"wp:term":[{"taxonomy":"product_brand","embeddable":true,"href":"https:\/\/myspainfood.com\/fr\/wp-json\/wp\/v2\/product_brand?post=27811"},{"taxonomy":"product_cat","embeddable":true,"href":"https:\/\/myspainfood.com\/fr\/wp-json\/wp\/v2\/product_cat?post=27811"},{"taxonomy":"product_tag","embeddable":true,"href":"https:\/\/myspainfood.com\/fr\/wp-json\/wp\/v2\/product_tag?post=27811"}],"curies":[{"name":"wp","href":"https:\/\/api.w.org\/{rel}","templated":true}]}}