{"id":27909,"date":"2025-04-10T12:07:50","date_gmt":"2025-04-10T10:07:50","guid":{"rendered":"https:\/\/myspainfood.com\/producto\/moules-marinieres-oti-40-50-pieces\/"},"modified":"2025-04-10T12:07:50","modified_gmt":"2025-04-10T10:07:50","slug":"moules-marinieres-oti-40-50-pieces","status":"publish","type":"product","link":"https:\/\/myspainfood.com\/fr\/producto\/moules-marinieres-oti-40-50-pieces\/","title":{"rendered":"Moules marini\u00e8res Oti 40\/50 pi\u00e8ces"},"content":{"rendered":"<p>Les sp\u00e9cimens les plus grands et de la meilleure qualit\u00e9 sont extraits au moment optimal des meilleures casseroles. D&rsquo;une excellente apparence, d&rsquo;une couleur uniforme, sans barbes et tr\u00e8s app\u00e9tissants, ils sont le r\u00e9sultat d&rsquo;une s\u00e9lection et d&rsquo;un traitement minutieux. Des ingr\u00e9dients de premi\u00e8re qualit\u00e9 sont utilis\u00e9s pour pr\u00e9parer une d\u00e9licieuse sauce au vinaigre, qui constitue une garniture id\u00e9ale pour ce mollusque.  <\/p>\n","protected":false},"excerpt":{"rendered":"<p>Les sp\u00e9cimens les plus grands et de la meilleure qualit\u00e9 sont extraits au moment optimal des meilleures casseroles. D&rsquo;une excellente apparence, d&rsquo;une couleur uniforme, sans barbes et tr\u00e8s app\u00e9tissants, ils sont le r\u00e9sultat d&rsquo;une s\u00e9lection et d&rsquo;un traitement minutieux. Des ingr\u00e9dients de premi\u00e8re qualit\u00e9 sont utilis\u00e9s pour pr\u00e9parer une d\u00e9licieuse sauce au vinaigre, qui constitue [&hellip;]<\/p>\n","protected":false},"featured_media":10178,"template":"","meta":{"_et_pb_use_builder":"","_et_pb_old_content":"","_et_gb_content_width":""},"product_brand":[1075],"product_cat":[1941,4068],"product_tag":[],"class_list":{"0":"post-27909","1":"product","2":"type-product","3":"status-publish","4":"has-post-thumbnail","6":"product_brand-oti","7":"product_cat-conserves","8":"product_cat-moules-fr","10":"first","11":"outofstock","12":"taxable","13":"shipping-taxable","14":"product-type-variable"},"_links":{"self":[{"href":"https:\/\/myspainfood.com\/fr\/wp-json\/wp\/v2\/product\/27909","targetHints":{"allow":["GET"]}}],"collection":[{"href":"https:\/\/myspainfood.com\/fr\/wp-json\/wp\/v2\/product"}],"about":[{"href":"https:\/\/myspainfood.com\/fr\/wp-json\/wp\/v2\/types\/product"}],"wp:featuredmedia":[{"embeddable":true,"href":"https:\/\/myspainfood.com\/fr\/wp-json\/wp\/v2\/media\/10178"}],"wp:attachment":[{"href":"https:\/\/myspainfood.com\/fr\/wp-json\/wp\/v2\/media?parent=27909"}],"wp:term":[{"taxonomy":"product_brand","embeddable":true,"href":"https:\/\/myspainfood.com\/fr\/wp-json\/wp\/v2\/product_brand?post=27909"},{"taxonomy":"product_cat","embeddable":true,"href":"https:\/\/myspainfood.com\/fr\/wp-json\/wp\/v2\/product_cat?post=27909"},{"taxonomy":"product_tag","embeddable":true,"href":"https:\/\/myspainfood.com\/fr\/wp-json\/wp\/v2\/product_tag?post=27909"}],"curies":[{"name":"wp","href":"https:\/\/api.w.org\/{rel}","templated":true}]}}