{"id":28504,"date":"2025-04-10T12:07:50","date_gmt":"2025-04-10T10:07:50","guid":{"rendered":"https:\/\/myspainfood.com\/producto\/peche-au-sirop-oti-530-gr-12-unites\/"},"modified":"2025-04-10T12:07:50","modified_gmt":"2025-04-10T10:07:50","slug":"peche-au-sirop-oti-530-gr-12-unites","status":"publish","type":"product","link":"https:\/\/myspainfood.com\/fr\/producto\/peche-au-sirop-oti-530-gr-12-unites\/","title":{"rendered":"P\u00eache au sirop Oti 530 gr 12 UNIT\u00c9S"},"content":{"rendered":"<p>Les fruits au sirop sont un type de confiture1 obtenu \u00e0 partir de morceaux de fruits (les morceaux peuvent \u00eatre des carr\u00e9s, des moiti\u00e9s, des quarts, des tranches, des juliennes), qui sont cuits dans un sirop ou un sirop jusqu&rsquo;\u00e0 ce qu&rsquo;il s&rsquo;\u00e9paississe. Dans ce processus, il y a un \u00e9change ou un d\u00e9placement d&rsquo;eau du milieu hypotonique (o\u00f9 il y a moins de solut\u00e9s) vers le milieu hypertonique (o\u00f9 il y a plus de solut\u00e9s) qui est remplac\u00e9 par des solut\u00e9s (solides solubles s.s.) pr\u00e9sents dans le milieu hypertonique, c&rsquo;est-\u00e0-dire que l&rsquo;eau contenue dans les feuilles des fruits et les sucres du sirop ou du sirop y p\u00e9n\u00e8trent. Ce proc\u00e9d\u00e9 est utilis\u00e9 pour la conservation des fruits destin\u00e9s \u00e0 \u00eatre consomm\u00e9s apr\u00e8s une longue p\u00e9riode.    <\/p>\n","protected":false},"excerpt":{"rendered":"<p>Les fruits au sirop sont un type de confiture1 obtenu \u00e0 partir de morceaux de fruits (les morceaux peuvent \u00eatre des carr\u00e9s, des moiti\u00e9s, des quarts, des tranches, des juliennes), qui sont cuits dans un sirop ou un sirop jusqu&rsquo;\u00e0 ce qu&rsquo;il s&rsquo;\u00e9paississe. Dans ce processus, il y a un \u00e9change ou un d\u00e9placement d&rsquo;eau [&hellip;]<\/p>\n","protected":false},"featured_media":8324,"template":"","meta":{"_et_pb_use_builder":"","_et_pb_old_content":"","_et_gb_content_width":""},"product_brand":[1075],"product_cat":[1941,5063],"product_tag":[3208],"class_list":{"0":"post-28504","1":"product","2":"type-product","3":"status-publish","4":"has-post-thumbnail","6":"product_brand-oti","7":"product_cat-conserves","8":"product_cat-peche","9":"product_tag-sirop-fr","11":"first","12":"outofstock","13":"sale","14":"taxable","15":"shipping-taxable","16":"purchasable","17":"product-type-simple"},"_links":{"self":[{"href":"https:\/\/myspainfood.com\/fr\/wp-json\/wp\/v2\/product\/28504","targetHints":{"allow":["GET"]}}],"collection":[{"href":"https:\/\/myspainfood.com\/fr\/wp-json\/wp\/v2\/product"}],"about":[{"href":"https:\/\/myspainfood.com\/fr\/wp-json\/wp\/v2\/types\/product"}],"wp:featuredmedia":[{"embeddable":true,"href":"https:\/\/myspainfood.com\/fr\/wp-json\/wp\/v2\/media\/8324"}],"wp:attachment":[{"href":"https:\/\/myspainfood.com\/fr\/wp-json\/wp\/v2\/media?parent=28504"}],"wp:term":[{"taxonomy":"product_brand","embeddable":true,"href":"https:\/\/myspainfood.com\/fr\/wp-json\/wp\/v2\/product_brand?post=28504"},{"taxonomy":"product_cat","embeddable":true,"href":"https:\/\/myspainfood.com\/fr\/wp-json\/wp\/v2\/product_cat?post=28504"},{"taxonomy":"product_tag","embeddable":true,"href":"https:\/\/myspainfood.com\/fr\/wp-json\/wp\/v2\/product_tag?post=28504"}],"curies":[{"name":"wp","href":"https:\/\/api.w.org\/{rel}","templated":true}]}}