{"id":28865,"date":"2025-04-10T12:07:50","date_gmt":"2025-04-10T10:07:50","guid":{"rendered":"https:\/\/myspainfood.com\/producto\/boudin-noir-carzorlas-gourmet-320-gr\/"},"modified":"2025-04-10T12:07:50","modified_gmt":"2025-04-10T10:07:50","slug":"boudin-noir-carzorlas-gourmet-320-gr","status":"publish","type":"product","link":"https:\/\/myspainfood.com\/fr\/producto\/boudin-noir-carzorlas-gourmet-320-gr\/","title":{"rendered":"Boudin noir Carzorla&rsquo;s Gourmet 320 gr"},"content":{"rendered":"<pre>Morcilla de caldera Gourmet de Carzorla<\/pre>\n<p>Ce n&rsquo;est rien d&rsquo;autre que la p\u00e2te de boudin noir non farcie cuite dans le chaudron. Vous pouvez l&rsquo;utiliser comme garniture pour des p\u00e2t\u00e9s, des boulettes, du pain grill\u00e9 ou comme plat dans lequel vous pouvez \u00ab\u00a0tremper\u00a0\u00bb le pain. <\/p>\n","protected":false},"excerpt":{"rendered":"<p>Morcilla de caldera Gourmet de Carzorla Ce n&rsquo;est rien d&rsquo;autre que la p\u00e2te de boudin noir non farcie cuite dans le chaudron. Vous pouvez l&rsquo;utiliser comme garniture pour des p\u00e2t\u00e9s, des boulettes, du pain grill\u00e9 ou comme plat dans lequel vous pouvez \u00ab\u00a0tremper\u00a0\u00bb le pain.<\/p>\n","protected":false},"featured_media":10259,"template":"","meta":{"_et_pb_use_builder":"","_et_pb_old_content":"","_et_gb_content_width":""},"product_brand":[1252],"product_cat":[1941,3728],"product_tag":[],"class_list":{"0":"post-28865","1":"product","2":"type-product","3":"status-publish","4":"has-post-thumbnail","6":"product_brand-gourmet-de-cazorla","7":"product_cat-conserves","8":"product_cat-legumes","10":"first","11":"instock","12":"taxable","13":"shipping-taxable","14":"purchasable","15":"product-type-variable"},"_links":{"self":[{"href":"https:\/\/myspainfood.com\/fr\/wp-json\/wp\/v2\/product\/28865","targetHints":{"allow":["GET"]}}],"collection":[{"href":"https:\/\/myspainfood.com\/fr\/wp-json\/wp\/v2\/product"}],"about":[{"href":"https:\/\/myspainfood.com\/fr\/wp-json\/wp\/v2\/types\/product"}],"wp:featuredmedia":[{"embeddable":true,"href":"https:\/\/myspainfood.com\/fr\/wp-json\/wp\/v2\/media\/10259"}],"wp:attachment":[{"href":"https:\/\/myspainfood.com\/fr\/wp-json\/wp\/v2\/media?parent=28865"}],"wp:term":[{"taxonomy":"product_brand","embeddable":true,"href":"https:\/\/myspainfood.com\/fr\/wp-json\/wp\/v2\/product_brand?post=28865"},{"taxonomy":"product_cat","embeddable":true,"href":"https:\/\/myspainfood.com\/fr\/wp-json\/wp\/v2\/product_cat?post=28865"},{"taxonomy":"product_tag","embeddable":true,"href":"https:\/\/myspainfood.com\/fr\/wp-json\/wp\/v2\/product_tag?post=28865"}],"curies":[{"name":"wp","href":"https:\/\/api.w.org\/{rel}","templated":true}]}}