{"id":29368,"date":"2025-04-10T12:08:13","date_gmt":"2025-04-10T10:08:13","guid":{"rendered":"https:\/\/myspainfood.com\/producto\/delices-aux-oeufs-avec-anchois-65-unites\/"},"modified":"2025-09-02T10:40:47","modified_gmt":"2025-09-02T08:40:47","slug":"delices-aux-oeufs-avec-anchois-65-unites","status":"publish","type":"product","link":"https:\/\/myspainfood.com\/fr\/producto\/delices-aux-oeufs-avec-anchois-65-unites\/","title":{"rendered":"D\u00e9lices aux \u0153ufs avec anchois 65 unit\u00e9s"},"content":{"rendered":"<p>Huile (85% tournesol, 15% huile d&rsquo;olive), olives farcies aux <strong>anchois<\/strong>, <strong>anchois<\/strong> au vinaigre, <strong>\u0153uf de<\/strong> caille, piparra et poivre rouge.<\/p>\n","protected":false},"excerpt":{"rendered":"<p>Huile (85% tournesol, 15% huile d&rsquo;olive), olives farcies aux anchois, anchois au vinaigre, \u0153uf de caille, piparra et poivre rouge.<\/p>\n","protected":false},"featured_media":10655,"template":"","meta":{"_et_pb_use_builder":"","_et_pb_old_content":"","_et_gb_content_width":""},"product_brand":[1277],"product_cat":[1895,1570,1864,1571,1866],"product_tag":[],"class_list":{"0":"post-29368","1":"product","2":"type-product","3":"status-publish","4":"has-post-thumbnail","6":"product_brand-bokeo","7":"product_cat-anchois-fr","8":"product_cat-cornichons","9":"product_cat-froid","10":"product_cat-olives-fr","11":"product_cat-pintxos-fr","12":"product_shipping_class-expedition-a-froid","14":"first","15":"outofstock","16":"taxable","17":"shipping-taxable","18":"purchasable","19":"product-type-simple"},"_links":{"self":[{"href":"https:\/\/myspainfood.com\/fr\/wp-json\/wp\/v2\/product\/29368","targetHints":{"allow":["GET"]}}],"collection":[{"href":"https:\/\/myspainfood.com\/fr\/wp-json\/wp\/v2\/product"}],"about":[{"href":"https:\/\/myspainfood.com\/fr\/wp-json\/wp\/v2\/types\/product"}],"wp:featuredmedia":[{"embeddable":true,"href":"https:\/\/myspainfood.com\/fr\/wp-json\/wp\/v2\/media\/10655"}],"wp:attachment":[{"href":"https:\/\/myspainfood.com\/fr\/wp-json\/wp\/v2\/media?parent=29368"}],"wp:term":[{"taxonomy":"product_brand","embeddable":true,"href":"https:\/\/myspainfood.com\/fr\/wp-json\/wp\/v2\/product_brand?post=29368"},{"taxonomy":"product_cat","embeddable":true,"href":"https:\/\/myspainfood.com\/fr\/wp-json\/wp\/v2\/product_cat?post=29368"},{"taxonomy":"product_tag","embeddable":true,"href":"https:\/\/myspainfood.com\/fr\/wp-json\/wp\/v2\/product_tag?post=29368"}],"curies":[{"name":"wp","href":"https:\/\/api.w.org\/{rel}","templated":true}]}}