{"id":29548,"date":"2025-04-10T12:08:22","date_gmt":"2025-04-10T10:08:22","guid":{"rendered":"https:\/\/myspainfood.com\/producto\/haddock-fine-crumble-5kg\/"},"modified":"2025-07-28T10:37:03","modified_gmt":"2025-07-28T08:37:03","slug":"haddock-fine-crumble-5kg","status":"publish","type":"product","link":"https:\/\/myspainfood.com\/fr\/producto\/haddock-fine-crumble-5kg\/","title":{"rendered":"Haddock Fine Crumble 5kg"},"content":{"rendered":"<p>Le Desmigado Fino Abadejo 5kg de <a href=\"https:\/\/labarajilla.es\/bacalao\/\" target=\"_blank\" rel=\"noopener noreferrer nofollow\">La Barajilla<\/a> est compos\u00e9 de morceaux de premi\u00e8re qualit\u00e9 sans peau ni os, id\u00e9al pour les omelettes, les croquettes et l&rsquo;ajoarriero.<\/p>\n<p>Ce produit n\u00e9cessite une temp\u00e9rature de stockage comprise entre 0\u00baC et 5\u00baC pour conserver ses propri\u00e9t\u00e9s intactes.<\/p>\n<p>D&rsquo;un point de vue nutritionnel, le cabillaud est un aliment riche en prot\u00e9ines de haute valeur biologique et digestible, avec une faible teneur en graisses et en calories.<\/p>\n<p>La teneur en eau est d&rsquo;environ 80 % (dans la morue fra\u00eeche).<\/p>\n<p>Cette morue est une bonne source de vitamines (principalement du groupe B) et de sels min\u00e9raux indispensables \u00e0 l&rsquo;organisme.<\/p>\n<p>La morue fra\u00eeche ou dessal\u00e9e peut \u00eatre consomm\u00e9e par les personnes souffrant d&rsquo;hypertension art\u00e9rielle, car elle est pauvre en sodium et riche en potassium.<\/p>\n<p>\u00ab\u00a0La morue est le nom commun de plusieurs esp\u00e8ces de poissons du genre Gadus, bien que certaines esp\u00e8ces du m\u00eame genre puissent porter d&rsquo;autres noms.<\/p>\n<p>L&rsquo;esp\u00e8ce la plus courante est le cabillaud de l&rsquo;Atlantique (Gadus morhua ou morue commune).<\/p>\n<p>Si vous voulez acheter Desmigado Fino Abadejo 5kg ou tout autre type de produit <a href=\"https:\/\/latiendadesami.com\/categoria-producto\/frio\/\" rel=\"noopener noreferrer nofollow\" target=\"_blank\">froid<\/a>, n&rsquo;h\u00e9sitez pas \u00e0 consulter tout notre catalogue en ligne pour voir la grande vari\u00e9t\u00e9 de morues que nous avons.<\/p>\n<p>\u00c9crivez-nous pour plus d&rsquo;informations.<\/p>\n","protected":false},"excerpt":{"rendered":"<p>Le Desmigado Fino Abadejo 5kg de La Barajilla est compos\u00e9 de morceaux de premi\u00e8re qualit\u00e9 sans peau ni os, id\u00e9al pour les omelettes, les croquettes et l&rsquo;ajoarriero. Ce produit n\u00e9cessite une temp\u00e9rature de stockage comprise entre 0\u00baC et 5\u00baC pour conserver ses propri\u00e9t\u00e9s intactes. D&rsquo;un point de vue nutritionnel, le cabillaud est un aliment riche [&hellip;]<\/p>\n","protected":false},"featured_media":11033,"template":"","meta":{"_et_pb_use_builder":"","_et_pb_old_content":"","_et_gb_content_width":""},"product_brand":[1290],"product_cat":[1864,3523],"product_tag":[],"class_list":{"0":"post-29548","1":"product","2":"type-product","3":"status-publish","4":"has-post-thumbnail","6":"product_brand-la-barajilla","7":"product_cat-froid","8":"product_cat-morue","9":"product_shipping_class-expedition-a-froid","11":"first","12":"outofstock","13":"taxable","14":"shipping-taxable","15":"purchasable","16":"product-type-simple"},"_links":{"self":[{"href":"https:\/\/myspainfood.com\/fr\/wp-json\/wp\/v2\/product\/29548","targetHints":{"allow":["GET"]}}],"collection":[{"href":"https:\/\/myspainfood.com\/fr\/wp-json\/wp\/v2\/product"}],"about":[{"href":"https:\/\/myspainfood.com\/fr\/wp-json\/wp\/v2\/types\/product"}],"wp:featuredmedia":[{"embeddable":true,"href":"https:\/\/myspainfood.com\/fr\/wp-json\/wp\/v2\/media\/11033"}],"wp:attachment":[{"href":"https:\/\/myspainfood.com\/fr\/wp-json\/wp\/v2\/media?parent=29548"}],"wp:term":[{"taxonomy":"product_brand","embeddable":true,"href":"https:\/\/myspainfood.com\/fr\/wp-json\/wp\/v2\/product_brand?post=29548"},{"taxonomy":"product_cat","embeddable":true,"href":"https:\/\/myspainfood.com\/fr\/wp-json\/wp\/v2\/product_cat?post=29548"},{"taxonomy":"product_tag","embeddable":true,"href":"https:\/\/myspainfood.com\/fr\/wp-json\/wp\/v2\/product_tag?post=29548"}],"curies":[{"name":"wp","href":"https:\/\/api.w.org\/{rel}","templated":true}]}}