{"id":29897,"date":"2025-04-10T12:08:04","date_gmt":"2025-04-10T10:08:04","guid":{"rendered":"https:\/\/myspainfood.com\/producto\/bloc-de-pate-de-foie-gras-90-canard-picarpicar-150-g\/"},"modified":"2025-07-28T10:34:38","modified_gmt":"2025-07-28T08:34:38","slug":"bloc-de-pate-de-foie-gras-90-canard-picarpicar-150-g","status":"publish","type":"product","link":"https:\/\/myspainfood.com\/fr\/producto\/bloc-de-pate-de-foie-gras-90-canard-picarpicar-150-g\/","title":{"rendered":"Bloc de p\u00e2t\u00e9 de Foie Gras 90% Canard Picar&amp;picar 150 g"},"content":{"rendered":"<p>PICAR&amp;PICAR vous propose le Bloc Foie Gras de premi\u00e8re qualit\u00e9, en paquets de 150 gr<\/p>\n<p> Le <strong>Foie gras de canard<\/strong> a une saveur plus intense, parfait pour accompagner nos repas \u00e0 tout moment ou pour \u00eatre utilis\u00e9 comme ingr\u00e9dient en cuisine.<\/p>\n","protected":false},"excerpt":{"rendered":"<p>PICAR&amp;PICAR vous propose le Bloc Foie Gras de premi\u00e8re qualit\u00e9, en paquets de 150 gr Le Foie gras de canard a une saveur plus intense, parfait pour accompagner nos repas \u00e0 tout moment ou pour \u00eatre utilis\u00e9 comme ingr\u00e9dient en cuisine.<\/p>\n","protected":false},"featured_media":10439,"template":"","meta":{"_et_pb_use_builder":"","_et_pb_old_content":"","_et_gb_content_width":""},"product_brand":[1127],"product_cat":[6601,1864],"product_tag":[],"class_list":{"0":"post-29897","1":"product","2":"type-product","3":"status-publish","4":"has-post-thumbnail","6":"product_brand-picarpicar","7":"product_cat-foie-fr","8":"product_cat-froid","9":"product_shipping_class-expedition-a-froid","11":"first","12":"outofstock","13":"sale","14":"featured","15":"taxable","16":"shipping-taxable","17":"purchasable","18":"product-type-simple"},"_links":{"self":[{"href":"https:\/\/myspainfood.com\/fr\/wp-json\/wp\/v2\/product\/29897","targetHints":{"allow":["GET"]}}],"collection":[{"href":"https:\/\/myspainfood.com\/fr\/wp-json\/wp\/v2\/product"}],"about":[{"href":"https:\/\/myspainfood.com\/fr\/wp-json\/wp\/v2\/types\/product"}],"wp:featuredmedia":[{"embeddable":true,"href":"https:\/\/myspainfood.com\/fr\/wp-json\/wp\/v2\/media\/10439"}],"wp:attachment":[{"href":"https:\/\/myspainfood.com\/fr\/wp-json\/wp\/v2\/media?parent=29897"}],"wp:term":[{"taxonomy":"product_brand","embeddable":true,"href":"https:\/\/myspainfood.com\/fr\/wp-json\/wp\/v2\/product_brand?post=29897"},{"taxonomy":"product_cat","embeddable":true,"href":"https:\/\/myspainfood.com\/fr\/wp-json\/wp\/v2\/product_cat?post=29897"},{"taxonomy":"product_tag","embeddable":true,"href":"https:\/\/myspainfood.com\/fr\/wp-json\/wp\/v2\/product_tag?post=29897"}],"curies":[{"name":"wp","href":"https:\/\/api.w.org\/{rel}","templated":true}]}}