{"id":29951,"date":"2025-04-10T12:08:05","date_gmt":"2025-04-10T10:08:05","guid":{"rendered":"https:\/\/myspainfood.com\/producto\/sushi-cecina-et-fromage-80-unites\/"},"modified":"2025-07-28T13:06:15","modified_gmt":"2025-07-28T11:06:15","slug":"sushi-cecina-et-fromage-80-unites","status":"publish","type":"product","link":"https:\/\/myspainfood.com\/fr\/producto\/sushi-cecina-et-fromage-80-unites\/","title":{"rendered":"Sushi Cecina et fromage 80 unit\u00e9s"},"content":{"rendered":"<p>Huile (85% tournesol, 15% olive), olive farcie aux<strong> anchois<\/strong>, <strong>\u0153uf de<\/strong> caille, fromage mixte et viande s\u00e9ch\u00e9e de b\u0153uf.<\/p>\n","protected":false},"excerpt":{"rendered":"<p>Huile (85% tournesol, 15% olive), olive farcie aux anchois, \u0153uf de caille, fromage mixte et viande s\u00e9ch\u00e9e de b\u0153uf.<\/p>\n","protected":false},"featured_media":10457,"template":"","meta":{"_et_pb_use_builder":"","_et_pb_old_content":"","_et_gb_content_width":""},"product_brand":[1277],"product_cat":[1570,1864,2295,1571,1866],"product_tag":[],"class_list":{"0":"post-29951","1":"product","2":"type-product","3":"status-publish","4":"has-post-thumbnail","6":"product_brand-bokeo","7":"product_cat-cornichons","8":"product_cat-froid","9":"product_cat-fromage-et-saucisse","10":"product_cat-olives-fr","11":"product_cat-pintxos-fr","12":"product_shipping_class-expedition-a-froid","14":"first","15":"outofstock","16":"taxable","17":"shipping-taxable","18":"purchasable","19":"product-type-simple"},"_links":{"self":[{"href":"https:\/\/myspainfood.com\/fr\/wp-json\/wp\/v2\/product\/29951","targetHints":{"allow":["GET"]}}],"collection":[{"href":"https:\/\/myspainfood.com\/fr\/wp-json\/wp\/v2\/product"}],"about":[{"href":"https:\/\/myspainfood.com\/fr\/wp-json\/wp\/v2\/types\/product"}],"wp:featuredmedia":[{"embeddable":true,"href":"https:\/\/myspainfood.com\/fr\/wp-json\/wp\/v2\/media\/10457"}],"wp:attachment":[{"href":"https:\/\/myspainfood.com\/fr\/wp-json\/wp\/v2\/media?parent=29951"}],"wp:term":[{"taxonomy":"product_brand","embeddable":true,"href":"https:\/\/myspainfood.com\/fr\/wp-json\/wp\/v2\/product_brand?post=29951"},{"taxonomy":"product_cat","embeddable":true,"href":"https:\/\/myspainfood.com\/fr\/wp-json\/wp\/v2\/product_cat?post=29951"},{"taxonomy":"product_tag","embeddable":true,"href":"https:\/\/myspainfood.com\/fr\/wp-json\/wp\/v2\/product_tag?post=29951"}],"curies":[{"name":"wp","href":"https:\/\/api.w.org\/{rel}","templated":true}]}}