{"id":30608,"date":"2025-04-10T12:08:03","date_gmt":"2025-04-10T10:08:03","guid":{"rendered":"https:\/\/myspainfood.com\/producto\/cecina-et-fromage-gildas-4-unites\/"},"modified":"2025-06-24T14:14:27","modified_gmt":"2025-06-24T12:14:27","slug":"cecina-et-fromage-gildas-4-unites","status":"publish","type":"product","link":"https:\/\/myspainfood.com\/fr\/producto\/cecina-et-fromage-gildas-4-unites\/","title":{"rendered":"Cecina et fromage Gildas 4 unit\u00e9s"},"content":{"rendered":"<p>Huile (85 % de tournesol, 15 % d&rsquo;olive), fromage semi-cuit et viande s\u00e9ch\u00e9e de b\u0153uf.<\/p>\n","protected":false},"excerpt":{"rendered":"<p>Huile (85 % de tournesol, 15 % d&rsquo;olive), fromage semi-cuit et viande s\u00e9ch\u00e9e de b\u0153uf.<\/p>\n","protected":false},"featured_media":10772,"template":"","meta":{"_et_pb_use_builder":"","_et_pb_old_content":"","_et_gb_content_width":""},"product_brand":[1277],"product_cat":[2071,1570,2754,1864,2295,1866,2296],"product_tag":[],"class_list":{"0":"post-30608","1":"product","2":"type-product","3":"status-publish","4":"has-post-thumbnail","6":"product_brand-bokeo","7":"product_cat-banderilles","8":"product_cat-cornichons","9":"product_cat-durcissement","10":"product_cat-froid","11":"product_cat-fromage-et-saucisse","12":"product_cat-pintxos-fr","13":"product_cat-saucisse","14":"product_shipping_class-expedition-a-froid","16":"first","17":"outofstock","18":"taxable","19":"shipping-taxable","20":"product-type-variable"},"_links":{"self":[{"href":"https:\/\/myspainfood.com\/fr\/wp-json\/wp\/v2\/product\/30608","targetHints":{"allow":["GET"]}}],"collection":[{"href":"https:\/\/myspainfood.com\/fr\/wp-json\/wp\/v2\/product"}],"about":[{"href":"https:\/\/myspainfood.com\/fr\/wp-json\/wp\/v2\/types\/product"}],"wp:featuredmedia":[{"embeddable":true,"href":"https:\/\/myspainfood.com\/fr\/wp-json\/wp\/v2\/media\/10772"}],"wp:attachment":[{"href":"https:\/\/myspainfood.com\/fr\/wp-json\/wp\/v2\/media?parent=30608"}],"wp:term":[{"taxonomy":"product_brand","embeddable":true,"href":"https:\/\/myspainfood.com\/fr\/wp-json\/wp\/v2\/product_brand?post=30608"},{"taxonomy":"product_cat","embeddable":true,"href":"https:\/\/myspainfood.com\/fr\/wp-json\/wp\/v2\/product_cat?post=30608"},{"taxonomy":"product_tag","embeddable":true,"href":"https:\/\/myspainfood.com\/fr\/wp-json\/wp\/v2\/product_tag?post=30608"}],"curies":[{"name":"wp","href":"https:\/\/api.w.org\/{rel}","templated":true}]}}