{"id":30845,"date":"2025-04-10T12:09:09","date_gmt":"2025-04-10T10:09:09","guid":{"rendered":"https:\/\/myspainfood.com\/producto\/fromage-de-chevre-et-de-vache-au-paprika-el-gran-cardenal\/"},"modified":"2025-06-24T14:15:59","modified_gmt":"2025-06-24T12:15:59","slug":"fromage-de-chevre-et-de-vache-au-paprika-el-gran-cardenal","status":"publish","type":"product","link":"https:\/\/myspainfood.com\/fr\/producto\/fromage-de-chevre-et-de-vache-au-paprika-el-gran-cardenal\/","title":{"rendered":"Fromage de ch\u00e8vre et de vache au paprika El Gran Cardenal"},"content":{"rendered":"<div class=\"et_pb_blurb_container\">\n<div class=\"et_pb_blurb_container\">\n<h4 class=\"et_pb_module_header\">Ch\u00e8vre au paprika<\/h4>\n<div class=\"et_pb_blurb_description\">Enrob\u00e9 de paprika naturel (obtenu par s\u00e9chage et broyage de poivrons rouges), il donne au fromage une belle couleur rouge\u00e2tre, ainsi qu&rsquo;un ar\u00f4me et une saveur tr\u00e8s particuliers.<\/p>\n<p>L&rsquo;association de l&rsquo;onctuosit\u00e9 du lait de ch\u00e8vre et de la saveur du paprika naturel est l&rsquo;une des meilleures combinaisons possibles en mati\u00e8re de fromages.<\/p><\/div>\n<\/div>\n<\/div>\n","protected":false},"excerpt":{"rendered":"<p>Ch\u00e8vre au paprika Enrob\u00e9 de paprika naturel (obtenu par s\u00e9chage et broyage de poivrons rouges), il donne au fromage une belle couleur rouge\u00e2tre, ainsi qu&rsquo;un ar\u00f4me et une saveur tr\u00e8s particuliers. L&rsquo;association de l&rsquo;onctuosit\u00e9 du lait de ch\u00e8vre et de la saveur du paprika naturel est l&rsquo;une des meilleures combinaisons possibles en mati\u00e8re de fromages.<\/p>\n","protected":false},"featured_media":11708,"template":"","meta":{"_et_pb_use_builder":"","_et_pb_old_content":"","_et_gb_content_width":""},"product_brand":[1319],"product_cat":[2754,1864,2295],"product_tag":[],"class_list":{"0":"post-30845","1":"product","2":"type-product","3":"status-publish","4":"has-post-thumbnail","6":"product_brand-el-gran-cardenal","7":"product_cat-durcissement","8":"product_cat-froid","9":"product_cat-fromage-et-saucisse","10":"product_shipping_class-expedition-a-froid","12":"first","13":"outofstock","14":"taxable","15":"shipping-taxable","16":"product-type-variable"},"_links":{"self":[{"href":"https:\/\/myspainfood.com\/fr\/wp-json\/wp\/v2\/product\/30845","targetHints":{"allow":["GET"]}}],"collection":[{"href":"https:\/\/myspainfood.com\/fr\/wp-json\/wp\/v2\/product"}],"about":[{"href":"https:\/\/myspainfood.com\/fr\/wp-json\/wp\/v2\/types\/product"}],"wp:featuredmedia":[{"embeddable":true,"href":"https:\/\/myspainfood.com\/fr\/wp-json\/wp\/v2\/media\/11708"}],"wp:attachment":[{"href":"https:\/\/myspainfood.com\/fr\/wp-json\/wp\/v2\/media?parent=30845"}],"wp:term":[{"taxonomy":"product_brand","embeddable":true,"href":"https:\/\/myspainfood.com\/fr\/wp-json\/wp\/v2\/product_brand?post=30845"},{"taxonomy":"product_cat","embeddable":true,"href":"https:\/\/myspainfood.com\/fr\/wp-json\/wp\/v2\/product_cat?post=30845"},{"taxonomy":"product_tag","embeddable":true,"href":"https:\/\/myspainfood.com\/fr\/wp-json\/wp\/v2\/product_tag?post=30845"}],"curies":[{"name":"wp","href":"https:\/\/api.w.org\/{rel}","templated":true}]}}