{"id":31684,"date":"2025-04-10T12:09:08","date_gmt":"2025-04-10T10:09:08","guid":{"rendered":"https:\/\/myspainfood.com\/producto\/fromage-de-brebis-au-romarin-el-gran-cardenal\/"},"modified":"2026-03-17T10:42:48","modified_gmt":"2026-03-17T09:42:48","slug":"fromage-de-brebis-au-romarin-el-gran-cardenal","status":"publish","type":"product","link":"https:\/\/myspainfood.com\/fr\/producto\/fromage-de-brebis-au-romarin-el-gran-cardenal\/","title":{"rendered":"Fromage de brebis au romarin El Gran Cardenal"},"content":{"rendered":"<div class=\"et_pb_blurb_container\">\n<div class=\"et_pb_blurb_container\">\n<h4 class=\"et_pb_module_header\">Mouton au romarin<\/h4>\n<div class=\"et_pb_blurb_description\">Le romarin est une plante aromatique typique de la r\u00e9gion m\u00e9diterran\u00e9enne. Son ar\u00f4me impr\u00e8gne notre fromage Castellano de Oveja pour lui donner une odeur et une saveur tr\u00e8s nuanc\u00e9es, tout en contribuant \u00e0 sa protection. <\/p>\n<p>Dans le langage des fleurs, le romarin est un symbole de bonne foi et d&rsquo;ouverture.<\/p><\/div>\n<\/div>\n<\/div>\n","protected":false},"excerpt":{"rendered":"<p>Mouton au romarin Le romarin est une plante aromatique typique de la r\u00e9gion m\u00e9diterran\u00e9enne. Son ar\u00f4me impr\u00e8gne notre fromage Castellano de Oveja pour lui donner une odeur et une saveur tr\u00e8s nuanc\u00e9es, tout en contribuant \u00e0 sa protection. Dans le langage des fleurs, le romarin est un symbole de bonne foi et d&rsquo;ouverture.<\/p>\n","protected":false},"featured_media":11681,"template":"","meta":{"_et_pb_use_builder":"","_et_pb_old_content":"","_et_gb_content_width":""},"product_brand":[1319],"product_cat":[2754,1864,2295],"product_tag":[],"class_list":{"0":"post-31684","1":"product","2":"type-product","3":"status-publish","4":"has-post-thumbnail","6":"product_brand-el-gran-cardenal","7":"product_cat-durcissement","8":"product_cat-froid","9":"product_cat-fromage-et-saucisse","10":"product_shipping_class-expedition-a-froid","12":"first","13":"outofstock","14":"taxable","15":"shipping-taxable","16":"purchasable","17":"product-type-variable"},"_links":{"self":[{"href":"https:\/\/myspainfood.com\/fr\/wp-json\/wp\/v2\/product\/31684","targetHints":{"allow":["GET"]}}],"collection":[{"href":"https:\/\/myspainfood.com\/fr\/wp-json\/wp\/v2\/product"}],"about":[{"href":"https:\/\/myspainfood.com\/fr\/wp-json\/wp\/v2\/types\/product"}],"wp:featuredmedia":[{"embeddable":true,"href":"https:\/\/myspainfood.com\/fr\/wp-json\/wp\/v2\/media\/11681"}],"wp:attachment":[{"href":"https:\/\/myspainfood.com\/fr\/wp-json\/wp\/v2\/media?parent=31684"}],"wp:term":[{"taxonomy":"product_brand","embeddable":true,"href":"https:\/\/myspainfood.com\/fr\/wp-json\/wp\/v2\/product_brand?post=31684"},{"taxonomy":"product_cat","embeddable":true,"href":"https:\/\/myspainfood.com\/fr\/wp-json\/wp\/v2\/product_cat?post=31684"},{"taxonomy":"product_tag","embeddable":true,"href":"https:\/\/myspainfood.com\/fr\/wp-json\/wp\/v2\/product_tag?post=31684"}],"curies":[{"name":"wp","href":"https:\/\/api.w.org\/{rel}","templated":true}]}}