{"id":31799,"date":"2025-04-10T12:09:10","date_gmt":"2025-04-10T10:09:10","guid":{"rendered":"https:\/\/myspainfood.com\/producto\/fromage-de-chevre-et-de-vache-a-lail-noir-el-gran-cardenal\/"},"modified":"2025-06-24T16:11:46","modified_gmt":"2025-06-24T14:11:46","slug":"fromage-de-chevre-et-de-vache-a-lail-noir-el-gran-cardenal","status":"publish","type":"product","link":"https:\/\/myspainfood.com\/fr\/producto\/fromage-de-chevre-et-de-vache-a-lail-noir-el-gran-cardenal\/","title":{"rendered":"Fromage de ch\u00e8vre et de vache \u00e0 l&rsquo;ail noir El Gran Cardenal"},"content":{"rendered":"<div class=\"et_pb_blurb_container\">\n<div class=\"et_pb_blurb_container\">\n<div class=\"et_pb_blurb_container\">\n<h4 class=\"et_pb_module_header\">Ch\u00e8vre \u00e0 l&rsquo;ail noir<\/h4>\n<div class=\"et_pb_blurb_description\">Fromage cr\u00e9meux \u00e0 base de lait de ch\u00e8vre et de lait de vache, contenant des portions d&rsquo;ail noir. Cela lui conf\u00e8re un go\u00fbt l\u00e9g\u00e8rement sucr\u00e9 et des propri\u00e9t\u00e9s antioxydantes. <\/p>\n<p>D&rsquo;autres propri\u00e9t\u00e9s lui sont \u00e9galement attribu\u00e9es, comme la r\u00e9duction du risque de cancer et l&rsquo;allongement de la dur\u00e9e de vie. Ce dont nous sommes s\u00fbrs, c&rsquo;est que le r\u00e9sultat du go\u00fbt du lait de ch\u00e8vre associ\u00e9 \u00e0 l&rsquo;ail noir sera une agr\u00e9able surprise. <\/p><\/div>\n<\/div>\n<\/div>\n<\/div>\n","protected":false},"excerpt":{"rendered":"<p>Ch\u00e8vre \u00e0 l&rsquo;ail noir Fromage cr\u00e9meux \u00e0 base de lait de ch\u00e8vre et de lait de vache, contenant des portions d&rsquo;ail noir. Cela lui conf\u00e8re un go\u00fbt l\u00e9g\u00e8rement sucr\u00e9 et des propri\u00e9t\u00e9s antioxydantes. D&rsquo;autres propri\u00e9t\u00e9s lui sont \u00e9galement attribu\u00e9es, comme la r\u00e9duction du risque de cancer et l&rsquo;allongement de la dur\u00e9e de vie. Ce dont [&hellip;]<\/p>\n","protected":false},"featured_media":11744,"template":"","meta":{"_et_pb_use_builder":"","_et_pb_old_content":"","_et_gb_content_width":""},"product_brand":[1319],"product_cat":[2754,1864,2295],"product_tag":[],"class_list":{"0":"post-31799","1":"product","2":"type-product","3":"status-publish","4":"has-post-thumbnail","6":"product_brand-el-gran-cardenal","7":"product_cat-durcissement","8":"product_cat-froid","9":"product_cat-fromage-et-saucisse","10":"product_shipping_class-expedition-a-froid","12":"first","13":"outofstock","14":"taxable","15":"shipping-taxable","16":"purchasable","17":"product-type-variable"},"_links":{"self":[{"href":"https:\/\/myspainfood.com\/fr\/wp-json\/wp\/v2\/product\/31799","targetHints":{"allow":["GET"]}}],"collection":[{"href":"https:\/\/myspainfood.com\/fr\/wp-json\/wp\/v2\/product"}],"about":[{"href":"https:\/\/myspainfood.com\/fr\/wp-json\/wp\/v2\/types\/product"}],"wp:featuredmedia":[{"embeddable":true,"href":"https:\/\/myspainfood.com\/fr\/wp-json\/wp\/v2\/media\/11744"}],"wp:attachment":[{"href":"https:\/\/myspainfood.com\/fr\/wp-json\/wp\/v2\/media?parent=31799"}],"wp:term":[{"taxonomy":"product_brand","embeddable":true,"href":"https:\/\/myspainfood.com\/fr\/wp-json\/wp\/v2\/product_brand?post=31799"},{"taxonomy":"product_cat","embeddable":true,"href":"https:\/\/myspainfood.com\/fr\/wp-json\/wp\/v2\/product_cat?post=31799"},{"taxonomy":"product_tag","embeddable":true,"href":"https:\/\/myspainfood.com\/fr\/wp-json\/wp\/v2\/product_tag?post=31799"}],"curies":[{"name":"wp","href":"https:\/\/api.w.org\/{rel}","templated":true}]}}