{"id":31828,"date":"2025-04-10T12:08:54","date_gmt":"2025-04-10T10:08:54","guid":{"rendered":"https:\/\/myspainfood.com\/producto\/sanmer-black-pearl-olive-140-160-entier-5kg\/"},"modified":"2025-07-31T16:44:40","modified_gmt":"2025-07-31T14:44:40","slug":"sanmer-black-pearl-olive-140-160-entier-5kg","status":"publish","type":"product","link":"https:\/\/myspainfood.com\/fr\/producto\/sanmer-black-pearl-olive-140-160-entier-5kg\/","title":{"rendered":"Sanmer Black Pearl Olive 140\/160 entier 5kg"},"content":{"rendered":"<p>Couleur noire intense avec une forte brillance, chair juteuse et texture agr\u00e9able. Elle accompagne parfaitement les salades fra\u00eeches et les pizzas, et est d\u00e9licieuse avec tous les plats doux. <\/p>\n","protected":false},"excerpt":{"rendered":"<p>Couleur noire intense avec une forte brillance, chair juteuse et texture agr\u00e9able. Elle accompagne parfaitement les salades fra\u00eeches et les pizzas, et est d\u00e9licieuse avec tous les plats doux.<\/p>\n","protected":false},"featured_media":11492,"template":"","meta":{"_et_pb_use_builder":"","_et_pb_old_content":"","_et_gb_content_width":""},"product_brand":[1069,1303],"product_cat":[1570,1571],"product_tag":[2044,7075],"class_list":{"0":"post-31828","1":"product","2":"type-product","3":"status-publish","4":"has-post-thumbnail","6":"product_brand-sangar","7":"product_brand-sanmer","8":"product_cat-cornichons","9":"product_cat-olives-fr","10":"product_tag-camomille","11":"product_tag-noir","13":"first","14":"outofstock","15":"taxable","16":"shipping-taxable","17":"purchasable","18":"product-type-simple"},"_links":{"self":[{"href":"https:\/\/myspainfood.com\/fr\/wp-json\/wp\/v2\/product\/31828","targetHints":{"allow":["GET"]}}],"collection":[{"href":"https:\/\/myspainfood.com\/fr\/wp-json\/wp\/v2\/product"}],"about":[{"href":"https:\/\/myspainfood.com\/fr\/wp-json\/wp\/v2\/types\/product"}],"wp:featuredmedia":[{"embeddable":true,"href":"https:\/\/myspainfood.com\/fr\/wp-json\/wp\/v2\/media\/11492"}],"wp:attachment":[{"href":"https:\/\/myspainfood.com\/fr\/wp-json\/wp\/v2\/media?parent=31828"}],"wp:term":[{"taxonomy":"product_brand","embeddable":true,"href":"https:\/\/myspainfood.com\/fr\/wp-json\/wp\/v2\/product_brand?post=31828"},{"taxonomy":"product_cat","embeddable":true,"href":"https:\/\/myspainfood.com\/fr\/wp-json\/wp\/v2\/product_cat?post=31828"},{"taxonomy":"product_tag","embeddable":true,"href":"https:\/\/myspainfood.com\/fr\/wp-json\/wp\/v2\/product_tag?post=31828"}],"curies":[{"name":"wp","href":"https:\/\/api.w.org\/{rel}","templated":true}]}}