{"id":32098,"date":"2025-04-10T12:08:59","date_gmt":"2025-04-10T10:08:59","guid":{"rendered":"https:\/\/myspainfood.com\/producto\/m-jesus-de-la-hoz-monsalve-2024-verdejo\/"},"modified":"2025-04-10T12:08:59","modified_gmt":"2025-04-10T10:08:59","slug":"m-jesus-de-la-hoz-monsalve-2024-verdejo","status":"publish","type":"product","link":"https:\/\/myspainfood.com\/fr\/producto\/m-jesus-de-la-hoz-monsalve-2024-verdejo\/","title":{"rendered":"M Jesus de La Hoz Monsalve 2024 Verdejo"},"content":{"rendered":"<div class=\"cs-blog-content\">\n<p>Ce vin est nomm\u00e9 en l&rsquo;honneur d&rsquo;une tradition familiale ancr\u00e9e dans la vinification. L&rsquo;\u00e9quipement de vinification est dot\u00e9 de la technologie la plus r\u00e9cente pour garantir que le mo\u00fbt ne perde pas son caract\u00e8re vari\u00e9tal. La fermentation dans des cuves en acier inoxydable permet un contr\u00f4le absolu de la temp\u00e9rature, tout en respectant les contr\u00f4les de qualit\u00e9 rigoureux de chaque processus. <\/p>\n<p><strong>Couleur :<\/strong> paille brillante.<\/p>\n<p><strong>Ar\u00f4me :<\/strong> expressif, vari\u00e9tal, fruits frais.<\/p>\n<p><strong>Bouche :<\/strong> savoureuse, fruit\u00e9e, fra\u00eeche, charnue.<\/p>\n<\/div>\n<h1><span class=\"vintage\"> <\/span><\/h1>\n","protected":false},"excerpt":{"rendered":"<p>Ce vin est nomm\u00e9 en l&rsquo;honneur d&rsquo;une tradition familiale ancr\u00e9e dans la vinification. L&rsquo;\u00e9quipement de vinification est dot\u00e9 de la technologie la plus r\u00e9cente pour garantir que le mo\u00fbt ne perde pas son caract\u00e8re vari\u00e9tal. La fermentation dans des cuves en acier inoxydable permet un contr\u00f4le absolu de la temp\u00e9rature, tout en respectant les contr\u00f4les [&hellip;]<\/p>\n","protected":false},"featured_media":11771,"template":"","meta":{"_et_pb_use_builder":"","_et_pb_old_content":"","_et_gb_content_width":""},"product_brand":[1140],"product_cat":[4900,5260],"product_tag":[7094,7095],"class_list":{"0":"post-32098","1":"product","2":"type-product","3":"status-publish","4":"has-post-thumbnail","6":"product_brand-ladera-de-los-obispos","7":"product_cat-boissons","8":"product_cat-le-vin-fr","9":"product_tag-gothique","10":"product_tag-roue","12":"first","13":"instock","14":"featured","15":"taxable","16":"shipping-taxable","17":"purchasable","18":"product-type-variable"},"_links":{"self":[{"href":"https:\/\/myspainfood.com\/fr\/wp-json\/wp\/v2\/product\/32098","targetHints":{"allow":["GET"]}}],"collection":[{"href":"https:\/\/myspainfood.com\/fr\/wp-json\/wp\/v2\/product"}],"about":[{"href":"https:\/\/myspainfood.com\/fr\/wp-json\/wp\/v2\/types\/product"}],"wp:featuredmedia":[{"embeddable":true,"href":"https:\/\/myspainfood.com\/fr\/wp-json\/wp\/v2\/media\/11771"}],"wp:attachment":[{"href":"https:\/\/myspainfood.com\/fr\/wp-json\/wp\/v2\/media?parent=32098"}],"wp:term":[{"taxonomy":"product_brand","embeddable":true,"href":"https:\/\/myspainfood.com\/fr\/wp-json\/wp\/v2\/product_brand?post=32098"},{"taxonomy":"product_cat","embeddable":true,"href":"https:\/\/myspainfood.com\/fr\/wp-json\/wp\/v2\/product_cat?post=32098"},{"taxonomy":"product_tag","embeddable":true,"href":"https:\/\/myspainfood.com\/fr\/wp-json\/wp\/v2\/product_tag?post=32098"}],"curies":[{"name":"wp","href":"https:\/\/api.w.org\/{rel}","templated":true}]}}