{"id":32331,"date":"2025-04-10T12:09:28","date_gmt":"2025-04-10T10:09:28","guid":{"rendered":"https:\/\/myspainfood.com\/producto\/fromage-iberique-affine-el-gran-cardenal\/"},"modified":"2025-07-28T13:10:33","modified_gmt":"2025-07-28T11:10:33","slug":"fromage-iberique-affine-el-gran-cardenal","status":"publish","type":"product","link":"https:\/\/myspainfood.com\/fr\/producto\/fromage-iberique-affine-el-gran-cardenal\/","title":{"rendered":"Fromage ib\u00e9rique affin\u00e9 El Gran Cardenal"},"content":{"rendered":"<div class=\"et_pb_blurb_container\">\n<div class=\"et_pb_blurb_container\">\n<div class=\"et_pb_column et_pb_column_4_4 et_pb_column_1 et_pb_css_mix_blend_mode_passthrough et-last-child\">\n<div class=\"et_pb_module et_pb_text et_pb_text_1 et_pb_text_align_justified et_pb_bg_layout_light\">\n<div class=\"et_pb_text_inner\">Fabriqu\u00e9s selon une recette familiale avec un m\u00e9lange exquis de nos laits, ce qui permet d&rsquo;obtenir une grande intensit\u00e9 et une grande persistance en bouche. Fromages avec diff\u00e9rentes p\u00e9riodes d&rsquo;affinage dans notre s\u00e9choir \u00e0 bois, semi-affin\u00e9s (de 2 \u00e0 4 mois d&rsquo;affinage) et affin\u00e9s (de 4 \u00e0 6 mois d&rsquo;affinage). <\/div>\n<\/div>\n<\/div>\n<\/div>\n<\/div>\n","protected":false},"excerpt":{"rendered":"<p>Fabriqu\u00e9s selon une recette familiale avec un m\u00e9lange exquis de nos laits, ce qui permet d&rsquo;obtenir une grande intensit\u00e9 et une grande persistance en bouche. Fromages avec diff\u00e9rentes p\u00e9riodes d&rsquo;affinage dans notre s\u00e9choir \u00e0 bois, semi-affin\u00e9s (de 2 \u00e0 4 mois d&rsquo;affinage) et affin\u00e9s (de 4 \u00e0 6 mois d&rsquo;affinage).<\/p>\n","protected":false},"featured_media":12041,"template":"","meta":{"_et_pb_use_builder":"","_et_pb_old_content":"","_et_gb_content_width":""},"product_brand":[1319],"product_cat":[2754,1864,2295],"product_tag":[],"class_list":{"0":"post-32331","1":"product","2":"type-product","3":"status-publish","4":"has-post-thumbnail","6":"product_brand-el-gran-cardenal","7":"product_cat-durcissement","8":"product_cat-froid","9":"product_cat-fromage-et-saucisse","10":"product_shipping_class-expedition-a-froid","12":"first","13":"outofstock","14":"taxable","15":"shipping-taxable","16":"product-type-variable"},"_links":{"self":[{"href":"https:\/\/myspainfood.com\/fr\/wp-json\/wp\/v2\/product\/32331","targetHints":{"allow":["GET"]}}],"collection":[{"href":"https:\/\/myspainfood.com\/fr\/wp-json\/wp\/v2\/product"}],"about":[{"href":"https:\/\/myspainfood.com\/fr\/wp-json\/wp\/v2\/types\/product"}],"wp:featuredmedia":[{"embeddable":true,"href":"https:\/\/myspainfood.com\/fr\/wp-json\/wp\/v2\/media\/12041"}],"wp:attachment":[{"href":"https:\/\/myspainfood.com\/fr\/wp-json\/wp\/v2\/media?parent=32331"}],"wp:term":[{"taxonomy":"product_brand","embeddable":true,"href":"https:\/\/myspainfood.com\/fr\/wp-json\/wp\/v2\/product_brand?post=32331"},{"taxonomy":"product_cat","embeddable":true,"href":"https:\/\/myspainfood.com\/fr\/wp-json\/wp\/v2\/product_cat?post=32331"},{"taxonomy":"product_tag","embeddable":true,"href":"https:\/\/myspainfood.com\/fr\/wp-json\/wp\/v2\/product_tag?post=32331"}],"curies":[{"name":"wp","href":"https:\/\/api.w.org\/{rel}","templated":true}]}}