{"id":32630,"date":"2025-04-10T12:09:05","date_gmt":"2025-04-10T10:09:05","guid":{"rendered":"https:\/\/myspainfood.com\/producto\/huile-dolive-extra-vierge-valdezarza-5-litres-2\/"},"modified":"2026-01-29T12:24:14","modified_gmt":"2026-01-29T11:24:14","slug":"huile-dolive-extra-vierge-valdezarza-5-litres-2","status":"publish","type":"product","link":"https:\/\/myspainfood.com\/fr\/producto\/huile-dolive-extra-vierge-valdezarza-5-litres-2\/","title":{"rendered":"Huile d&rsquo;olive extra vierge VALDEZARZA 5 litres"},"content":{"rendered":"<p>L&rsquo;huile d&rsquo;olive extra vierge Valdezarza 5l est une huile d&rsquo;olive extra vierge de cat\u00e9gorie sup\u00e9rieure, obtenue directement des olives et uniquement par des proc\u00e9d\u00e9s m\u00e9caniques.<\/p>\n<p>Valdezarza est situ\u00e9 au c\u0153ur des Montes de Toledo (Espagne) et poss\u00e8de un \u00e9cosyst\u00e8me int\u00e9gr\u00e9 d&rsquo;oliveraies et de nature.<\/p>\n<p>Le meilleur jus d&rsquo;olive est produit \u00e0 partir d&rsquo;olives : L&rsquo;huile d&rsquo;olive extra vierge <a href=\"https:\/\/aceitesvaldezarza.com\/quienes-somos\/\" target=\"_blank\" rel=\"noopener noreferrer nofollow\">VALDEZARZA<\/a>.<\/p>\n<p>Le domaine Valdezarza est situ\u00e9 dans la commune de San Mart\u00edn de Montalb\u00e1n, int\u00e9gr\u00e9e g\u00e9ographiquement dans les Montes de Toledo.<\/p>\n<p>D&rsquo;une superficie de 700 hectares, la plupart de ces terres sont consid\u00e9r\u00e9es comme une for\u00eat m\u00e9diterran\u00e9enne prot\u00e9g\u00e9e et un \u00e9cosyst\u00e8me contr\u00f4l\u00e9.<\/p>\n<p>Ce site fait partie du projet de r\u00e9introduction du lynx ib\u00e9rique et vous pourrez admirer des images spectaculaires de plusieurs lynx se reposant sous les oliviers.<\/p>\n<p>Leur usine de conditionnement leur permet de mieux contr\u00f4ler l&rsquo;ensemble du circuit, de l&rsquo;olivier \u00e0 l&#8217;emballage.<\/p>\n<p>En outre, cette entreprise m\u00e8ne de v\u00e9ritables projets de recherche, de d\u00e9veloppement et de mise en \u0153uvre, tels que le projet Messor.<\/p>\n<p>Si vous souhaitez acheter de l&rsquo;<a href=\"https:\/\/latiendadesami.com\/categoria-producto\/aceite\/\" rel=\"noopener noreferrer nofollow\" target=\"_blank\">huile<\/a>, n&rsquo;h\u00e9sitez pas \u00e0 consulter notre catalogue en ligne pour voir la grande vari\u00e9t\u00e9 de produits que nous avons, comme l&rsquo;huile d&rsquo;olive extra vierge Valdezarza 5l.<\/p>\n<p>\u00c9crivez-nous pour obtenir plus d&rsquo;informations sur l&rsquo;un de nos produits alimentaires.<\/p>\n","protected":false},"excerpt":{"rendered":"<p>L&rsquo;huile d&rsquo;olive extra vierge Valdezarza 5l est une huile d&rsquo;olive extra vierge de cat\u00e9gorie sup\u00e9rieure, obtenue directement des olives et uniquement par des proc\u00e9d\u00e9s m\u00e9caniques. Valdezarza est situ\u00e9 au c\u0153ur des Montes de Toledo (Espagne) et poss\u00e8de un \u00e9cosyst\u00e8me int\u00e9gr\u00e9 d&rsquo;oliveraies et de nature. Le meilleur jus d&rsquo;olive est produit \u00e0 partir d&rsquo;olives : L&rsquo;huile [&hellip;]<\/p>\n","protected":false},"featured_media":11618,"template":"","meta":{"_et_pb_use_builder":"","_et_pb_old_content":"","_et_gb_content_width":""},"product_brand":[1221],"product_cat":[2591,2592],"product_tag":[2593],"class_list":{"0":"post-32630","1":"product","2":"type-product","3":"status-publish","4":"has-post-thumbnail","6":"product_brand-valdezarza","7":"product_cat-huile","8":"product_cat-olive-extra-vierge","9":"product_tag-huile","11":"first","12":"outofstock","13":"featured","14":"taxable","15":"shipping-taxable","16":"purchasable","17":"product-type-simple"},"_links":{"self":[{"href":"https:\/\/myspainfood.com\/fr\/wp-json\/wp\/v2\/product\/32630","targetHints":{"allow":["GET"]}}],"collection":[{"href":"https:\/\/myspainfood.com\/fr\/wp-json\/wp\/v2\/product"}],"about":[{"href":"https:\/\/myspainfood.com\/fr\/wp-json\/wp\/v2\/types\/product"}],"wp:featuredmedia":[{"embeddable":true,"href":"https:\/\/myspainfood.com\/fr\/wp-json\/wp\/v2\/media\/11618"}],"wp:attachment":[{"href":"https:\/\/myspainfood.com\/fr\/wp-json\/wp\/v2\/media?parent=32630"}],"wp:term":[{"taxonomy":"product_brand","embeddable":true,"href":"https:\/\/myspainfood.com\/fr\/wp-json\/wp\/v2\/product_brand?post=32630"},{"taxonomy":"product_cat","embeddable":true,"href":"https:\/\/myspainfood.com\/fr\/wp-json\/wp\/v2\/product_cat?post=32630"},{"taxonomy":"product_tag","embeddable":true,"href":"https:\/\/myspainfood.com\/fr\/wp-json\/wp\/v2\/product_tag?post=32630"}],"curies":[{"name":"wp","href":"https:\/\/api.w.org\/{rel}","templated":true}]}}