{"id":32747,"date":"2025-04-10T12:09:07","date_gmt":"2025-04-10T10:09:07","guid":{"rendered":"https:\/\/myspainfood.com\/producto\/fromage-de-brebis-el-gran-cardenal-a-lhuile-dolive\/"},"modified":"2025-09-02T10:42:43","modified_gmt":"2025-09-02T08:42:43","slug":"fromage-de-brebis-el-gran-cardenal-a-lhuile-dolive","status":"publish","type":"product","link":"https:\/\/myspainfood.com\/fr\/producto\/fromage-de-brebis-el-gran-cardenal-a-lhuile-dolive\/","title":{"rendered":"Fromage de brebis El Gran Cardenal \u00e0 l&rsquo;huile d&rsquo;olive"},"content":{"rendered":"<div class=\"et_pb_blurb_container\">\n<div class=\"et_pb_blurb_container\">\n<h4 class=\"et_pb_module_header\">Mouton \u00e0 l&rsquo;huile<\/h4>\n<div class=\"et_pb_blurb_description\">Notre fromage de brebis castillan, laur\u00e9at de 4 m\u00e9dailles d&rsquo;or internationales, accompagn\u00e9 d&rsquo;un des tr\u00e9sors du r\u00e9gime m\u00e9diterran\u00e9en, l&rsquo;huile d&rsquo;olive.<\/p>\n<p>Pour cela, nous utilisons notre propre huile, issue d&rsquo;oliviers centenaires cultiv\u00e9s sur les terres que San Isidro cultivait avec son \u00e9pouse&#8230;<\/p><\/div>\n<\/div>\n<\/div>\n","protected":false},"excerpt":{"rendered":"<p>Mouton \u00e0 l&rsquo;huile Notre fromage de brebis castillan, laur\u00e9at de 4 m\u00e9dailles d&rsquo;or internationales, accompagn\u00e9 d&rsquo;un des tr\u00e9sors du r\u00e9gime m\u00e9diterran\u00e9en, l&rsquo;huile d&rsquo;olive. Pour cela, nous utilisons notre propre huile, issue d&rsquo;oliviers centenaires cultiv\u00e9s sur les terres que San Isidro cultivait avec son \u00e9pouse&#8230;<\/p>\n","protected":false},"featured_media":11672,"template":"","meta":{"_et_pb_use_builder":"","_et_pb_old_content":"","_et_gb_content_width":""},"product_brand":[1319],"product_cat":[2754,1864,2295],"product_tag":[],"class_list":{"0":"post-32747","1":"product","2":"type-product","3":"status-publish","4":"has-post-thumbnail","6":"product_brand-el-gran-cardenal","7":"product_cat-durcissement","8":"product_cat-froid","9":"product_cat-fromage-et-saucisse","10":"product_shipping_class-expedition-a-froid","12":"first","13":"outofstock","14":"taxable","15":"shipping-taxable","16":"purchasable","17":"product-type-variable"},"_links":{"self":[{"href":"https:\/\/myspainfood.com\/fr\/wp-json\/wp\/v2\/product\/32747","targetHints":{"allow":["GET"]}}],"collection":[{"href":"https:\/\/myspainfood.com\/fr\/wp-json\/wp\/v2\/product"}],"about":[{"href":"https:\/\/myspainfood.com\/fr\/wp-json\/wp\/v2\/types\/product"}],"wp:featuredmedia":[{"embeddable":true,"href":"https:\/\/myspainfood.com\/fr\/wp-json\/wp\/v2\/media\/11672"}],"wp:attachment":[{"href":"https:\/\/myspainfood.com\/fr\/wp-json\/wp\/v2\/media?parent=32747"}],"wp:term":[{"taxonomy":"product_brand","embeddable":true,"href":"https:\/\/myspainfood.com\/fr\/wp-json\/wp\/v2\/product_brand?post=32747"},{"taxonomy":"product_cat","embeddable":true,"href":"https:\/\/myspainfood.com\/fr\/wp-json\/wp\/v2\/product_cat?post=32747"},{"taxonomy":"product_tag","embeddable":true,"href":"https:\/\/myspainfood.com\/fr\/wp-json\/wp\/v2\/product_tag?post=32747"}],"curies":[{"name":"wp","href":"https:\/\/api.w.org\/{rel}","templated":true}]}}