{"id":32851,"date":"2025-04-10T12:09:28","date_gmt":"2025-04-10T10:09:28","guid":{"rendered":"https:\/\/myspainfood.com\/producto\/fromage-de-brebis-espagnol-au-lait-cru-el-gran-cardenal\/"},"modified":"2025-07-28T13:12:27","modified_gmt":"2025-07-28T11:12:27","slug":"fromage-de-brebis-espagnol-au-lait-cru-el-gran-cardenal","status":"publish","type":"product","link":"https:\/\/myspainfood.com\/fr\/producto\/fromage-de-brebis-espagnol-au-lait-cru-el-gran-cardenal\/","title":{"rendered":"Fromage de brebis espagnol au lait cru El Gran Cardenal"},"content":{"rendered":"<div class=\"et_pb_blurb_container\">\n<div class=\"et_pb_blurb_container\">\n<div class=\"et_pb_blurb_container\">\n<p class=\"et_pb_module_header\">Lait de brebis cru<\/p>\n<div class=\"et_pb_blurb_description\">Fabriqu\u00e9 avec le lait le plus s\u00e9lectionn\u00e9, collect\u00e9 quotidiennement pour en garantir la fra\u00eecheur et la qualit\u00e9, ce qui lui conf\u00e8re une saveur et un ar\u00f4me plus prononc\u00e9s.<\/div>\n<\/div>\n<\/div>\n<\/div>\n","protected":false},"excerpt":{"rendered":"<p>Lait de brebis cru Fabriqu\u00e9 avec le lait le plus s\u00e9lectionn\u00e9, collect\u00e9 quotidiennement pour en garantir la fra\u00eecheur et la qualit\u00e9, ce qui lui conf\u00e8re une saveur et un ar\u00f4me plus prononc\u00e9s.<\/p>\n","protected":false},"featured_media":12005,"template":"","meta":{"_et_pb_use_builder":"","_et_pb_old_content":"","_et_gb_content_width":""},"product_brand":[1319],"product_cat":[2754,1864,2295],"product_tag":[],"class_list":{"0":"post-32851","1":"product","2":"type-product","3":"status-publish","4":"has-post-thumbnail","6":"product_brand-el-gran-cardenal","7":"product_cat-durcissement","8":"product_cat-froid","9":"product_cat-fromage-et-saucisse","10":"product_shipping_class-expedition-a-froid","12":"first","13":"outofstock","14":"taxable","15":"shipping-taxable","16":"purchasable","17":"product-type-variable"},"_links":{"self":[{"href":"https:\/\/myspainfood.com\/fr\/wp-json\/wp\/v2\/product\/32851","targetHints":{"allow":["GET"]}}],"collection":[{"href":"https:\/\/myspainfood.com\/fr\/wp-json\/wp\/v2\/product"}],"about":[{"href":"https:\/\/myspainfood.com\/fr\/wp-json\/wp\/v2\/types\/product"}],"wp:featuredmedia":[{"embeddable":true,"href":"https:\/\/myspainfood.com\/fr\/wp-json\/wp\/v2\/media\/12005"}],"wp:attachment":[{"href":"https:\/\/myspainfood.com\/fr\/wp-json\/wp\/v2\/media?parent=32851"}],"wp:term":[{"taxonomy":"product_brand","embeddable":true,"href":"https:\/\/myspainfood.com\/fr\/wp-json\/wp\/v2\/product_brand?post=32851"},{"taxonomy":"product_cat","embeddable":true,"href":"https:\/\/myspainfood.com\/fr\/wp-json\/wp\/v2\/product_cat?post=32851"},{"taxonomy":"product_tag","embeddable":true,"href":"https:\/\/myspainfood.com\/fr\/wp-json\/wp\/v2\/product_tag?post=32851"}],"curies":[{"name":"wp","href":"https:\/\/api.w.org\/{rel}","templated":true}]}}