{"id":32935,"date":"2025-04-10T12:09:07","date_gmt":"2025-04-10T10:09:07","guid":{"rendered":"https:\/\/myspainfood.com\/producto\/fromage-de-brebis-truffe-el-gran-cardenal\/"},"modified":"2025-07-28T10:32:53","modified_gmt":"2025-07-28T08:32:53","slug":"fromage-de-brebis-truffe-el-gran-cardenal","status":"publish","type":"product","link":"https:\/\/myspainfood.com\/fr\/producto\/fromage-de-brebis-truffe-el-gran-cardenal\/","title":{"rendered":"Fromage de brebis truff\u00e9 El Gran Cardenal"},"content":{"rendered":"<div class=\"et_pb_blurb_container\">\n<h4 class=\"et_pb_module_header\">Mouton truff\u00e9<\/h4>\n<div class=\"et_pb_blurb_description\">\n<p>Le plus exclusif de nos fromages. Laur\u00e9at de la m\u00e9daille Super Gold aux International World Cheese Awards 2016-17. <\/p>\n<p>Uniquement avec du lait de brebis provenant des meilleurs troupeaux, nous ajoutons la truffe d\u00e8s le d\u00e9but de l&rsquo;\u00e9laboration et ils coexistent ainsi tout au long de sa maturation, apportant un ar\u00f4me et une saveur incomparables, respectant l&rsquo;essence du fromage de brebis castillan.<\/p>\n<\/div>\n<\/div>\n","protected":false},"excerpt":{"rendered":"<p>Mouton truff\u00e9 Le plus exclusif de nos fromages. Laur\u00e9at de la m\u00e9daille Super Gold aux International World Cheese Awards 2016-17. Uniquement avec du lait de brebis provenant des meilleurs troupeaux, nous ajoutons la truffe d\u00e8s le d\u00e9but de l&rsquo;\u00e9laboration et ils coexistent ainsi tout au long de sa maturation, apportant un ar\u00f4me et une saveur [&hellip;]<\/p>\n","protected":false},"featured_media":11663,"template":"","meta":{"_et_pb_use_builder":"","_et_pb_old_content":"","_et_gb_content_width":""},"product_brand":[1319],"product_cat":[2754,1864,2295],"product_tag":[],"class_list":{"0":"post-32935","1":"product","2":"type-product","3":"status-publish","4":"has-post-thumbnail","6":"product_brand-el-gran-cardenal","7":"product_cat-durcissement","8":"product_cat-froid","9":"product_cat-fromage-et-saucisse","10":"product_shipping_class-expedition-a-froid","12":"first","13":"outofstock","14":"taxable","15":"shipping-taxable","16":"purchasable","17":"product-type-variable"},"_links":{"self":[{"href":"https:\/\/myspainfood.com\/fr\/wp-json\/wp\/v2\/product\/32935","targetHints":{"allow":["GET"]}}],"collection":[{"href":"https:\/\/myspainfood.com\/fr\/wp-json\/wp\/v2\/product"}],"about":[{"href":"https:\/\/myspainfood.com\/fr\/wp-json\/wp\/v2\/types\/product"}],"wp:featuredmedia":[{"embeddable":true,"href":"https:\/\/myspainfood.com\/fr\/wp-json\/wp\/v2\/media\/11663"}],"wp:attachment":[{"href":"https:\/\/myspainfood.com\/fr\/wp-json\/wp\/v2\/media?parent=32935"}],"wp:term":[{"taxonomy":"product_brand","embeddable":true,"href":"https:\/\/myspainfood.com\/fr\/wp-json\/wp\/v2\/product_brand?post=32935"},{"taxonomy":"product_cat","embeddable":true,"href":"https:\/\/myspainfood.com\/fr\/wp-json\/wp\/v2\/product_cat?post=32935"},{"taxonomy":"product_tag","embeddable":true,"href":"https:\/\/myspainfood.com\/fr\/wp-json\/wp\/v2\/product_tag?post=32935"}],"curies":[{"name":"wp","href":"https:\/\/api.w.org\/{rel}","templated":true}]}}