{"id":32986,"date":"2025-04-10T12:09:42","date_gmt":"2025-04-10T10:09:42","guid":{"rendered":"https:\/\/myspainfood.com\/producto\/fromage-el-gran-cardenal-old-blend\/"},"modified":"2025-07-28T13:13:00","modified_gmt":"2025-07-28T11:13:00","slug":"fromage-el-gran-cardenal-old-blend","status":"publish","type":"product","link":"https:\/\/myspainfood.com\/fr\/producto\/fromage-el-gran-cardenal-old-blend\/","title":{"rendered":"Fromage El Gran Cardenal Old Blend"},"content":{"rendered":"<div class=\"et_pb_column et_pb_column_4_4 et_pb_column_1 et_pb_css_mix_blend_mode_passthrough et-last-child\">\n<div class=\"et_pb_module et_pb_text et_pb_text_1 et_pb_text_align_justified et_pb_bg_layout_light\">\n<div class=\"et_pb_text_inner\">\n<p>Fabriqu\u00e9 selon une recette familiale avec notre m\u00e9lange de lait de brebis et de lait de vache, qui offre un grand \u00e9quilibre en bouche gr\u00e2ce \u00e0 sa douceur et \u00e0 son onctuosit\u00e9. Fromages avec diff\u00e9rentes p\u00e9riodes d&rsquo;affinage dans un s\u00e9choir \u00e0 bois : Tierno, Semicurado (de 2 \u00e0 4 mois d&rsquo;affinage), Curado (de 4 \u00e0 6 mois d&rsquo;affinage) et Viejo (de 6 \u00e0 8 mois d&rsquo;affinage). <\/p>\n<\/div>\n<\/div>\n<\/div>\n","protected":false},"excerpt":{"rendered":"<p>Fabriqu\u00e9 selon une recette familiale avec notre m\u00e9lange de lait de brebis et de lait de vache, qui offre un grand \u00e9quilibre en bouche gr\u00e2ce \u00e0 sa douceur et \u00e0 son onctuosit\u00e9. Fromages avec diff\u00e9rentes p\u00e9riodes d&rsquo;affinage dans un s\u00e9choir \u00e0 bois : Tierno, Semicurado (de 2 \u00e0 4 mois d&rsquo;affinage), Curado (de 4 \u00e0 [&hellip;]<\/p>\n","protected":false},"featured_media":12077,"template":"","meta":{"_et_pb_use_builder":"","_et_pb_old_content":"","_et_gb_content_width":""},"product_brand":[1319],"product_cat":[2754,1864,2295],"product_tag":[],"class_list":{"0":"post-32986","1":"product","2":"type-product","3":"status-publish","4":"has-post-thumbnail","6":"product_brand-el-gran-cardenal","7":"product_cat-durcissement","8":"product_cat-froid","9":"product_cat-fromage-et-saucisse","10":"product_shipping_class-expedition-a-froid","12":"first","13":"outofstock","14":"taxable","15":"shipping-taxable","16":"product-type-variable"},"_links":{"self":[{"href":"https:\/\/myspainfood.com\/fr\/wp-json\/wp\/v2\/product\/32986","targetHints":{"allow":["GET"]}}],"collection":[{"href":"https:\/\/myspainfood.com\/fr\/wp-json\/wp\/v2\/product"}],"about":[{"href":"https:\/\/myspainfood.com\/fr\/wp-json\/wp\/v2\/types\/product"}],"wp:featuredmedia":[{"embeddable":true,"href":"https:\/\/myspainfood.com\/fr\/wp-json\/wp\/v2\/media\/12077"}],"wp:attachment":[{"href":"https:\/\/myspainfood.com\/fr\/wp-json\/wp\/v2\/media?parent=32986"}],"wp:term":[{"taxonomy":"product_brand","embeddable":true,"href":"https:\/\/myspainfood.com\/fr\/wp-json\/wp\/v2\/product_brand?post=32986"},{"taxonomy":"product_cat","embeddable":true,"href":"https:\/\/myspainfood.com\/fr\/wp-json\/wp\/v2\/product_cat?post=32986"},{"taxonomy":"product_tag","embeddable":true,"href":"https:\/\/myspainfood.com\/fr\/wp-json\/wp\/v2\/product_tag?post=32986"}],"curies":[{"name":"wp","href":"https:\/\/api.w.org\/{rel}","templated":true}]}}