{"id":33474,"date":"2025-04-10T12:10:14","date_gmt":"2025-04-10T10:10:14","guid":{"rendered":"https:\/\/myspainfood.com\/producto\/coques-naturelles-45-65-areoso\/"},"modified":"2025-09-02T10:46:25","modified_gmt":"2025-09-02T08:46:25","slug":"coques-naturelles-45-65-areoso","status":"publish","type":"product","link":"https:\/\/myspainfood.com\/fr\/producto\/coques-naturelles-45-65-areoso\/","title":{"rendered":"Coques naturelles 45\/65 Areoso"},"content":{"rendered":"<p>Produit : Coques 45\/65 pi\u00e8ces.<\/p>\n<p>Ingr\u00e9dients : Coques, eau et sel<\/p>\n<p>PROC\u00c9DURE D&rsquo;\u00c9LABORATION : La pr\u00e9paration des coques est similaire \u00e0 celle des palourdes, bien qu&rsquo;il s&rsquo;agisse d&rsquo;un produit moins d\u00e9licat que les palourdes. Le processus est le suivant : elles sont cuites dans l&rsquo;eau, avec les caract\u00e9ristiques hygi\u00e9niques et sanitaires correctes. L&rsquo;ensemble du processus de d\u00e9corticage et de triage est automatis\u00e9. Elles sont ensuite lav\u00e9es \u00e0 nouveau dans de l&rsquo;eau chaude, puis emball\u00e9es. On ajoute ensuite le liquide de couverture, qui est dans ce cas de l&rsquo;eau naturelle. Le tout est ferm\u00e9 et st\u00e9rilis\u00e9 selon les param\u00e8tres caract\u00e9ristiques et appropri\u00e9s pour ce produit. Il est alors pr\u00eat pour le stockage et la vente.      <\/p>\n","protected":false},"excerpt":{"rendered":"<p>Produit : Coques 45\/65 pi\u00e8ces. Ingr\u00e9dients : Coques, eau et sel PROC\u00c9DURE D&rsquo;\u00c9LABORATION : La pr\u00e9paration des coques est similaire \u00e0 celle des palourdes, bien qu&rsquo;il s&rsquo;agisse d&rsquo;un produit moins d\u00e9licat que les palourdes. Le processus est le suivant : elles sont cuites dans l&rsquo;eau, avec les caract\u00e9ristiques hygi\u00e9niques et sanitaires correctes. L&rsquo;ensemble du processus [&hellip;]<\/p>\n","protected":false},"featured_media":12572,"template":"","meta":{"_et_pb_use_builder":"","_et_pb_old_content":"","_et_gb_content_width":""},"product_brand":[1358,1075],"product_cat":[1941,5677],"product_tag":[],"class_list":{"0":"post-33474","1":"product","2":"type-product","3":"status-publish","4":"has-post-thumbnail","6":"product_brand-areoso","7":"product_brand-oti","8":"product_cat-conserves","9":"product_cat-coques","11":"first","12":"outofstock","13":"sale","14":"taxable","15":"shipping-taxable","16":"purchasable","17":"product-type-simple"},"_links":{"self":[{"href":"https:\/\/myspainfood.com\/fr\/wp-json\/wp\/v2\/product\/33474","targetHints":{"allow":["GET"]}}],"collection":[{"href":"https:\/\/myspainfood.com\/fr\/wp-json\/wp\/v2\/product"}],"about":[{"href":"https:\/\/myspainfood.com\/fr\/wp-json\/wp\/v2\/types\/product"}],"wp:featuredmedia":[{"embeddable":true,"href":"https:\/\/myspainfood.com\/fr\/wp-json\/wp\/v2\/media\/12572"}],"wp:attachment":[{"href":"https:\/\/myspainfood.com\/fr\/wp-json\/wp\/v2\/media?parent=33474"}],"wp:term":[{"taxonomy":"product_brand","embeddable":true,"href":"https:\/\/myspainfood.com\/fr\/wp-json\/wp\/v2\/product_brand?post=33474"},{"taxonomy":"product_cat","embeddable":true,"href":"https:\/\/myspainfood.com\/fr\/wp-json\/wp\/v2\/product_cat?post=33474"},{"taxonomy":"product_tag","embeddable":true,"href":"https:\/\/myspainfood.com\/fr\/wp-json\/wp\/v2\/product_tag?post=33474"}],"curies":[{"name":"wp","href":"https:\/\/api.w.org\/{rel}","templated":true}]}}