{"id":33678,"date":"2025-04-10T12:09:55","date_gmt":"2025-04-10T10:09:55","guid":{"rendered":"https:\/\/myspainfood.com\/producto\/vermouth-los-cantabros-075l-avec-solera-de-igarmi-60-unites\/"},"modified":"2025-04-10T12:09:55","modified_gmt":"2025-04-10T10:09:55","slug":"vermouth-los-cantabros-075l-avec-solera-de-igarmi-60-unites","status":"publish","type":"product","link":"https:\/\/myspainfood.com\/fr\/producto\/vermouth-los-cantabros-075l-avec-solera-de-igarmi-60-unites\/","title":{"rendered":"Vermouth Los C\u00e1ntabros 0,75l avec solera de Igarmi 60 unit\u00e9s"},"content":{"rendered":"<p>Verm\u00fa los C\u00e1ntabros est un hommage \u00e0 tous ces hommes et femmes qui ont su pr\u00e9server et diffuser notre culture.<\/p>\n<p>Nos racines et nos traditions aussi, accompagn\u00e9es de foires, de festivals, de jeux et de gastronomie, de la mer aux montagnes de notre Cantabrie bien-aim\u00e9e.<\/p>\n<p>Ce produit est mis en bouteille par <a href=\"https:\/\/bodegasigarmi.es\/mayoristas-de-bebidas-en-cantabria\/\" target=\"_blank\" rel=\"noopener noreferrer nofollow\">Bodegas Igarmi <\/a>.  <\/p>\n<p>Bodegas Igarmi est le fruit d&rsquo;une tradition qui, depuis 1890, se caract\u00e9rise par sa qualit\u00e9 et son service \u00e0 la client\u00e8le.<\/p>\n<p>Une entreprise familiale dont la passion et le d\u00e9vouement pour le vin lui ont permis de mettre en bouteille et de commercialiser des vins d&rsquo;un rapport qualit\u00e9-prix imbattable, tr\u00e8s appr\u00e9ci\u00e9s sur le march\u00e9 et par les consommateurs.<\/p>\n<p>Bodegas Igarmi dispose de 3000 m\u00b2 d&rsquo;installations dans la ville de Heras, avec une capacit\u00e9 de stockage d&rsquo;environ un million de litres.<\/p>\n<p>Il s&rsquo;agit \u00e9galement de la plus grande cave de Cantabrie.<\/p>\n<p>Il s&rsquo;agit d&rsquo;une grande \u00e9quipe de plus de 30 personnes qui s&rsquo;engagent \u00e0 fournir au client le meilleur produit et le meilleur service pour lesquels nous nous distinguons.<\/p>\n<p>&nbsp;<\/p>\n","protected":false},"excerpt":{"rendered":"<p>Verm\u00fa los C\u00e1ntabros est un hommage \u00e0 tous ces hommes et femmes qui ont su pr\u00e9server et diffuser notre culture. Nos racines et nos traditions aussi, accompagn\u00e9es de foires, de festivals, de jeux et de gastronomie, de la mer aux montagnes de notre Cantabrie bien-aim\u00e9e. Ce produit est mis en bouteille par Bodegas Igarmi . [&hellip;]<\/p>\n","protected":false},"featured_media":9944,"template":"","meta":{"_et_pb_use_builder":"","_et_pb_old_content":"","_et_gb_content_width":""},"product_brand":[1244,1245],"product_cat":[7386,2985],"product_tag":[5768],"class_list":{"0":"post-33678","1":"product","2":"type-product","3":"status-publish","4":"has-post-thumbnail","6":"product_brand-igarmi","7":"product_brand-los-cantabros","8":"product_cat-boissons-fr","9":"product_cat-commerce-de-gros","10":"product_tag-igarmi-fr","12":"first","13":"instock","14":"taxable","15":"shipping-taxable","16":"purchasable","17":"product-type-simple"},"_links":{"self":[{"href":"https:\/\/myspainfood.com\/fr\/wp-json\/wp\/v2\/product\/33678","targetHints":{"allow":["GET"]}}],"collection":[{"href":"https:\/\/myspainfood.com\/fr\/wp-json\/wp\/v2\/product"}],"about":[{"href":"https:\/\/myspainfood.com\/fr\/wp-json\/wp\/v2\/types\/product"}],"wp:featuredmedia":[{"embeddable":true,"href":"https:\/\/myspainfood.com\/fr\/wp-json\/wp\/v2\/media\/9944"}],"wp:attachment":[{"href":"https:\/\/myspainfood.com\/fr\/wp-json\/wp\/v2\/media?parent=33678"}],"wp:term":[{"taxonomy":"product_brand","embeddable":true,"href":"https:\/\/myspainfood.com\/fr\/wp-json\/wp\/v2\/product_brand?post=33678"},{"taxonomy":"product_cat","embeddable":true,"href":"https:\/\/myspainfood.com\/fr\/wp-json\/wp\/v2\/product_cat?post=33678"},{"taxonomy":"product_tag","embeddable":true,"href":"https:\/\/myspainfood.com\/fr\/wp-json\/wp\/v2\/product_tag?post=33678"}],"curies":[{"name":"wp","href":"https:\/\/api.w.org\/{rel}","templated":true}]}}