{"id":33922,"date":"2025-04-10T12:10:12","date_gmt":"2025-04-10T10:10:12","guid":{"rendered":"https:\/\/myspainfood.com\/producto\/80-pieces-bonite-cotiere-fraiche-cusumano-18-kg\/"},"modified":"2026-01-13T13:49:03","modified_gmt":"2026-01-13T12:49:03","slug":"80-pieces-bonite-cotiere-fraiche-cusumano-18-kg","status":"publish","type":"product","link":"https:\/\/myspainfood.com\/fr\/producto\/80-pieces-bonite-cotiere-fraiche-cusumano-18-kg\/","title":{"rendered":"80 pi\u00e8ces Cusumano coastal fresh bonito 1&rsquo;8 kg"},"content":{"rendered":"<div id=\"product-description-short-5\" class=\"rte-content\">\n<p style=\"text-align: left;\">Le thon frais c\u00f4tier Cusumano est un thon blanc p\u00each\u00e9 un par un dans la mer Cantabrique et <a href=\"https:\/\/es.wikipedia.org\/wiki\/Thunnus\" target=\"_blank\" rel=\"noopener noreferrer nofollow\">transform\u00e9<\/a> FRAIS.<\/p>\n<p>Cet aliment a un go\u00fbt authentique et une texture exceptionnelle.<\/p>\n<p>Vous pouvez enfin avoir une confiture traditionnelle sur votre table.<\/p>\n<p>Fresque de Costera.<\/p>\n<p>Comme il s&rsquo;agit d&rsquo;une p\u00eache saisonni\u00e8re qui s&rsquo;\u00e9tend de juin \u00e0 octobre, Cusumano garantit que ce thon blanc n&rsquo;a subi aucun processus de cong\u00e9lation depuis sa capture jusqu&rsquo;\u00e0 sa production.<\/p>\n<p>Ce thon conserve intactes toutes ses qualit\u00e9s organoleptiques de couleur, de saveur et de texture.<\/p>\n<p>Conservas Cusumano dispose de nouvelles installations modernes de pr\u00e8s de 6 000 m\u00b2 situ\u00e9es \u00e0 Mundaka.<\/p>\n<p>Conservas Cusumano est une entreprise qui, depuis plus de 60 ans, entretient l&rsquo;amour de la tradition et du savoir-faire dans l&rsquo;un des m\u00e9tiers les plus anciens et les plus traditionnels du monde : la p\u00eache et la mise en conserve du thon blanc frais de la c\u00f4te.<\/p>\n<p>Dans l&rsquo;incomparable r\u00e9serve de biosph\u00e8re d&rsquo;Urdaibai, qui leur permet d&rsquo;avoir le poisson le plus frais gr\u00e2ce \u00e0 leur emplacement si proche de la mer qui impr\u00e8gne notre essence.<\/p>\n<p>Si vous souhaitez acheter du thon frais Cusumano Coastal ou tout autre type de <a href=\"https:\/\/latiendadesami.com\/categoria-producto\/conservas\/\" rel=\"noopener noreferrer nofollow\" target=\"_blank\">thon en conserve<\/a>, n&rsquo;h\u00e9sitez pas \u00e0 consulter l&rsquo;ensemble de notre catalogue en ligne pour voir la grande vari\u00e9t\u00e9 de <a href=\"https:\/\/latiendadesami.com\/categoria-producto\/conservas\/atun-y-bonito\/\" target=\"_blank\" rel=\"noopener noreferrer nofollow\">thon<\/a> que nous avons.<\/p>\n<p>\u00c9crivez-nous pour plus d&rsquo;informations.<\/p>\n<p>&nbsp;<\/p>\n<\/div>\n","protected":false},"excerpt":{"rendered":"<p>Le thon frais c\u00f4tier Cusumano est un thon blanc p\u00each\u00e9 un par un dans la mer Cantabrique et transform\u00e9 FRAIS. Cet aliment a un go\u00fbt authentique et une texture exceptionnelle. Vous pouvez enfin avoir une confiture traditionnelle sur votre table. Fresque de Costera. Comme il s&rsquo;agit d&rsquo;une p\u00eache saisonni\u00e8re qui s&rsquo;\u00e9tend de juin \u00e0 octobre, [&hellip;]<\/p>\n","protected":false},"featured_media":12617,"template":"","meta":{"_et_pb_use_builder":"","_et_pb_old_content":"","_et_gb_content_width":""},"product_brand":[1272],"product_cat":[1941,4266],"product_tag":[],"class_list":{"0":"post-33922","1":"product","2":"type-product","3":"status-publish","4":"has-post-thumbnail","6":"product_brand-cusumano","7":"product_cat-conserves","8":"product_cat-thon-et-bonite","10":"first","11":"outofstock","12":"taxable","13":"shipping-taxable","14":"purchasable","15":"product-type-simple"},"_links":{"self":[{"href":"https:\/\/myspainfood.com\/fr\/wp-json\/wp\/v2\/product\/33922","targetHints":{"allow":["GET"]}}],"collection":[{"href":"https:\/\/myspainfood.com\/fr\/wp-json\/wp\/v2\/product"}],"about":[{"href":"https:\/\/myspainfood.com\/fr\/wp-json\/wp\/v2\/types\/product"}],"wp:featuredmedia":[{"embeddable":true,"href":"https:\/\/myspainfood.com\/fr\/wp-json\/wp\/v2\/media\/12617"}],"wp:attachment":[{"href":"https:\/\/myspainfood.com\/fr\/wp-json\/wp\/v2\/media?parent=33922"}],"wp:term":[{"taxonomy":"product_brand","embeddable":true,"href":"https:\/\/myspainfood.com\/fr\/wp-json\/wp\/v2\/product_brand?post=33922"},{"taxonomy":"product_cat","embeddable":true,"href":"https:\/\/myspainfood.com\/fr\/wp-json\/wp\/v2\/product_cat?post=33922"},{"taxonomy":"product_tag","embeddable":true,"href":"https:\/\/myspainfood.com\/fr\/wp-json\/wp\/v2\/product_tag?post=33922"}],"curies":[{"name":"wp","href":"https:\/\/api.w.org\/{rel}","templated":true}]}}