{"id":33929,"date":"2025-04-10T12:10:21","date_gmt":"2025-04-10T10:10:21","guid":{"rendered":"https:\/\/myspainfood.com\/producto\/palourdes-a-lhuile-dolive-areoso-115-g\/"},"modified":"2025-09-02T10:47:48","modified_gmt":"2025-09-02T08:47:48","slug":"palourdes-a-lhuile-dolive-areoso-115-g","status":"publish","type":"product","link":"https:\/\/myspainfood.com\/fr\/producto\/palourdes-a-lhuile-dolive-areoso-115-g\/","title":{"rendered":"Palourdes \u00e0 l&rsquo;huile d&rsquo;olive Areoso 115 g"},"content":{"rendered":"<p>Produit : Palourdes \u00e0 l&rsquo;huile d&rsquo;olive<\/p>\n<p>Sp\u00e9cifications : Palourdes (Ensis arcuatus) des Rias de Galice, de taille homog\u00e8ne dans de l&rsquo;huile d&rsquo;olive. Purifi\u00e9 et s\u00e9lectionn\u00e9 \u00e0 la main dans chaque bo\u00eete. <\/p>\n<p>Ingr\u00e9dients : Palourdes 56,5%, huile d&rsquo;olive 43,5% et sel.<\/p>\n<p>Processus de production : Les couteaux r\u00e9colt\u00e9s dans les Rias de Galice, comme le reste des mollusques, sont soumis \u00e0 un processus de purification d\u00e8s leur entr\u00e9e dans l&rsquo;usine. Ils sont ensuite bouillis dans de l&rsquo;eau pr\u00e9sentant les caract\u00e9ristiques hygi\u00e9niques et sanitaires correctes ; les mollusques sont ouverts puis d\u00e9cortiqu\u00e9s \u00e0 la main, en prenant soin de ne pas les briser. Ils sont ensuite lav\u00e9s \u00e0 nouveau dans de l&rsquo;eau sal\u00e9e chaude et emball\u00e9s. Une couche d&rsquo;huile d&rsquo;olive est ensuite ajout\u00e9e pour cr\u00e9er une texture lisse et une saveur intense. Les r\u00e9cipients sont ferm\u00e9s et st\u00e9rilis\u00e9s avec les param\u00e8tres caract\u00e9ristiques et appropri\u00e9s pour ce produit, cr\u00e9ant ainsi l&rsquo;atmosph\u00e8re parfaite pour \u00eatre conserv\u00e9s pendant de nombreuses ann\u00e9es sans aucun type de conservateur ou d&rsquo;additif artificiel. Le produit est alors pr\u00eat \u00e0 \u00eatre stock\u00e9 et vendu.     <\/p>\n","protected":false},"excerpt":{"rendered":"<p>Produit : Palourdes \u00e0 l&rsquo;huile d&rsquo;olive Sp\u00e9cifications : Palourdes (Ensis arcuatus) des Rias de Galice, de taille homog\u00e8ne dans de l&rsquo;huile d&rsquo;olive. Purifi\u00e9 et s\u00e9lectionn\u00e9 \u00e0 la main dans chaque bo\u00eete. Ingr\u00e9dients : Palourdes 56,5%, huile d&rsquo;olive 43,5% et sel. Processus de production : Les couteaux r\u00e9colt\u00e9s dans les Rias de Galice, comme le reste [&hellip;]<\/p>\n","protected":false},"featured_media":12896,"template":"","meta":{"_et_pb_use_builder":"","_et_pb_old_content":"","_et_gb_content_width":""},"product_brand":[1358],"product_cat":[1941,7611],"product_tag":[],"class_list":{"0":"post-33929","1":"product","2":"type-product","3":"status-publish","4":"has-post-thumbnail","6":"product_brand-areoso","7":"product_cat-conserves","8":"product_cat-rasoirs","10":"first","11":"outofstock","12":"taxable","13":"shipping-taxable","14":"product-type-variable"},"_links":{"self":[{"href":"https:\/\/myspainfood.com\/fr\/wp-json\/wp\/v2\/product\/33929","targetHints":{"allow":["GET"]}}],"collection":[{"href":"https:\/\/myspainfood.com\/fr\/wp-json\/wp\/v2\/product"}],"about":[{"href":"https:\/\/myspainfood.com\/fr\/wp-json\/wp\/v2\/types\/product"}],"wp:featuredmedia":[{"embeddable":true,"href":"https:\/\/myspainfood.com\/fr\/wp-json\/wp\/v2\/media\/12896"}],"wp:attachment":[{"href":"https:\/\/myspainfood.com\/fr\/wp-json\/wp\/v2\/media?parent=33929"}],"wp:term":[{"taxonomy":"product_brand","embeddable":true,"href":"https:\/\/myspainfood.com\/fr\/wp-json\/wp\/v2\/product_brand?post=33929"},{"taxonomy":"product_cat","embeddable":true,"href":"https:\/\/myspainfood.com\/fr\/wp-json\/wp\/v2\/product_cat?post=33929"},{"taxonomy":"product_tag","embeddable":true,"href":"https:\/\/myspainfood.com\/fr\/wp-json\/wp\/v2\/product_tag?post=33929"}],"curies":[{"name":"wp","href":"https:\/\/api.w.org\/{rel}","templated":true}]}}