{"id":34105,"date":"2025-04-10T12:09:58","date_gmt":"2025-04-10T10:09:58","guid":{"rendered":"https:\/\/myspainfood.com\/producto\/banderillas-extra-epicees-chicon-900-grammes-paquet-de-6-unites\/"},"modified":"2025-04-10T12:09:58","modified_gmt":"2025-04-10T10:09:58","slug":"banderillas-extra-epicees-chicon-900-grammes-paquet-de-6-unites","status":"publish","type":"product","link":"https:\/\/myspainfood.com\/fr\/producto\/banderillas-extra-epicees-chicon-900-grammes-paquet-de-6-unites\/","title":{"rendered":"Banderillas Extra (\u00e9pic\u00e9es) Chic\u00f3n 900 grammes paquet de 6 unit\u00e9s"},"content":{"rendered":"<p>Les banderillas extra picantes sont des <a href=\"https:\/\/aceitunaschiconlebron.com\/catalogo\/banderillas-picantes\/\" target=\"_blank\" rel=\"noopener noreferrer nofollow\">cornichons<\/a> consomm\u00e9s en entr\u00e9e tous les jours comme un plat dans de nombreux coins de notre pays.<\/p>\n<p>Le m\u00e9lange de saveurs apport\u00e9 par ses ingr\u00e9dients, la touche de vinaigre et le piquant du piment donnent un go\u00fbt particulier \u00e0 la saveur de nos banderilles \u00e9pic\u00e9es.<\/p>\n<p>Les banderilles \u00e9pic\u00e9es sont g\u00e9n\u00e9ralement compos\u00e9es de cornichons, de piments, d&rsquo;oignons, d&rsquo;olives et de poivrons. C&rsquo;est pourquoi le m\u00e9lange de ces saveurs est si exquis. <\/p>\n<h3><strong>Les bienfaits des banderilles extra \u00e9pic\u00e9es<\/strong><\/h3>\n<p>Connaissez-vous les bienfaits des banderilles \u00e9pic\u00e9es et des cornichons en g\u00e9n\u00e9ral ? Voici une liste des plus importants : <\/p>\n<ul>\n<li>Riche en probiotiques.<\/li>\n<li>Ils facilitent la digestion.<\/li>\n<li>Ils renforcent le syst\u00e8me immunitaire.<\/li>\n<li>Ils r\u00e9duisent les envies de sucre.<\/li>\n<li>Favorable \u00e0 la v\u00e9sicule biliaire.<\/li>\n<\/ul>\n<p>&nbsp;<\/p>\n<p>Si vous souhaitez acheter des olives ou tout autre type d&rsquo;<a href=\"https:\/\/latiendadesami.com\/categoria-producto\/encurtidos\/\" rel=\"noopener noreferrer nofollow\" target=\"_blank\">aliments marin\u00e9s<\/a>, n&rsquo;h\u00e9sitez pas \u00e0 consulter notre catalogue en ligne pour voir la grande vari\u00e9t\u00e9 d&rsquo;<a href=\"https:\/\/latiendadesami.com\/categoria-producto\/encurtidos\/aceitunas\/\" target=\"_blank\" rel=\"noopener noreferrer nofollow\">olives<\/a> que nous avons.<\/p>\n","protected":false},"excerpt":{"rendered":"<p>banderillas picante<\/p>\n<p>D\u00e9pend de la quantit\u00e9<\/p>\n","protected":false},"featured_media":12266,"template":"","meta":{"_et_pb_use_builder":"","_et_pb_old_content":"","_et_gb_content_width":""},"product_brand":[1036],"product_cat":[2985,3130],"product_tag":[2072,1637],"class_list":{"0":"post-34105","1":"product","2":"type-product","3":"status-publish","4":"has-post-thumbnail","6":"product_brand-chicon","7":"product_cat-commerce-de-gros","8":"product_cat-cornichons-fr-2","9":"product_tag-epice","10":"product_tag-extra-fr","12":"first","13":"instock","14":"taxable","15":"shipping-taxable","16":"purchasable","17":"product-type-variable"},"_links":{"self":[{"href":"https:\/\/myspainfood.com\/fr\/wp-json\/wp\/v2\/product\/34105","targetHints":{"allow":["GET"]}}],"collection":[{"href":"https:\/\/myspainfood.com\/fr\/wp-json\/wp\/v2\/product"}],"about":[{"href":"https:\/\/myspainfood.com\/fr\/wp-json\/wp\/v2\/types\/product"}],"wp:featuredmedia":[{"embeddable":true,"href":"https:\/\/myspainfood.com\/fr\/wp-json\/wp\/v2\/media\/12266"}],"wp:attachment":[{"href":"https:\/\/myspainfood.com\/fr\/wp-json\/wp\/v2\/media?parent=34105"}],"wp:term":[{"taxonomy":"product_brand","embeddable":true,"href":"https:\/\/myspainfood.com\/fr\/wp-json\/wp\/v2\/product_brand?post=34105"},{"taxonomy":"product_cat","embeddable":true,"href":"https:\/\/myspainfood.com\/fr\/wp-json\/wp\/v2\/product_cat?post=34105"},{"taxonomy":"product_tag","embeddable":true,"href":"https:\/\/myspainfood.com\/fr\/wp-json\/wp\/v2\/product_tag?post=34105"}],"curies":[{"name":"wp","href":"https:\/\/api.w.org\/{rel}","templated":true}]}}