{"id":34208,"date":"2025-04-10T12:09:58","date_gmt":"2025-04-10T10:09:58","guid":{"rendered":"https:\/\/myspainfood.com\/producto\/chicon-extra-olives-cornichons-900-grammes-paquet-de-6-unites\/"},"modified":"2026-03-20T10:11:03","modified_gmt":"2026-03-20T09:11:03","slug":"chicon-extra-olives-cornichons-900-grammes-paquet-de-6-unites","status":"publish","type":"product","link":"https:\/\/myspainfood.com\/fr\/producto\/chicon-extra-olives-cornichons-900-grammes-paquet-de-6-unites\/","title":{"rendered":"Chic\u00f3n Extra Olives Cornichons 900 grammes paquet de 6 unit\u00e9s"},"content":{"rendered":"<p>Les cornichons <a href=\"https:\/\/aceitunaschiconlebron.com\/\" target=\"_blank\" rel=\"noopener noreferrer nofollow\">Chic\u00f3n<\/a> Extra sont fabriqu\u00e9s \u00e0 Antequera, Malaga.<\/p>\n<p>Ils sont fabriqu\u00e9s selon la recette traditionnelle et de mani\u00e8re traditionnelle.<\/p>\n<p>Il s&rsquo;agit de petits cornichons tendres avec cette touche de vinaigre l\u00e9g\u00e8re et app\u00e9tissante.<\/p>\n<p>Le m\u00e9lange des saveurs apport\u00e9es par les ingr\u00e9dients et la touche de vinaigre lui conf\u00e8rent un go\u00fbt particulier, tr\u00e8s agr\u00e9able au palais.<\/p>\n<p>Les cornichons sont un en-cas qui renforce le syst\u00e8me immunitaire, ce qui signifie qu&rsquo;ils soutiennent les d\u00e9fenses de l&rsquo;organisme et la sant\u00e9 en g\u00e9n\u00e9ral.<\/p>\n<h3><strong>Les bienfaits des cornichons suppl\u00e9mentaires<\/strong><\/h3>\n<p>Connaissez-vous les bienfaits des cornichons en g\u00e9n\u00e9ral ? Voici une liste des plus importants : <\/p>\n<ul>\n<li>Riche en probiotiques.<\/li>\n<li>Ils facilitent la digestion.<\/li>\n<li>Ils renforcent le syst\u00e8me immunitaire.<\/li>\n<li>Ils r\u00e9duisent les envies de sucre.<\/li>\n<li>Favorable \u00e0 la v\u00e9sicule biliaire.<\/li>\n<\/ul>\n<p>Si vous souhaitez acheter des olives ou tout autre type d&rsquo;<a href=\"https:\/\/latiendadesami.com\/categoria-producto\/encurtidos\/\" rel=\"noopener noreferrer nofollow\" target=\"_blank\">aliments marin\u00e9s<\/a>, n&rsquo;h\u00e9sitez pas \u00e0 consulter notre catalogue en ligne pour voir la grande vari\u00e9t\u00e9 d&rsquo;<a href=\"https:\/\/latiendadesami.com\/categoria-producto\/encurtidos\/pepinillos\/\" target=\"_blank\" rel=\"noopener noreferrer nofollow\">olives<\/a> que nous avons.<\/p>\n","protected":false},"excerpt":{"rendered":"<p>Les cornichons Chic\u00f3n Extra sont fabriqu\u00e9s \u00e0 Antequera, Malaga. Ils sont fabriqu\u00e9s selon la recette traditionnelle et de mani\u00e8re traditionnelle. Il s&rsquo;agit de petits cornichons tendres avec cette touche de vinaigre l\u00e9g\u00e8re et app\u00e9tissante. Le m\u00e9lange des saveurs apport\u00e9es par les ingr\u00e9dients et la touche de vinaigre lui conf\u00e8rent un go\u00fbt particulier, tr\u00e8s agr\u00e9able au [&hellip;]<\/p>\n","protected":false},"featured_media":7064,"template":"","meta":{"_et_pb_use_builder":"","_et_pb_old_content":"","_et_gb_content_width":""},"product_brand":[1036],"product_cat":[2985,3130],"product_tag":[1637],"class_list":{"0":"post-34208","1":"product","2":"type-product","3":"status-publish","4":"has-post-thumbnail","6":"product_brand-chicon","7":"product_cat-commerce-de-gros","8":"product_cat-cornichons-fr-2","9":"product_tag-extra-fr","11":"first","12":"outofstock","13":"taxable","14":"shipping-taxable","15":"product-type-variable"},"_links":{"self":[{"href":"https:\/\/myspainfood.com\/fr\/wp-json\/wp\/v2\/product\/34208","targetHints":{"allow":["GET"]}}],"collection":[{"href":"https:\/\/myspainfood.com\/fr\/wp-json\/wp\/v2\/product"}],"about":[{"href":"https:\/\/myspainfood.com\/fr\/wp-json\/wp\/v2\/types\/product"}],"wp:featuredmedia":[{"embeddable":true,"href":"https:\/\/myspainfood.com\/fr\/wp-json\/wp\/v2\/media\/7064"}],"wp:attachment":[{"href":"https:\/\/myspainfood.com\/fr\/wp-json\/wp\/v2\/media?parent=34208"}],"wp:term":[{"taxonomy":"product_brand","embeddable":true,"href":"https:\/\/myspainfood.com\/fr\/wp-json\/wp\/v2\/product_brand?post=34208"},{"taxonomy":"product_cat","embeddable":true,"href":"https:\/\/myspainfood.com\/fr\/wp-json\/wp\/v2\/product_cat?post=34208"},{"taxonomy":"product_tag","embeddable":true,"href":"https:\/\/myspainfood.com\/fr\/wp-json\/wp\/v2\/product_tag?post=34208"}],"curies":[{"name":"wp","href":"https:\/\/api.w.org\/{rel}","templated":true}]}}