{"id":34322,"date":"2025-04-10T12:10:12","date_gmt":"2025-04-10T10:10:12","guid":{"rendered":"https:\/\/myspainfood.com\/producto\/saumon-fume-norvegien-port-faroe-600-g\/"},"modified":"2025-06-24T13:41:40","modified_gmt":"2025-06-24T11:41:40","slug":"saumon-fume-norvegien-port-faroe-600-g","status":"publish","type":"product","link":"https:\/\/myspainfood.com\/fr\/producto\/saumon-fume-norvegien-port-faroe-600-g\/","title":{"rendered":"Saumon fum\u00e9 norv\u00e9gien Port Faroe 600 g"},"content":{"rendered":"<p>Le fumage est une technique de conservation des aliments.<\/p>\n<p> Il consiste \u00e0 soumettre les aliments \u00e0 une source de fum\u00e9e provenant de feux de bois \u00e0 faible teneur en r\u00e9sine.<\/p>\n<p> C&rsquo;est ce processus qui, outre la conservation, leur conf\u00e8re leur saveur fum\u00e9e particuli\u00e8re.<\/p>\n<p> Le saumon fum\u00e9 est un aliment obtenu en soumettant le saumon \u00e0 la fum\u00e9e d\u00e9crite ci-dessus, ce qui lui conf\u00e8re un temps de conservation plus long et une saveur diff\u00e9rente et caract\u00e9ristique.<\/p>\n<p>&nbsp;<\/p>\n","protected":false},"excerpt":{"rendered":"<p>Le fumage est une technique de conservation des aliments. Il consiste \u00e0 soumettre les aliments \u00e0 une source de fum\u00e9e provenant de feux de bois \u00e0 faible teneur en r\u00e9sine. C&rsquo;est ce processus qui, outre la conservation, leur conf\u00e8re leur saveur fum\u00e9e particuli\u00e8re. Le saumon fum\u00e9 est un aliment obtenu en soumettant le saumon \u00e0 [&hellip;]<\/p>\n","protected":false},"featured_media":12599,"template":"","meta":{"_et_pb_use_builder":"","_et_pb_old_content":"","_et_gb_content_width":""},"product_brand":[1361],"product_cat":[1864,7755,7754],"product_tag":[],"class_list":{"0":"post-34322","1":"product","2":"type-product","3":"status-publish","4":"has-post-thumbnail","6":"product_brand-ahumados-fernandez-molina","7":"product_cat-froid","8":"product_cat-saumon","9":"product_cat-special-noel","10":"product_shipping_class-expedition-a-froid","12":"first","13":"outofstock","14":"sale","15":"taxable","16":"shipping-taxable","17":"purchasable","18":"product-type-variable"},"_links":{"self":[{"href":"https:\/\/myspainfood.com\/fr\/wp-json\/wp\/v2\/product\/34322","targetHints":{"allow":["GET"]}}],"collection":[{"href":"https:\/\/myspainfood.com\/fr\/wp-json\/wp\/v2\/product"}],"about":[{"href":"https:\/\/myspainfood.com\/fr\/wp-json\/wp\/v2\/types\/product"}],"wp:featuredmedia":[{"embeddable":true,"href":"https:\/\/myspainfood.com\/fr\/wp-json\/wp\/v2\/media\/12599"}],"wp:attachment":[{"href":"https:\/\/myspainfood.com\/fr\/wp-json\/wp\/v2\/media?parent=34322"}],"wp:term":[{"taxonomy":"product_brand","embeddable":true,"href":"https:\/\/myspainfood.com\/fr\/wp-json\/wp\/v2\/product_brand?post=34322"},{"taxonomy":"product_cat","embeddable":true,"href":"https:\/\/myspainfood.com\/fr\/wp-json\/wp\/v2\/product_cat?post=34322"},{"taxonomy":"product_tag","embeddable":true,"href":"https:\/\/myspainfood.com\/fr\/wp-json\/wp\/v2\/product_tag?post=34322"}],"curies":[{"name":"wp","href":"https:\/\/api.w.org\/{rel}","templated":true}]}}