{"id":34734,"date":"2025-04-10T12:10:13","date_gmt":"2025-04-10T10:10:13","guid":{"rendered":"https:\/\/myspainfood.com\/producto\/flor-de-esgueva-viejo-cheese-32-kg\/"},"modified":"2025-06-24T13:45:15","modified_gmt":"2025-06-24T11:45:15","slug":"flor-de-esgueva-viejo-cheese-32-kg","status":"publish","type":"product","link":"https:\/\/myspainfood.com\/fr\/producto\/flor-de-esgueva-viejo-cheese-32-kg\/","title":{"rendered":"Flor de Esgueva Viejo Cheese 3,2 kg"},"content":{"rendered":"<div class=\"et_pb_blurb_container\">\n<div class=\"et_pb_blurb_container\">\n<h1 class=\"vc_custom_heading\">Fleur d&rsquo;Esgueva Viejo<\/h1>\n<p class=\"vc_custom_heading us_custom_c587e30b\">Fabriqu\u00e9 uniquement avec du lait cru de brebis et affin\u00e9 en cro\u00fbte naturelle pendant au moins 7 mois.<\/p>\n<div class=\"wpb_text_column us_custom_afe9a513\">\n<div class=\"wpb_wrapper\">\n<p>C&rsquo;est la perfection en termes d&rsquo;intensit\u00e9 et de texture. C&rsquo;est un fromage tr\u00e8s appropri\u00e9 pour les amateurs de fromage qui aiment une texture \u00e9lastique et presque fondante, sans pour autant perdre la saveur et l&rsquo;intensit\u00e9 du fromage de brebis en bouche. Il a un arri\u00e8re-go\u00fbt long et persistant, qui laisse une sensation agr\u00e9able pendant quelques minutes.  <\/p>\n<\/div>\n<\/div>\n<\/div>\n<\/div>\n","protected":false},"excerpt":{"rendered":"<p>Fleur d&rsquo;Esgueva Viejo Fabriqu\u00e9 uniquement avec du lait cru de brebis et affin\u00e9 en cro\u00fbte naturelle pendant au moins 7 mois. C&rsquo;est la perfection en termes d&rsquo;intensit\u00e9 et de texture. C&rsquo;est un fromage tr\u00e8s appropri\u00e9 pour les amateurs de fromage qui aiment une texture \u00e9lastique et presque fondante, sans pour autant perdre la saveur et [&hellip;]<\/p>\n","protected":false},"featured_media":12653,"template":"","meta":{"_et_pb_use_builder":"","_et_pb_old_content":"","_et_gb_content_width":""},"product_brand":[1367],"product_cat":[2754,1864,2295],"product_tag":[],"class_list":{"0":"post-34734","1":"product","2":"type-product","3":"status-publish","4":"has-post-thumbnail","6":"product_brand-flor-de-esgueva","7":"product_cat-durcissement","8":"product_cat-froid","9":"product_cat-fromage-et-saucisse","10":"product_shipping_class-expedition-a-froid","12":"first","13":"outofstock","14":"taxable","15":"shipping-taxable","16":"purchasable","17":"product-type-variable"},"_links":{"self":[{"href":"https:\/\/myspainfood.com\/fr\/wp-json\/wp\/v2\/product\/34734","targetHints":{"allow":["GET"]}}],"collection":[{"href":"https:\/\/myspainfood.com\/fr\/wp-json\/wp\/v2\/product"}],"about":[{"href":"https:\/\/myspainfood.com\/fr\/wp-json\/wp\/v2\/types\/product"}],"wp:featuredmedia":[{"embeddable":true,"href":"https:\/\/myspainfood.com\/fr\/wp-json\/wp\/v2\/media\/12653"}],"wp:attachment":[{"href":"https:\/\/myspainfood.com\/fr\/wp-json\/wp\/v2\/media?parent=34734"}],"wp:term":[{"taxonomy":"product_brand","embeddable":true,"href":"https:\/\/myspainfood.com\/fr\/wp-json\/wp\/v2\/product_brand?post=34734"},{"taxonomy":"product_cat","embeddable":true,"href":"https:\/\/myspainfood.com\/fr\/wp-json\/wp\/v2\/product_cat?post=34734"},{"taxonomy":"product_tag","embeddable":true,"href":"https:\/\/myspainfood.com\/fr\/wp-json\/wp\/v2\/product_tag?post=34734"}],"curies":[{"name":"wp","href":"https:\/\/api.w.org\/{rel}","templated":true}]}}