{"id":34823,"date":"2025-04-10T12:09:51","date_gmt":"2025-04-10T10:09:51","guid":{"rendered":"https:\/\/myspainfood.com\/producto\/vin-cucamonas-verdejo-de-rueda-2022-bodegas-gotica-120-bouteilles\/"},"modified":"2025-04-10T12:09:51","modified_gmt":"2025-04-10T10:09:51","slug":"vin-cucamonas-verdejo-de-rueda-2022-bodegas-gotica-120-bouteilles","status":"publish","type":"product","link":"https:\/\/myspainfood.com\/fr\/producto\/vin-cucamonas-verdejo-de-rueda-2022-bodegas-gotica-120-bouteilles\/","title":{"rendered":"Vin Cucamonas verdejo de Rueda 2022 bodegas G\u00f3tica 120 bouteilles"},"content":{"rendered":"<p><strong>Verdejo - <em>100% Verdejo<\/em><\/strong><\/p>\n<p>Avec 100 % de raisins Verdejo, le principal c\u00e9page de la DO. Rueda. Il produit des vins de grande qualit\u00e9, frais, tr\u00e8s fruit\u00e9s, de couleur jaune verd\u00e2tre, avec des ar\u00f4mes d&rsquo;agrumes, cors\u00e9s et tr\u00e8s glyc\u00e9rin\u00e9s.  <\/p>\n<p>&nbsp;<\/p>\n","protected":false},"excerpt":{"rendered":"<p>Cucamonas Verdejo Rueda 2022<\/p>\n","protected":false},"featured_media":8612,"template":"","meta":{"_et_pb_use_builder":"","_et_pb_old_content":"","_et_gb_content_width":""},"product_brand":[1140],"product_cat":[4900,2985,4902],"product_tag":[7094,7095],"class_list":{"0":"post-34823","1":"product","2":"type-product","3":"status-publish","4":"has-post-thumbnail","6":"product_brand-ladera-de-los-obispos","7":"product_cat-boissons","8":"product_cat-commerce-de-gros","9":"product_cat-le-vin","10":"product_tag-gothique","11":"product_tag-roue","13":"first","14":"outofstock","15":"featured","16":"taxable","17":"shipping-taxable","18":"purchasable","19":"product-type-simple"},"_links":{"self":[{"href":"https:\/\/myspainfood.com\/fr\/wp-json\/wp\/v2\/product\/34823","targetHints":{"allow":["GET"]}}],"collection":[{"href":"https:\/\/myspainfood.com\/fr\/wp-json\/wp\/v2\/product"}],"about":[{"href":"https:\/\/myspainfood.com\/fr\/wp-json\/wp\/v2\/types\/product"}],"wp:featuredmedia":[{"embeddable":true,"href":"https:\/\/myspainfood.com\/fr\/wp-json\/wp\/v2\/media\/8612"}],"wp:attachment":[{"href":"https:\/\/myspainfood.com\/fr\/wp-json\/wp\/v2\/media?parent=34823"}],"wp:term":[{"taxonomy":"product_brand","embeddable":true,"href":"https:\/\/myspainfood.com\/fr\/wp-json\/wp\/v2\/product_brand?post=34823"},{"taxonomy":"product_cat","embeddable":true,"href":"https:\/\/myspainfood.com\/fr\/wp-json\/wp\/v2\/product_cat?post=34823"},{"taxonomy":"product_tag","embeddable":true,"href":"https:\/\/myspainfood.com\/fr\/wp-json\/wp\/v2\/product_tag?post=34823"}],"curies":[{"name":"wp","href":"https:\/\/api.w.org\/{rel}","templated":true}]}}