{"id":36769,"date":"2025-04-10T12:11:40","date_gmt":"2025-04-10T10:11:40","guid":{"rendered":"https:\/\/myspainfood.com\/producto\/gazpacho-andalou-a-lhuile-dolive-extra-vierge-arteoliva-1-litre\/"},"modified":"2026-01-29T12:31:49","modified_gmt":"2026-01-29T11:31:49","slug":"gazpacho-andalou-a-lhuile-dolive-extra-vierge-arteoliva-1-litre","status":"publish","type":"product","link":"https:\/\/myspainfood.com\/fr\/producto\/gazpacho-andalou-a-lhuile-dolive-extra-vierge-arteoliva-1-litre\/","title":{"rendered":"Gazpacho andalou \u00e0 l&rsquo;huile d&rsquo;olive extra vierge ARTEOLIVA 1 litre"},"content":{"rendered":"<p>Il s&rsquo;agit d&rsquo;un produit qui suit fid\u00e8lement la recette traditionnelle du v\u00e9ritable gazpacho andalou. Il incorpore des l\u00e9gumes frais de premi\u00e8re qualit\u00e9 comme la tomate, le concombre, le poivron, l&rsquo;ail, l&rsquo;huile d&rsquo;olive extra vierge et le pain, le vinaigre de X\u00e9r\u00e8s, l&rsquo;eau et le sel de mer. Contrairement \u00e0 d&rsquo;autres produits du march\u00e9, le gazpacho \u00ab\u00a0ArteOliva\u00a0\u00bb contient plus d&rsquo;huile d&rsquo;olive extra vierge et de pain, qui est consid\u00e9r\u00e9 comme un ingr\u00e9dient essentiel de la recette traditionnelle.  <\/p>\n","protected":false},"excerpt":{"rendered":"<p>Il s&rsquo;agit d&rsquo;un produit qui suit fid\u00e8lement la recette traditionnelle du v\u00e9ritable gazpacho andalou. Il incorpore des l\u00e9gumes frais de premi\u00e8re qualit\u00e9 comme la tomate, le concombre, le poivron, l&rsquo;ail, l&rsquo;huile d&rsquo;olive extra vierge et le pain, le vinaigre de X\u00e9r\u00e8s, l&rsquo;eau et le sel de mer. Contrairement \u00e0 d&rsquo;autres produits du march\u00e9, le gazpacho [&hellip;]<\/p>\n","protected":false},"featured_media":14084,"template":"","meta":{"_et_pb_use_builder":"","_et_pb_old_content":"","_et_gb_content_width":""},"product_brand":[1457],"product_cat":[4900,1941,2592],"product_tag":[],"class_list":{"0":"post-36769","1":"product","2":"type-product","3":"status-publish","4":"has-post-thumbnail","6":"product_brand-arteoliva","7":"product_cat-boissons","8":"product_cat-conserves","9":"product_cat-olive-extra-vierge","11":"first","12":"outofstock","13":"taxable","14":"shipping-taxable","15":"product-type-variable"},"_links":{"self":[{"href":"https:\/\/myspainfood.com\/fr\/wp-json\/wp\/v2\/product\/36769","targetHints":{"allow":["GET"]}}],"collection":[{"href":"https:\/\/myspainfood.com\/fr\/wp-json\/wp\/v2\/product"}],"about":[{"href":"https:\/\/myspainfood.com\/fr\/wp-json\/wp\/v2\/types\/product"}],"wp:featuredmedia":[{"embeddable":true,"href":"https:\/\/myspainfood.com\/fr\/wp-json\/wp\/v2\/media\/14084"}],"wp:attachment":[{"href":"https:\/\/myspainfood.com\/fr\/wp-json\/wp\/v2\/media?parent=36769"}],"wp:term":[{"taxonomy":"product_brand","embeddable":true,"href":"https:\/\/myspainfood.com\/fr\/wp-json\/wp\/v2\/product_brand?post=36769"},{"taxonomy":"product_cat","embeddable":true,"href":"https:\/\/myspainfood.com\/fr\/wp-json\/wp\/v2\/product_cat?post=36769"},{"taxonomy":"product_tag","embeddable":true,"href":"https:\/\/myspainfood.com\/fr\/wp-json\/wp\/v2\/product_tag?post=36769"}],"curies":[{"name":"wp","href":"https:\/\/api.w.org\/{rel}","templated":true}]}}