{"id":37523,"date":"2025-04-10T12:05:09","date_gmt":"2025-04-10T10:05:09","guid":{"rendered":"https:\/\/myspainfood.com\/producto\/ail-blanc-900-gr-chicon\/"},"modified":"2026-03-09T14:16:06","modified_gmt":"2026-03-09T13:16:06","slug":"ail-blanc-900-gr-chicon","status":"publish","type":"product","link":"https:\/\/myspainfood.com\/fr\/producto\/ail-blanc-900-gr-chicon\/","title":{"rendered":"Ail blanc 900 gr Chic\u00f3n"},"content":{"rendered":"<p><strong>Ail blanc \u00e0 l&rsquo;huile<\/strong>, pel\u00e9, transform\u00e9 et s\u00e9ch\u00e9 pour adoucir sa saveur naturelle tout en pr\u00e9servant ses propri\u00e9t\u00e9s initiales.<\/p>\n<p>L&rsquo;ail \u00e0 l&rsquo;huile est un d\u00e9lice pour le palais, que ce soit en entr\u00e9e ou en accompagnement de vos meilleurs plats.<\/p>\n<h3><strong>Les bienfaits de l&rsquo;<a href=\"https:\/\/aceitunaschiconlebron.com\/catalogo\/ajos-en-aceite\/\" target=\"_blank\" rel=\"noopener noreferrer nofollow\">huile d&rsquo;<\/a>ail blanc<\/strong><\/h3>\n<p>Savez-vous quels sont les principaux avantages de l&rsquo;ail dans l&rsquo;huile sous forme de cornichons ? Eh bien, parmi de nombreuses autres propri\u00e9t\u00e9s, ils sont riches en probiotiques, renforcent le syst\u00e8me immunitaire et facilitent m\u00eame la digestion. <\/p>\n<p>Les cornichons sont pass\u00e9s d&rsquo;une ancienne technique de conservation des aliments dans le monde entier \u00e0 l&rsquo;une des tapas ou entr\u00e9es les plus appr\u00e9ci\u00e9es de la gastronomie espagnole. Outre notre d\u00e9licieux <strong>ail \u00e0 l&rsquo;huile<\/strong>, vous trouverez dans notre catalogue en ligne d&rsquo;autres types de cornichons tels que les c\u00e2pres, les banderilles douces ou les banderilles \u00e9pic\u00e9es. <\/p>\n<h3><strong>Propri\u00e9t\u00e9s Ail marin\u00e9<\/strong><\/h3>\n<p>Elle poss\u00e8de des <strong>propri\u00e9t\u00e9s antibiotiques<\/strong>. L&rsquo;huile d&rsquo;ail tue un large \u00e9ventail de microbes, tels que les virus, les bact\u00e9ries, les champignons et les parasites. <\/p>\n<p>Il a un <strong>effet d\u00e9congestionnant<\/strong>, est une source de vitamine C, d&rsquo;enzymes et de min\u00e9raux qui contribuent \u00e0 renforcer les d\u00e9fenses et l&rsquo;immunit\u00e9 de l&rsquo;organisme.<\/p>\n<p>L <strong>&lsquo;ail dans l&rsquo;huile prot\u00e8ge notre c\u0153ur<\/strong> contre les probl\u00e8mes cardio-vasculaires tels que l&rsquo;infarctus et l&rsquo;ath\u00e9roscl\u00e9rose.<\/p>\n<p>Une autre <strong>propri\u00e9t\u00e9 de l&rsquo;ail marin\u00e9<\/strong> est qu&rsquo;il r\u00e9duit le cholest\u00e9rol car il a la capacit\u00e9 de diminuer mod\u00e9r\u00e9ment les triglyc\u00e9rides sanguins et le cholest\u00e9rol total, ce qui peut r\u00e9duire la plaque art\u00e9rielle.<\/p>\n<p>En r\u00e9sum\u00e9, l&rsquo;ail dans l&rsquo;huile ou l&rsquo;ail <a href=\"https:\/\/latiendadesami.com\/categoria-producto\/encurtidos\/\" target=\"_blank\" rel=\"noopener noreferrer nofollow\">marin\u00e9<\/a> poss\u00e8de de multiples propri\u00e9t\u00e9s et bienfaits pour la sant\u00e9 humaine.<\/p>\n","protected":false},"excerpt":{"rendered":"<p>Ail blanc \u00e0 l&rsquo;huile, pel\u00e9, transform\u00e9 et s\u00e9ch\u00e9 pour adoucir sa saveur naturelle tout en pr\u00e9servant ses propri\u00e9t\u00e9s initiales. L&rsquo;ail \u00e0 l&rsquo;huile est un d\u00e9lice pour le palais, que ce soit en entr\u00e9e ou en accompagnement de vos meilleurs plats. Les bienfaits de l&rsquo;huile d&rsquo;ail blanc Savez-vous quels sont les principaux avantages de l&rsquo;ail dans [&hellip;]<\/p>\n","protected":false},"featured_media":7217,"template":"","meta":{"_et_pb_use_builder":"","_et_pb_old_content":"","_et_gb_content_width":""},"product_brand":[1036],"product_cat":[1664,1570],"product_tag":[1665,4184],"class_list":{"0":"post-37523","1":"product","2":"type-product","3":"status-publish","4":"has-post-thumbnail","6":"product_brand-chicon","7":"product_cat-ail","8":"product_cat-cornichons","9":"product_tag-ail","10":"product_tag-blanc","12":"first","13":"instock","14":"taxable","15":"shipping-taxable","16":"purchasable","17":"product-type-variable"},"_links":{"self":[{"href":"https:\/\/myspainfood.com\/fr\/wp-json\/wp\/v2\/product\/37523","targetHints":{"allow":["GET"]}}],"collection":[{"href":"https:\/\/myspainfood.com\/fr\/wp-json\/wp\/v2\/product"}],"about":[{"href":"https:\/\/myspainfood.com\/fr\/wp-json\/wp\/v2\/types\/product"}],"wp:featuredmedia":[{"embeddable":true,"href":"https:\/\/myspainfood.com\/fr\/wp-json\/wp\/v2\/media\/7217"}],"wp:attachment":[{"href":"https:\/\/myspainfood.com\/fr\/wp-json\/wp\/v2\/media?parent=37523"}],"wp:term":[{"taxonomy":"product_brand","embeddable":true,"href":"https:\/\/myspainfood.com\/fr\/wp-json\/wp\/v2\/product_brand?post=37523"},{"taxonomy":"product_cat","embeddable":true,"href":"https:\/\/myspainfood.com\/fr\/wp-json\/wp\/v2\/product_cat?post=37523"},{"taxonomy":"product_tag","embeddable":true,"href":"https:\/\/myspainfood.com\/fr\/wp-json\/wp\/v2\/product_tag?post=37523"}],"curies":[{"name":"wp","href":"https:\/\/api.w.org\/{rel}","templated":true}]}}