{"id":37952,"date":"2025-04-10T12:10:07","date_gmt":"2025-04-10T10:10:07","guid":{"rendered":"https:\/\/myspainfood.com\/producto\/assortiment-de-pates-iberiques-gourmet-cazorla\/"},"modified":"2025-04-10T12:10:07","modified_gmt":"2025-04-10T10:10:07","slug":"assortiment-de-pates-iberiques-gourmet-cazorla","status":"publish","type":"product","link":"https:\/\/myspainfood.com\/fr\/producto\/assortiment-de-pates-iberiques-gourmet-cazorla\/","title":{"rendered":"Assortiment de p\u00e2t\u00e9s ib\u00e9riques Gourmet Cazorla"},"content":{"rendered":"<p>Cette bo\u00eete contient 6 de nos p\u00e2t\u00e9s traditionnels Gourmet Cazorla.<\/p>\n<p> Le cadeau id\u00e9al pour vos proches&#8230; pour leur anniversaire, pour No\u00ebl, pour les remercier d&rsquo;un effort ou juste parce que, et pour vous aussi parce que vous le m\u00e9ritez.<\/p>\n","protected":false},"excerpt":{"rendered":"<p>Cette bo\u00eete contient 6 de nos p\u00e2t\u00e9s traditionnels Gourmet Cazorla. Le cadeau id\u00e9al pour vos proches&#8230; pour leur anniversaire, pour No\u00ebl, pour les remercier d&rsquo;un effort ou juste parce que, et pour vous aussi parce que vous le m\u00e9ritez.<\/p>\n","protected":false},"featured_media":12383,"template":"","meta":{"_et_pb_use_builder":"","_et_pb_old_content":"","_et_gb_content_width":""},"product_brand":[],"product_cat":[1941,8190],"product_tag":[],"class_list":{"0":"post-37952","1":"product","2":"type-product","3":"status-publish","4":"has-post-thumbnail","6":"product_cat-conserves","7":"product_cat-pate-fr","9":"first","10":"instock","11":"taxable","12":"shipping-taxable","13":"purchasable","14":"product-type-simple"},"_links":{"self":[{"href":"https:\/\/myspainfood.com\/fr\/wp-json\/wp\/v2\/product\/37952","targetHints":{"allow":["GET"]}}],"collection":[{"href":"https:\/\/myspainfood.com\/fr\/wp-json\/wp\/v2\/product"}],"about":[{"href":"https:\/\/myspainfood.com\/fr\/wp-json\/wp\/v2\/types\/product"}],"wp:featuredmedia":[{"embeddable":true,"href":"https:\/\/myspainfood.com\/fr\/wp-json\/wp\/v2\/media\/12383"}],"wp:attachment":[{"href":"https:\/\/myspainfood.com\/fr\/wp-json\/wp\/v2\/media?parent=37952"}],"wp:term":[{"taxonomy":"product_brand","embeddable":true,"href":"https:\/\/myspainfood.com\/fr\/wp-json\/wp\/v2\/product_brand?post=37952"},{"taxonomy":"product_cat","embeddable":true,"href":"https:\/\/myspainfood.com\/fr\/wp-json\/wp\/v2\/product_cat?post=37952"},{"taxonomy":"product_tag","embeddable":true,"href":"https:\/\/myspainfood.com\/fr\/wp-json\/wp\/v2\/product_tag?post=37952"}],"curies":[{"name":"wp","href":"https:\/\/api.w.org\/{rel}","templated":true}]}}