{"id":38220,"date":"2025-04-10T12:14:40","date_gmt":"2025-04-10T10:14:40","guid":{"rendered":"https:\/\/myspainfood.com\/producto\/moules-a-lescabeche-du-chili-10-15-pieces-marevento\/"},"modified":"2026-03-28T17:32:34","modified_gmt":"2026-03-28T16:32:34","slug":"moules-a-lescabeche-du-chili-10-15-pieces-marevento","status":"publish","type":"product","link":"https:\/\/myspainfood.com\/fr\/producto\/moules-a-lescabeche-du-chili-10-15-pieces-marevento\/","title":{"rendered":"Moules \u00e0 l&rsquo;escab\u00e8che du Chili 10-15 pi\u00e8ces Marevento"},"content":{"rendered":"<p>Cuits et frits dans de l&rsquo;huile de tournesol. Le byssus est retir\u00e9 \u00e0 la main et emball\u00e9 un par un. Accompagn\u00e9 d&rsquo;une marinade unique \u00e0 base d&rsquo;ingr\u00e9dients enti\u00e8rement naturels. Ingr\u00e9dients : Moules du Chili, escab\u00e8che (huile de tournesol, vinaigre de vin rouge, eau, ar\u00f4mes naturels, \u00e9pices et sel).<\/p>\n","protected":false},"excerpt":{"rendered":"<p>Cuits et frits dans de l&rsquo;huile de tournesol. Le byssus est retir\u00e9 \u00e0 la main et emball\u00e9 un par un. Accompagn\u00e9 d&rsquo;une marinade unique \u00e0 base d&rsquo;ingr\u00e9dients enti\u00e8rement naturels. Ingr\u00e9dients : Moules du Chili, escab\u00e8che (huile de tournesol, vinaigre de vin rouge, eau, ar\u00f4mes naturels, \u00e9pices et sel).<\/p>\n","protected":false},"featured_media":14993,"template":"","meta":{"_et_pb_use_builder":"","_et_pb_old_content":"","_et_gb_content_width":""},"product_brand":[1428],"product_cat":[1941,4068],"product_tag":[],"class_list":{"0":"post-38220","1":"product","2":"type-product","3":"status-publish","4":"has-post-thumbnail","6":"product_brand-portonovo","7":"product_cat-conserves","8":"product_cat-moules-fr","10":"first","11":"instock","12":"taxable","13":"shipping-taxable","14":"purchasable","15":"product-type-variable"},"_links":{"self":[{"href":"https:\/\/myspainfood.com\/fr\/wp-json\/wp\/v2\/product\/38220","targetHints":{"allow":["GET"]}}],"collection":[{"href":"https:\/\/myspainfood.com\/fr\/wp-json\/wp\/v2\/product"}],"about":[{"href":"https:\/\/myspainfood.com\/fr\/wp-json\/wp\/v2\/types\/product"}],"wp:featuredmedia":[{"embeddable":true,"href":"https:\/\/myspainfood.com\/fr\/wp-json\/wp\/v2\/media\/14993"}],"wp:attachment":[{"href":"https:\/\/myspainfood.com\/fr\/wp-json\/wp\/v2\/media?parent=38220"}],"wp:term":[{"taxonomy":"product_brand","embeddable":true,"href":"https:\/\/myspainfood.com\/fr\/wp-json\/wp\/v2\/product_brand?post=38220"},{"taxonomy":"product_cat","embeddable":true,"href":"https:\/\/myspainfood.com\/fr\/wp-json\/wp\/v2\/product_cat?post=38220"},{"taxonomy":"product_tag","embeddable":true,"href":"https:\/\/myspainfood.com\/fr\/wp-json\/wp\/v2\/product_tag?post=38220"}],"curies":[{"name":"wp","href":"https:\/\/api.w.org\/{rel}","templated":true}]}}