{"id":38275,"date":"2025-04-10T12:14:40","date_gmt":"2025-04-10T10:14:40","guid":{"rendered":"https:\/\/myspainfood.com\/producto\/moules-de-nouvelle-zelande-en-sauce-marinee-4-6-pieces-giant-portonovo-115-gr\/"},"modified":"2026-01-30T14:32:17","modified_gmt":"2026-01-30T13:32:17","slug":"moules-de-nouvelle-zelande-en-sauce-marinee-4-6-pieces-giant-portonovo-115-gr","status":"publish","type":"product","link":"https:\/\/myspainfood.com\/fr\/producto\/moules-de-nouvelle-zelande-en-sauce-marinee-4-6-pieces-giant-portonovo-115-gr\/","title":{"rendered":"Moules de Nouvelle-Z\u00e9lande en sauce marin\u00e9e 4-6 pi\u00e8ces Giant Portonovo - 115 Gr"},"content":{"rendered":"<p>D\u00e9couvrez l&rsquo;intensit\u00e9 de la saveur et la qualit\u00e9 des <strong>moules n\u00e9o-z\u00e9landaises<\/strong> de <strong>Gigante Portonovo<\/strong> <strong>dans une sauce au vinaigre<\/strong>. Ce produit de qualit\u00e9 sup\u00e9rieure contient entre 4 et 6 morceaux s\u00e9lectionn\u00e9s de grosses moules, dans une pr\u00e9sentation de 115 grammes, id\u00e9ale pour les tapas, les salades ou comme amuse-gueule gastronomique. <\/p>\n<p>\u00c9lev\u00e9es dans les eaux cristallines de Nouvelle-Z\u00e9lande, ces moules se distinguent par leur texture charnue et leur saveur in\u00e9gal\u00e9e, rehauss\u00e9e par une marinade douce qui met en valeur leur fra\u00eecheur et leur qualit\u00e9. Elles sont \u00e9galement riches en prot\u00e9ines, en om\u00e9ga-3 et en min\u00e9raux essentiels, ce qui en fait un choix sain et d\u00e9licieux pour tout r\u00e9gime alimentaire. <\/p>\n<p>Pour plus d&rsquo;options de fruits de mer, visitez notre <a href=\"https:\/\/latiendadesami.com\/categoria-producto\/conservas\/\" target=\"_new\" rel=\"noopener noreferrer nofollow\" target=\"_blank\">section sur les aliments en conserve<\/a> et d\u00e9couvrez les avantages des <strong>moules de Nouvelle-Z\u00e9lande marin\u00e9es<\/strong> dans un r\u00e9gime alimentaire \u00e9quilibr\u00e9. Go\u00fbtez \u00e0 la qualit\u00e9 et \u00e0 l&rsquo;authenticit\u00e9 que seul Portonovo peut vous offrir !<\/p>\n","protected":false},"excerpt":{"rendered":"<p>D\u00e9couvrez l&rsquo;intensit\u00e9 de la saveur et la qualit\u00e9 des moules n\u00e9o-z\u00e9landaises de Gigante Portonovo dans une sauce au vinaigre. Ce produit de qualit\u00e9 sup\u00e9rieure contient entre 4 et 6 morceaux s\u00e9lectionn\u00e9s de grosses moules, dans une pr\u00e9sentation de 115 grammes, id\u00e9ale pour les tapas, les salades ou comme amuse-gueule gastronomique. \u00c9lev\u00e9es dans les eaux cristallines [&hellip;]<\/p>\n","protected":false},"featured_media":14903,"template":"","meta":{"_et_pb_use_builder":"","_et_pb_old_content":"","_et_gb_content_width":""},"product_brand":[1428],"product_cat":[1941,4068],"product_tag":[],"class_list":{"0":"post-38275","1":"product","2":"type-product","3":"status-publish","4":"has-post-thumbnail","6":"product_brand-portonovo","7":"product_cat-conserves","8":"product_cat-moules-fr","10":"first","11":"outofstock","12":"taxable","13":"shipping-taxable","14":"product-type-variable"},"_links":{"self":[{"href":"https:\/\/myspainfood.com\/fr\/wp-json\/wp\/v2\/product\/38275","targetHints":{"allow":["GET"]}}],"collection":[{"href":"https:\/\/myspainfood.com\/fr\/wp-json\/wp\/v2\/product"}],"about":[{"href":"https:\/\/myspainfood.com\/fr\/wp-json\/wp\/v2\/types\/product"}],"wp:featuredmedia":[{"embeddable":true,"href":"https:\/\/myspainfood.com\/fr\/wp-json\/wp\/v2\/media\/14903"}],"wp:attachment":[{"href":"https:\/\/myspainfood.com\/fr\/wp-json\/wp\/v2\/media?parent=38275"}],"wp:term":[{"taxonomy":"product_brand","embeddable":true,"href":"https:\/\/myspainfood.com\/fr\/wp-json\/wp\/v2\/product_brand?post=38275"},{"taxonomy":"product_cat","embeddable":true,"href":"https:\/\/myspainfood.com\/fr\/wp-json\/wp\/v2\/product_cat?post=38275"},{"taxonomy":"product_tag","embeddable":true,"href":"https:\/\/myspainfood.com\/fr\/wp-json\/wp\/v2\/product_tag?post=38275"}],"curies":[{"name":"wp","href":"https:\/\/api.w.org\/{rel}","templated":true}]}}