{"id":38576,"date":"2025-04-10T12:09:10","date_gmt":"2025-04-10T10:09:10","guid":{"rendered":"https:\/\/myspainfood.com\/producto\/fromage-de-chevre-et-de-vache-vin-de-ribera-del-duero-el-gran-cardenal\/"},"modified":"2025-09-02T10:44:08","modified_gmt":"2025-09-02T08:44:08","slug":"fromage-de-chevre-et-de-vache-vin-de-ribera-del-duero-el-gran-cardenal","status":"publish","type":"product","link":"https:\/\/myspainfood.com\/fr\/producto\/fromage-de-chevre-et-de-vache-vin-de-ribera-del-duero-el-gran-cardenal\/","title":{"rendered":"Fromage de ch\u00e8vre et de vache Vin de Ribera del Duero El Gran Cardenal"},"content":{"rendered":"<div class=\"et_pb_blurb_container\">\n<div class=\"et_pb_blurb_container\">\n<h4 class=\"et_pb_module_header\">Ch\u00e8vre avec vin Ribera de Duero<\/h4>\n<div class=\"et_pb_blurb_description\">Fromage cr\u00e9meux \u00e0 base de lait de ch\u00e8vre et de vache, accompagn\u00e9 d&rsquo;un des excellents vins produits en Espagne, le Ribera del Duero (une appellation qui comprend des vignobles situ\u00e9s en Castille et L\u00e9on).<\/p>\n<p>La couleur du vin est visible \u00e0 l&rsquo;int\u00e9rieur du fromage car il est ajout\u00e9 au moment de la fabrication.<\/p><\/div>\n<\/div>\n<\/div>\n","protected":false},"excerpt":{"rendered":"<p>Ch\u00e8vre avec vin Ribera de Duero Fromage cr\u00e9meux \u00e0 base de lait de ch\u00e8vre et de vache, accompagn\u00e9 d&rsquo;un des excellents vins produits en Espagne, le Ribera del Duero (une appellation qui comprend des vignobles situ\u00e9s en Castille et L\u00e9on). La couleur du vin est visible \u00e0 l&rsquo;int\u00e9rieur du fromage car il est ajout\u00e9 au [&hellip;]<\/p>\n","protected":false},"featured_media":11735,"template":"","meta":{"_et_pb_use_builder":"","_et_pb_old_content":"","_et_gb_content_width":""},"product_brand":[1319],"product_cat":[2754,1864,2295],"product_tag":[],"class_list":{"0":"post-38576","1":"product","2":"type-product","3":"status-publish","4":"has-post-thumbnail","6":"product_brand-el-gran-cardenal","7":"product_cat-durcissement","8":"product_cat-froid","9":"product_cat-fromage-et-saucisse","10":"product_shipping_class-expedition-a-froid","12":"first","13":"instock","14":"taxable","15":"shipping-taxable","16":"purchasable","17":"product-type-variable"},"_links":{"self":[{"href":"https:\/\/myspainfood.com\/fr\/wp-json\/wp\/v2\/product\/38576","targetHints":{"allow":["GET"]}}],"collection":[{"href":"https:\/\/myspainfood.com\/fr\/wp-json\/wp\/v2\/product"}],"about":[{"href":"https:\/\/myspainfood.com\/fr\/wp-json\/wp\/v2\/types\/product"}],"wp:featuredmedia":[{"embeddable":true,"href":"https:\/\/myspainfood.com\/fr\/wp-json\/wp\/v2\/media\/11735"}],"wp:attachment":[{"href":"https:\/\/myspainfood.com\/fr\/wp-json\/wp\/v2\/media?parent=38576"}],"wp:term":[{"taxonomy":"product_brand","embeddable":true,"href":"https:\/\/myspainfood.com\/fr\/wp-json\/wp\/v2\/product_brand?post=38576"},{"taxonomy":"product_cat","embeddable":true,"href":"https:\/\/myspainfood.com\/fr\/wp-json\/wp\/v2\/product_cat?post=38576"},{"taxonomy":"product_tag","embeddable":true,"href":"https:\/\/myspainfood.com\/fr\/wp-json\/wp\/v2\/product_tag?post=38576"}],"curies":[{"name":"wp","href":"https:\/\/api.w.org\/{rel}","templated":true}]}}