{"id":38883,"date":"2025-04-10T12:09:21","date_gmt":"2025-04-10T10:09:21","guid":{"rendered":"https:\/\/myspainfood.com\/producto\/240-pieces-moules-marinieres-oti-7-10-pieces\/"},"modified":"2025-04-10T12:09:21","modified_gmt":"2025-04-10T10:09:21","slug":"240-pieces-moules-marinieres-oti-7-10-pieces","status":"publish","type":"product","link":"https:\/\/myspainfood.com\/fr\/producto\/240-pieces-moules-marinieres-oti-7-10-pieces\/","title":{"rendered":"240 pi\u00e8ces. Moules marini\u00e8res Oti 7\/10 pi\u00e8ces"},"content":{"rendered":"<p>10 bo\u00eetes de 24 unit\u00e9s - 240 unit\u00e9s \u00e0 5,98 euros l&rsquo;unit\u00e9<\/p>\n<p>Les moules Oti 7\/10 pi\u00e8ces sont un produit naturel \u00e9labor\u00e9 de mani\u00e8re <a href=\"http:\/\/www.conservasoti.es\/paginas\/historia.html\" target=\"_blank\" rel=\"noopener noreferrer nofollow\">traditionnelle<\/a>.<\/p>\n<p>Conservas Oti est une entreprise de tradition familiale dont le bon travail a \u00e9t\u00e9 transmis de g\u00e9n\u00e9ration en g\u00e9n\u00e9ration.<\/p>\n<p>Le travail et les efforts de la famille ont largement permis \u00e0 <span class=\"negrita\">Conservas Oti<\/span> de se d\u00e9velopper et de s&rsquo;\u00e9tendre.<\/p>\n<p>Les principaux domaines d&rsquo;activit\u00e9 sont From the Sea, From the Land et From the Farm.<\/p>\n<p>De la mer : Moules, Ventresca, Sardinillas, Melva&#8230; Moules Oti 7\/10 pi\u00e8ces <\/p>\n<p>Les produits locaux comprennent : les pois chiches laiteux, les haricots rouges blancs, les haricots pinto, les lentilles Pardina&#8230;<\/p>\n<p>De la ferme : fromage de brebis pur, jambon ib\u00e9rique nourri au gland, salchich\u00f3n ib\u00e9rique nourri au gland, chorizo ib\u00e9rique nourri au gland,&#8230;<\/p>\n<h4>Principaux avantages des aliments en conserve<\/h4>\n<ol>\n<li>Ils pr\u00e9servent toutes les propri\u00e9t\u00e9s nutritionnelles de l&rsquo;aliment lui-m\u00eame. Les aliments conservent leur fra\u00eecheur. <\/li>\n<li>Les aliments utilis\u00e9s sont sains et conviennent donc \u00e0 un r\u00e9gime optimal en raison de leur teneur \u00e9lev\u00e9e en vitamines et en prot\u00e9ines.<\/li>\n<li>Ces produits ont une dur\u00e9e de vie plus longue (2 \u00e0 5 ans en g\u00e9n\u00e9ral).<\/li>\n<li>Les conserves sont tr\u00e8s faciles \u00e0 conserver car leur emballage est facile \u00e0 appliquer.<\/li>\n<\/ol>\n<p>Si vous souhaitez acheter du thon ou tout autre type d&rsquo;<a href=\"https:\/\/latiendadesami.com\/categoria-producto\/conservas\/\" rel=\"noopener noreferrer nofollow\" target=\"_blank\">aliment en conserve<\/a>, n&rsquo;h\u00e9sitez pas \u00e0 consulter notre catalogue en ligne pour voir la grande vari\u00e9t\u00e9 de <a href=\"https:\/\/latiendadesami.com\/categoria-producto\/conservas\/atun-y-bonito\/\" target=\"_blank\" rel=\"noopener noreferrer nofollow\">thon<\/a> que nous avons.<\/p>\n<p>\u00c9crivez-nous pour plus d&rsquo;informations.<\/p>\n","protected":false},"excerpt":{"rendered":"<p>10 bo\u00eetes de 24 unit\u00e9s - 240 unit\u00e9s \u00e0 5,98 euros l&rsquo;unit\u00e9 Les moules Oti 7\/10 pi\u00e8ces sont un produit naturel \u00e9labor\u00e9 de mani\u00e8re traditionnelle. Conservas Oti est une entreprise de tradition familiale dont le bon travail a \u00e9t\u00e9 transmis de g\u00e9n\u00e9ration en g\u00e9n\u00e9ration. Le travail et les efforts de la famille ont largement permis [&hellip;]<\/p>\n","protected":false},"featured_media":7937,"template":"","meta":{"_et_pb_use_builder":"","_et_pb_old_content":"","_et_gb_content_width":""},"product_brand":[1075],"product_cat":[2985,1941,4068],"product_tag":[],"class_list":{"0":"post-38883","1":"product","2":"type-product","3":"status-publish","4":"has-post-thumbnail","6":"product_brand-oti","7":"product_cat-commerce-de-gros","8":"product_cat-conserves","9":"product_cat-moules-fr","11":"first","12":"outofstock","13":"taxable","14":"shipping-taxable","15":"purchasable","16":"product-type-simple"},"_links":{"self":[{"href":"https:\/\/myspainfood.com\/fr\/wp-json\/wp\/v2\/product\/38883","targetHints":{"allow":["GET"]}}],"collection":[{"href":"https:\/\/myspainfood.com\/fr\/wp-json\/wp\/v2\/product"}],"about":[{"href":"https:\/\/myspainfood.com\/fr\/wp-json\/wp\/v2\/types\/product"}],"wp:featuredmedia":[{"embeddable":true,"href":"https:\/\/myspainfood.com\/fr\/wp-json\/wp\/v2\/media\/7937"}],"wp:attachment":[{"href":"https:\/\/myspainfood.com\/fr\/wp-json\/wp\/v2\/media?parent=38883"}],"wp:term":[{"taxonomy":"product_brand","embeddable":true,"href":"https:\/\/myspainfood.com\/fr\/wp-json\/wp\/v2\/product_brand?post=38883"},{"taxonomy":"product_cat","embeddable":true,"href":"https:\/\/myspainfood.com\/fr\/wp-json\/wp\/v2\/product_cat?post=38883"},{"taxonomy":"product_tag","embeddable":true,"href":"https:\/\/myspainfood.com\/fr\/wp-json\/wp\/v2\/product_tag?post=38883"}],"curies":[{"name":"wp","href":"https:\/\/api.w.org\/{rel}","templated":true}]}}