{"id":39236,"date":"2025-04-10T12:09:43","date_gmt":"2025-04-10T10:09:43","guid":{"rendered":"https:\/\/myspainfood.com\/producto\/fromage-el-gran-cardenal-semicured-san-isidro\/"},"modified":"2025-07-28T13:13:39","modified_gmt":"2025-07-28T11:13:39","slug":"fromage-el-gran-cardenal-semicured-san-isidro","status":"publish","type":"product","link":"https:\/\/myspainfood.com\/fr\/producto\/fromage-el-gran-cardenal-semicured-san-isidro\/","title":{"rendered":"Fromage El Gran Cardenal Semicured San Isidro"},"content":{"rendered":"<p>Le plus doux des fromages, en raison de sa teneur plus \u00e9lev\u00e9e en lait de vache et d&rsquo;un minimum de 10 % de lait de brebis.<\/p>\n<p>Il existe deux types de fromages en fonction de leur affinage : semi-affin\u00e9 (de 2 \u00e0 4 mois d&rsquo;affinage) et affin\u00e9 (de 4 \u00e0 6 mois d&rsquo;affinage).<\/p>\n","protected":false},"excerpt":{"rendered":"<p>Le plus doux des fromages, en raison de sa teneur plus \u00e9lev\u00e9e en lait de vache et d&rsquo;un minimum de 10 % de lait de brebis. Il existe deux types de fromages en fonction de leur affinage : semi-affin\u00e9 (de 2 \u00e0 4 mois d&rsquo;affinage) et affin\u00e9 (de 4 \u00e0 6 mois d&rsquo;affinage).<\/p>\n","protected":false},"featured_media":12086,"template":"","meta":{"_et_pb_use_builder":"","_et_pb_old_content":"","_et_gb_content_width":""},"product_brand":[1319],"product_cat":[2754,1864,2295],"product_tag":[],"class_list":{"0":"post-39236","1":"product","2":"type-product","3":"status-publish","4":"has-post-thumbnail","6":"product_brand-el-gran-cardenal","7":"product_cat-durcissement","8":"product_cat-froid","9":"product_cat-fromage-et-saucisse","10":"product_shipping_class-expedition-a-froid","12":"first","13":"outofstock","14":"taxable","15":"shipping-taxable","16":"product-type-variable"},"_links":{"self":[{"href":"https:\/\/myspainfood.com\/fr\/wp-json\/wp\/v2\/product\/39236","targetHints":{"allow":["GET"]}}],"collection":[{"href":"https:\/\/myspainfood.com\/fr\/wp-json\/wp\/v2\/product"}],"about":[{"href":"https:\/\/myspainfood.com\/fr\/wp-json\/wp\/v2\/types\/product"}],"wp:featuredmedia":[{"embeddable":true,"href":"https:\/\/myspainfood.com\/fr\/wp-json\/wp\/v2\/media\/12086"}],"wp:attachment":[{"href":"https:\/\/myspainfood.com\/fr\/wp-json\/wp\/v2\/media?parent=39236"}],"wp:term":[{"taxonomy":"product_brand","embeddable":true,"href":"https:\/\/myspainfood.com\/fr\/wp-json\/wp\/v2\/product_brand?post=39236"},{"taxonomy":"product_cat","embeddable":true,"href":"https:\/\/myspainfood.com\/fr\/wp-json\/wp\/v2\/product_cat?post=39236"},{"taxonomy":"product_tag","embeddable":true,"href":"https:\/\/myspainfood.com\/fr\/wp-json\/wp\/v2\/product_tag?post=39236"}],"curies":[{"name":"wp","href":"https:\/\/api.w.org\/{rel}","templated":true}]}}