{"id":39622,"date":"2025-04-10T12:14:28","date_gmt":"2025-04-10T10:14:28","guid":{"rendered":"https:\/\/myspainfood.com\/producto\/pincha-selection-filets-de-bonite-a-lhuile-dolive-50-olive-50-tournesol-400-g\/"},"modified":"2026-01-30T08:25:43","modified_gmt":"2026-01-30T07:25:43","slug":"pincha-selection-filets-de-bonite-a-lhuile-dolive-50-olive-50-tournesol-400-g","status":"publish","type":"product","link":"https:\/\/myspainfood.com\/fr\/producto\/pincha-selection-filets-de-bonite-a-lhuile-dolive-50-olive-50-tournesol-400-g\/","title":{"rendered":"Pincha Selection Filets de bonite \u00e0 l&rsquo;huile d&rsquo;olive (50% olive - 50% tournesol) 400 g"},"content":{"rendered":"<p><strong>Faites l&rsquo;exp\u00e9rience de la plus haute qualit\u00e9 et de la saveur de la mer avec les filets de bonite \u00e0 l&rsquo;huile Pincha Selecci\u00f3n<\/strong>. Ce produit exclusif, pr\u00e9sent\u00e9 dans un format de 400 grammes, associe la d\u00e9licatesse du thon \u00e0 un m\u00e9lange parfait d&rsquo;huiles d&rsquo;olive et de tournesol, offrant ainsi une exp\u00e9rience culinaire unique. <\/p>\n<p><strong>Caract\u00e9ristiques du produit :<\/strong><\/p>\n<ul>\n<li><strong>S\u00e9lection de premier choix :<\/strong> nos longes de thon sont m\u00e9ticuleusement s\u00e9lectionn\u00e9es parmi les meilleures prises, ce qui garantit une texture tendre et une saveur exquise.<\/li>\n<li><strong>M\u00e9lange d&rsquo;huiles de haute qualit\u00e9 :<\/strong> la combinaison de 50 % d&rsquo;huile d&rsquo;olive et de 50 % d&rsquo;huile de tournesol offre un \u00e9quilibre parfait entre saveur et douceur, mettant en valeur les qualit\u00e9s naturelles du thon.<\/li>\n<li><strong>Avantages nutritionnels :<\/strong> Ce produit est une riche source de prot\u00e9ines, d&rsquo;om\u00e9ga-3 et de vitamines, id\u00e9ale pour un r\u00e9gime alimentaire \u00e9quilibr\u00e9 et sain.<\/li>\n<li><strong>Polyvalence dans la cuisine :<\/strong> parfait pour pr\u00e9parer une grande vari\u00e9t\u00e9 de plats, des salades aux tapas en passant par les p\u00e2tes et les plats principaux. Sa polyvalence en fait un ingr\u00e9dient essentiel de votre garde-manger. <\/li>\n<li><strong>Format familial :<\/strong> Le paquet de 400 grammes est id\u00e9al pour les familles ou pour ceux qui recherchent une option pratique et \u00e9conomique pour leurs pr\u00e9parations quotidiennes.<\/li>\n<\/ul>\n<p><strong>Avantages de choisir Pincha Selecci\u00f3n :<\/strong><\/p>\n<ul>\n<li><strong>Engagement en faveur de l&rsquo;excellence :<\/strong> nous nous effor\u00e7ons d&rsquo;offrir des produits de la mer de la plus haute qualit\u00e9, en mettant l&rsquo;accent sur la durabilit\u00e9 et le respect de l&rsquo;environnement.<\/li>\n<li>Le go\u00fbt authentique <strong>de la mer :<\/strong> Savourez le go\u00fbt authentique de la bonite, un poisson appr\u00e9ci\u00e9 pour sa chair blanche et d\u00e9licate.<\/li>\n<li><strong>Conservation optimale :<\/strong> Nous utilisons des m\u00e9thodes de conservation traditionnelles pour garantir que chaque longe de bonite conserve ses propri\u00e9t\u00e9s nutritionnelles et sa fra\u00eecheur.<\/li>\n<\/ul>\n<p><strong>Conseils de conservation :<\/strong><\/p>\n<p>Pour conserver au mieux le produit, conservez-le dans un endroit frais et sec. Une fois ouvert, conservez au r\u00e9frig\u00e9rateur et consommez dans les 3 jours. <\/p>\n<p><strong>Profitez d&rsquo;une exp\u00e9rience gastronomique de qualit\u00e9 sup\u00e9rieure :<\/strong><\/p>\n<p>Ajoutez une touche d&rsquo;\u00e9l\u00e9gance et de saveur \u00e0 vos repas avec les <strong>filets de bonite Pincha Selecci\u00f3n \u00e0 l&rsquo;huile (50 % olive - 50 % tournesol)<\/strong>. Parfait pour ceux qui appr\u00e9cient la qualit\u00e9, la nutrition et la saveur dans chaque bouch\u00e9e. <\/p>\n<p>Transformez chaque repas en une exp\u00e9rience gastronomique avec Pincha Selecci\u00f3n !<\/p>\n","protected":false},"excerpt":{"rendered":"<p>Faites l&rsquo;exp\u00e9rience de la plus haute qualit\u00e9 et de la saveur de la mer avec les filets de bonite \u00e0 l&rsquo;huile Pincha Selecci\u00f3n. Ce produit exclusif, pr\u00e9sent\u00e9 dans un format de 400 grammes, associe la d\u00e9licatesse du thon \u00e0 un m\u00e9lange parfait d&rsquo;huiles d&rsquo;olive et de tournesol, offrant ainsi une exp\u00e9rience culinaire unique. Caract\u00e9ristiques du [&hellip;]<\/p>\n","protected":false},"featured_media":14849,"template":"","meta":{"_et_pb_use_builder":"","_et_pb_old_content":"","_et_gb_content_width":""},"product_brand":[1467],"product_cat":[1941,4266],"product_tag":[],"class_list":{"0":"post-39622","1":"product","2":"type-product","3":"status-publish","4":"has-post-thumbnail","6":"product_brand-pincha-seleccion","7":"product_cat-conserves","8":"product_cat-thon-et-bonite","10":"first","11":"instock","12":"featured","13":"taxable","14":"shipping-taxable","15":"purchasable","16":"product-type-variable"},"_links":{"self":[{"href":"https:\/\/myspainfood.com\/fr\/wp-json\/wp\/v2\/product\/39622","targetHints":{"allow":["GET"]}}],"collection":[{"href":"https:\/\/myspainfood.com\/fr\/wp-json\/wp\/v2\/product"}],"about":[{"href":"https:\/\/myspainfood.com\/fr\/wp-json\/wp\/v2\/types\/product"}],"wp:featuredmedia":[{"embeddable":true,"href":"https:\/\/myspainfood.com\/fr\/wp-json\/wp\/v2\/media\/14849"}],"wp:attachment":[{"href":"https:\/\/myspainfood.com\/fr\/wp-json\/wp\/v2\/media?parent=39622"}],"wp:term":[{"taxonomy":"product_brand","embeddable":true,"href":"https:\/\/myspainfood.com\/fr\/wp-json\/wp\/v2\/product_brand?post=39622"},{"taxonomy":"product_cat","embeddable":true,"href":"https:\/\/myspainfood.com\/fr\/wp-json\/wp\/v2\/product_cat?post=39622"},{"taxonomy":"product_tag","embeddable":true,"href":"https:\/\/myspainfood.com\/fr\/wp-json\/wp\/v2\/product_tag?post=39622"}],"curies":[{"name":"wp","href":"https:\/\/api.w.org\/{rel}","templated":true}]}}