{"id":39731,"date":"2025-04-10T12:12:57","date_gmt":"2025-04-10T10:12:57","guid":{"rendered":"https:\/\/myspainfood.com\/producto\/la-vieja-fabrica-confiture-de-fraises-diet-280-g\/"},"modified":"2025-04-10T12:12:57","modified_gmt":"2025-04-10T10:12:57","slug":"la-vieja-fabrica-confiture-de-fraises-diet-280-g","status":"publish","type":"product","link":"https:\/\/myspainfood.com\/fr\/producto\/la-vieja-fabrica-confiture-de-fraises-diet-280-g\/","title":{"rendered":"La Vieja F\u00e1brica Confiture de fraises DIET 280 g"},"content":{"rendered":"<p>La confiture de fraises di\u00e9t\u00e9tique de La Vieja F\u00e1brica est une option d\u00e9licieuse et saine pour ceux qui veulent profiter de la saveur authentique des fraises sans ajouter de sucres raffin\u00e9s. Cette confiture di\u00e9t\u00e9tique est \u00e9labor\u00e9e \u00e0 partir d&rsquo;ingr\u00e9dients naturels et d&rsquo;\u00e9dulcorants \u00e0 faible teneur en calories, ce qui en fait une alternative parfaite pour ceux qui surveillent leur apport calorique et glyc\u00e9mique. <\/p>\n<p><span class=\"info-key \"><strong>Nom de la denr\u00e9e alimentaire<\/strong>:<\/span> Confiture di\u00e9t\u00e9tique de fraises<\/p>\n<p><span class=\"info-key \"><strong>Nom de l&rsquo;op\u00e9rateur<\/strong>:<\/span> \u00c1ngel Camacho Alimentaci\u00f3n, S.L.<\/p>\n<p><span class=\"info-key \"><strong>Adresse de l&rsquo;op\u00e9rateur<\/strong>:<\/span> Avda. del Pilar, 6 - 41530 Mor\u00f3n de la Frontera (Sevilla)<\/p>\n<p><strong><span class=\"info-key \">Lieu d&rsquo;origine de l&rsquo;aliment :<\/span><\/strong> Produit d&rsquo;Espagne<\/p>\n<p><strong><span class=\"info-key \">Quantit\u00e9 nette :<\/span><\/strong> 280 g<\/p>\n<p><strong><span class=\"info-key \">Autres informations obligatoires sur l&rsquo;\u00e9tiquette :<\/span><\/strong> Convient aux diab\u00e9tiques. Fabriqu\u00e9 avec 55 g de fraises pour 100 g. <\/p>\n<p><strong>La teneur totale en sucre est de<\/strong> 42 g pour 100 g.<\/p>\n","protected":false},"excerpt":{"rendered":"<p>La confiture de fraises di\u00e9t\u00e9tique de La Vieja F\u00e1brica est une option d\u00e9licieuse et saine pour ceux qui veulent profiter de la saveur authentique des fraises sans ajouter de sucres raffin\u00e9s. Cette confiture di\u00e9t\u00e9tique est \u00e9labor\u00e9e \u00e0 partir d&rsquo;ingr\u00e9dients naturels et d&rsquo;\u00e9dulcorants \u00e0 faible teneur en calories, ce qui en fait une alternative parfaite pour [&hellip;]<\/p>\n","protected":false},"featured_media":14390,"template":"","meta":{"_et_pb_use_builder":"","_et_pb_old_content":"","_et_gb_content_width":""},"product_brand":[1460],"product_cat":[1941],"product_tag":[],"class_list":{"0":"post-39731","1":"product","2":"type-product","3":"status-publish","4":"has-post-thumbnail","6":"product_brand-la-vieja-fabrica","7":"product_cat-conserves","9":"first","10":"outofstock","11":"taxable","12":"shipping-taxable","13":"product-type-variable"},"_links":{"self":[{"href":"https:\/\/myspainfood.com\/fr\/wp-json\/wp\/v2\/product\/39731","targetHints":{"allow":["GET"]}}],"collection":[{"href":"https:\/\/myspainfood.com\/fr\/wp-json\/wp\/v2\/product"}],"about":[{"href":"https:\/\/myspainfood.com\/fr\/wp-json\/wp\/v2\/types\/product"}],"wp:featuredmedia":[{"embeddable":true,"href":"https:\/\/myspainfood.com\/fr\/wp-json\/wp\/v2\/media\/14390"}],"wp:attachment":[{"href":"https:\/\/myspainfood.com\/fr\/wp-json\/wp\/v2\/media?parent=39731"}],"wp:term":[{"taxonomy":"product_brand","embeddable":true,"href":"https:\/\/myspainfood.com\/fr\/wp-json\/wp\/v2\/product_brand?post=39731"},{"taxonomy":"product_cat","embeddable":true,"href":"https:\/\/myspainfood.com\/fr\/wp-json\/wp\/v2\/product_cat?post=39731"},{"taxonomy":"product_tag","embeddable":true,"href":"https:\/\/myspainfood.com\/fr\/wp-json\/wp\/v2\/product_tag?post=39731"}],"curies":[{"name":"wp","href":"https:\/\/api.w.org\/{rel}","templated":true}]}}