{"id":39823,"date":"2025-04-10T12:13:20","date_gmt":"2025-04-10T10:13:20","guid":{"rendered":"https:\/\/myspainfood.com\/producto\/vin-mataromera-ribera-del-duero-crianza-2019-appellation-dorigine-75-cl\/"},"modified":"2026-01-29T12:53:50","modified_gmt":"2026-01-29T11:53:50","slug":"vin-mataromera-ribera-del-duero-crianza-2019-appellation-dorigine-75-cl","status":"publish","type":"product","link":"https:\/\/myspainfood.com\/fr\/producto\/vin-mataromera-ribera-del-duero-crianza-2019-appellation-dorigine-75-cl\/","title":{"rendered":"Vin Mataromera Ribera del Duero Crianza 2019 Appellation d&rsquo;Origine 75 cl"},"content":{"rendered":"<p>Mataromera est une cave renomm\u00e9e de Ribera del Duero, connue pour son d\u00e9vouement \u00e0 l&rsquo;excellence et l&rsquo;utilisation de techniques de viticulture et de vinification qui respectent \u00e0 la fois la tradition et l&rsquo;innovation. Ce vin refl\u00e8te le caract\u00e8re unique des vignobles situ\u00e9s sur les pentes de la vall\u00e9e du Duero, o\u00f9 le climat continental extr\u00eame et les sols argilo-calcaires offrent des conditions id\u00e9ales pour la culture du Tempranillo. <\/p>\n<p>&nbsp;<\/p>\n<p>Ce vin est une expression authentique de la Ribera del Duero, offrant une exp\u00e9rience sensorielle riche et m\u00e9morable. Il est parfait pour les c\u00e9l\u00e9brations sp\u00e9ciales ou pour un d\u00eener sophistiqu\u00e9. <\/p>\n<p>&nbsp;<\/p>\n<p>Vieillissement en f\u00fbts de ch\u00eane fran\u00e7ais et am\u00e9ricain pendant environ 14 mois, suivi d&rsquo;une p\u00e9riode suppl\u00e9mentaire d&rsquo;affinage en bouteille.<\/p>\n","protected":false},"excerpt":{"rendered":"<p>Mataromera est une cave renomm\u00e9e de Ribera del Duero, connue pour son d\u00e9vouement \u00e0 l&rsquo;excellence et l&rsquo;utilisation de techniques de viticulture et de vinification qui respectent \u00e0 la fois la tradition et l&rsquo;innovation. Ce vin refl\u00e8te le caract\u00e8re unique des vignobles situ\u00e9s sur les pentes de la vall\u00e9e du Duero, o\u00f9 le climat continental extr\u00eame [&hellip;]<\/p>\n","protected":false},"featured_media":14561,"template":"","meta":{"_et_pb_use_builder":"","_et_pb_old_content":"","_et_gb_content_width":""},"product_brand":[1462],"product_cat":[4900,6279],"product_tag":[],"class_list":{"0":"post-39823","1":"product","2":"type-product","3":"status-publish","4":"has-post-thumbnail","6":"product_brand-matarromera","7":"product_cat-boissons","8":"product_cat-le-vin-fr-2","10":"first","11":"outofstock","12":"taxable","13":"shipping-taxable","14":"product-type-variable"},"_links":{"self":[{"href":"https:\/\/myspainfood.com\/fr\/wp-json\/wp\/v2\/product\/39823","targetHints":{"allow":["GET"]}}],"collection":[{"href":"https:\/\/myspainfood.com\/fr\/wp-json\/wp\/v2\/product"}],"about":[{"href":"https:\/\/myspainfood.com\/fr\/wp-json\/wp\/v2\/types\/product"}],"wp:featuredmedia":[{"embeddable":true,"href":"https:\/\/myspainfood.com\/fr\/wp-json\/wp\/v2\/media\/14561"}],"wp:attachment":[{"href":"https:\/\/myspainfood.com\/fr\/wp-json\/wp\/v2\/media?parent=39823"}],"wp:term":[{"taxonomy":"product_brand","embeddable":true,"href":"https:\/\/myspainfood.com\/fr\/wp-json\/wp\/v2\/product_brand?post=39823"},{"taxonomy":"product_cat","embeddable":true,"href":"https:\/\/myspainfood.com\/fr\/wp-json\/wp\/v2\/product_cat?post=39823"},{"taxonomy":"product_tag","embeddable":true,"href":"https:\/\/myspainfood.com\/fr\/wp-json\/wp\/v2\/product_tag?post=39823"}],"curies":[{"name":"wp","href":"https:\/\/api.w.org\/{rel}","templated":true}]}}