{"id":39873,"date":"2025-04-10T12:13:45","date_gmt":"2025-04-10T10:13:45","guid":{"rendered":"https:\/\/myspainfood.com\/producto\/fromage-de-chevre-sierra-zarza-gourmet-750-grammes\/"},"modified":"2025-04-10T12:13:45","modified_gmt":"2025-04-10T10:13:45","slug":"fromage-de-chevre-sierra-zarza-gourmet-750-grammes","status":"publish","type":"product","link":"https:\/\/myspainfood.com\/fr\/producto\/fromage-de-chevre-sierra-zarza-gourmet-750-grammes\/","title":{"rendered":"Fromage de ch\u00e8vre Sierra Zarza Gourmet 750 grammes"},"content":{"rendered":"<p>D\u00e9couvrez l&rsquo;essence authentique de la campagne avec notre exquis fromage de ch\u00e8vre Sierra Zarza, un d\u00e9lice artisanal qui incarne la tradition et la qualit\u00e9 du lait de ch\u00e8vre le plus pur. Provenant de troupeaux s\u00e9lectionn\u00e9s qui paissent librement sur les pentes de la Sierra Zarza, ce fromage offre une exp\u00e9rience gastronomique in\u00e9gal\u00e9e. <\/p>\n<p>Le fromage de ch\u00e8vre Sierra Zarza se pr\u00e9sente sous une forme \u00e9l\u00e9gante, id\u00e9ale pour les occasions sp\u00e9ciales et l&rsquo;usage quotidien. Parfait avec les vins blancs et ros\u00e9s, il est \u00e9galement un excellent compl\u00e9ment aux salades, aux tapas et aux desserts gastronomiques. Sa polyvalence en cuisine en fait un ingr\u00e9dient indispensable pour les amateurs de bonne cuisine.  <\/p>\n<p>D\u00e9couvrez l&rsquo;essence authentique de la campagne avec notre exquis fromage de ch\u00e8vre Sierra Zarza, un d\u00e9lice artisanal qui incarne la tradition et la qualit\u00e9 du lait de ch\u00e8vre le plus pur. Provenant de troupeaux s\u00e9lectionn\u00e9s qui paissent librement sur les pentes de la Sierra Zarza, ce fromage offre une exp\u00e9rience gastronomique in\u00e9gal\u00e9e. <\/p>\n<p>&nbsp;<\/p>\n<p>Le fromage de ch\u00e8vre Sierra Zarza se pr\u00e9sente sous une forme \u00e9l\u00e9gante, id\u00e9ale pour les occasions sp\u00e9ciales et l&rsquo;usage quotidien. Parfait avec les vins blancs et ros\u00e9s, il est \u00e9galement un excellent compl\u00e9ment aux salades, aux tapas et aux desserts gastronomiques. Sa polyvalence en cuisine en fait un ingr\u00e9dient indispensable pour les amateurs de bonne cuisine.  <\/p>\n","protected":false},"excerpt":{"rendered":"<p>D\u00e9couvrez l&rsquo;essence authentique de la campagne avec notre exquis fromage de ch\u00e8vre Sierra Zarza, un d\u00e9lice artisanal qui incarne la tradition et la qualit\u00e9 du lait de ch\u00e8vre le plus pur. Provenant de troupeaux s\u00e9lectionn\u00e9s qui paissent librement sur les pentes de la Sierra Zarza, ce fromage offre une exp\u00e9rience gastronomique in\u00e9gal\u00e9e. Le fromage de [&hellip;]<\/p>\n","protected":false},"featured_media":14669,"template":"","meta":{"_et_pb_use_builder":"","_et_pb_old_content":"","_et_gb_content_width":""},"product_brand":[1465],"product_cat":[2754,2295],"product_tag":[],"class_list":{"0":"post-39873","1":"product","2":"type-product","3":"status-publish","4":"has-post-thumbnail","6":"product_brand-sierra-zarza","7":"product_cat-durcissement","8":"product_cat-fromage-et-saucisse","10":"first","11":"outofstock","12":"taxable","13":"shipping-taxable","14":"purchasable","15":"product-type-variable"},"_links":{"self":[{"href":"https:\/\/myspainfood.com\/fr\/wp-json\/wp\/v2\/product\/39873","targetHints":{"allow":["GET"]}}],"collection":[{"href":"https:\/\/myspainfood.com\/fr\/wp-json\/wp\/v2\/product"}],"about":[{"href":"https:\/\/myspainfood.com\/fr\/wp-json\/wp\/v2\/types\/product"}],"wp:featuredmedia":[{"embeddable":true,"href":"https:\/\/myspainfood.com\/fr\/wp-json\/wp\/v2\/media\/14669"}],"wp:attachment":[{"href":"https:\/\/myspainfood.com\/fr\/wp-json\/wp\/v2\/media?parent=39873"}],"wp:term":[{"taxonomy":"product_brand","embeddable":true,"href":"https:\/\/myspainfood.com\/fr\/wp-json\/wp\/v2\/product_brand?post=39873"},{"taxonomy":"product_cat","embeddable":true,"href":"https:\/\/myspainfood.com\/fr\/wp-json\/wp\/v2\/product_cat?post=39873"},{"taxonomy":"product_tag","embeddable":true,"href":"https:\/\/myspainfood.com\/fr\/wp-json\/wp\/v2\/product_tag?post=39873"}],"curies":[{"name":"wp","href":"https:\/\/api.w.org\/{rel}","templated":true}]}}