{"id":39953,"date":"2025-04-10T12:13:45","date_gmt":"2025-04-10T10:13:45","guid":{"rendered":"https:\/\/myspainfood.com\/producto\/ramon-bilbao-rioja-crianza-2020-appellation-dorigine-75-cl\/"},"modified":"2026-01-29T12:57:34","modified_gmt":"2026-01-29T11:57:34","slug":"ramon-bilbao-rioja-crianza-2020-appellation-dorigine-75-cl","status":"publish","type":"product","link":"https:\/\/myspainfood.com\/fr\/producto\/ramon-bilbao-rioja-crianza-2020-appellation-dorigine-75-cl\/","title":{"rendered":"Ramon Bilbao Rioja Crianza 2020 Appellation d&rsquo;Origine 75 cl"},"content":{"rendered":"<p>D\u00e9couvrez l&rsquo;excellence de la Rioja avec le Ram\u00f3n Bilbao Crianza 2020, un vin rouge qui refl\u00e8te la tradition et l&rsquo;esprit d&rsquo;innovation de l&rsquo;une des plus prestigieuses caves d&rsquo;Espagne. \u00c9labor\u00e9 avec une attention m\u00e9ticuleuse aux d\u00e9tails, ce vin est une repr\u00e9sentation authentique de la qualit\u00e9 et du caract\u00e8re de la r\u00e9gion de la Rioja. <\/p>\n<p>&nbsp;<\/p>\n<p>La cave Ram\u00f3n Bilbao, fond\u00e9e en 1924, allie la tradition viticole de la Rioja \u00e0 une vision novatrice, cr\u00e9ant des vins qui sont \u00e0 la fois un hommage au patrimoine de la r\u00e9gion et une expression de la modernit\u00e9. Ram\u00f3n Bilbao Crianza 2020 est un vin qui vous invite \u00e0 explorer la richesse et la diversit\u00e9 de la Rioja, id\u00e9al pour toutes les occasions, des d\u00eeners formels aux r\u00e9unions informelles. <\/p>\n","protected":false},"excerpt":{"rendered":"<p>D\u00e9couvrez l&rsquo;excellence de la Rioja avec le Ram\u00f3n Bilbao Crianza 2020, un vin rouge qui refl\u00e8te la tradition et l&rsquo;esprit d&rsquo;innovation de l&rsquo;une des plus prestigieuses caves d&rsquo;Espagne. \u00c9labor\u00e9 avec une attention m\u00e9ticuleuse aux d\u00e9tails, ce vin est une repr\u00e9sentation authentique de la qualit\u00e9 et du caract\u00e8re de la r\u00e9gion de la Rioja. &nbsp; La [&hellip;]<\/p>\n","protected":false},"featured_media":14615,"template":"","meta":{"_et_pb_use_builder":"","_et_pb_old_content":"","_et_gb_content_width":""},"product_brand":[1463],"product_cat":[4900,6279],"product_tag":[],"class_list":{"0":"post-39953","1":"product","2":"type-product","3":"status-publish","4":"has-post-thumbnail","6":"product_brand-ramon-bilbao","7":"product_cat-boissons","8":"product_cat-le-vin-fr-2","10":"first","11":"outofstock","12":"taxable","13":"shipping-taxable","14":"product-type-variable"},"_links":{"self":[{"href":"https:\/\/myspainfood.com\/fr\/wp-json\/wp\/v2\/product\/39953","targetHints":{"allow":["GET"]}}],"collection":[{"href":"https:\/\/myspainfood.com\/fr\/wp-json\/wp\/v2\/product"}],"about":[{"href":"https:\/\/myspainfood.com\/fr\/wp-json\/wp\/v2\/types\/product"}],"wp:featuredmedia":[{"embeddable":true,"href":"https:\/\/myspainfood.com\/fr\/wp-json\/wp\/v2\/media\/14615"}],"wp:attachment":[{"href":"https:\/\/myspainfood.com\/fr\/wp-json\/wp\/v2\/media?parent=39953"}],"wp:term":[{"taxonomy":"product_brand","embeddable":true,"href":"https:\/\/myspainfood.com\/fr\/wp-json\/wp\/v2\/product_brand?post=39953"},{"taxonomy":"product_cat","embeddable":true,"href":"https:\/\/myspainfood.com\/fr\/wp-json\/wp\/v2\/product_cat?post=39953"},{"taxonomy":"product_tag","embeddable":true,"href":"https:\/\/myspainfood.com\/fr\/wp-json\/wp\/v2\/product_tag?post=39953"}],"curies":[{"name":"wp","href":"https:\/\/api.w.org\/{rel}","templated":true}]}}