{"id":40003,"date":"2025-04-10T12:14:06","date_gmt":"2025-04-10T10:14:06","guid":{"rendered":"https:\/\/myspainfood.com\/producto\/a-inigo-garbanzos-de-primera-3-kg\/"},"modified":"2025-04-10T12:14:06","modified_gmt":"2025-04-10T10:14:06","slug":"a-inigo-garbanzos-de-primera-3-kg","status":"publish","type":"product","link":"https:\/\/myspainfood.com\/fr\/producto\/a-inigo-garbanzos-de-primera-3-kg\/","title":{"rendered":"A. I\u00f1igo Garbanzos de Primera 3 kg"},"content":{"rendered":"<p>D\u00e9couvrez les <strong>pois chiches de Primera A. I\u00f1igo. I\u00f1igo<\/strong>, m\u00e9ticuleusement s\u00e9lectionn\u00e9s pour vous offrir la meilleure qualit\u00e9 et la meilleure saveur dans chaque grain. Ces pois chiches de qualit\u00e9 sup\u00e9rieure sont l&rsquo;ingr\u00e9dient parfait pour rehausser vos plats, offrant une texture lisse et cr\u00e9meuse qui s&rsquo;adapte \u00e0 une grande vari\u00e9t\u00e9 de recettes. <\/p>\n<p><strong>Avantages :<\/strong><\/p>\n<ul>\n<li><strong>Nutritif :<\/strong> riche en fibres et en prot\u00e9ines, essentielles \u00e0 une alimentation saine et \u00e9quilibr\u00e9e.<\/li>\n<li><strong>Energ\u00e9tiques :<\/strong> ils apportent de l&rsquo;\u00e9nergie et de la sati\u00e9t\u00e9 et sont id\u00e9aux pour tous les repas de la journ\u00e9e.<\/li>\n<li><strong>Sain :<\/strong> Sans additifs ni conservateurs, ils constituent un choix naturel et sain pour toute la famille.<\/li>\n<li><strong>Polyvalence en cuisine :<\/strong> ils s&rsquo;adaptent \u00e0 une grande vari\u00e9t\u00e9 de recettes, tant traditionnelles que modernes, vous permettant de cr\u00e9er des plats d\u00e9licieux et nutritifs.<\/li>\n<\/ul>\n<p><strong>Recommandations d&rsquo;utilisation :<\/strong><\/p>\n<ul>\n<li><strong>Salades :<\/strong> Ajoutez-les \u00e0 vos salades pour une touche de texture et de nutrition.<\/li>\n<li><strong>Rago\u00fbts et soupes :<\/strong> parfait pour enrichir les rago\u00fbts de viande, de volaille ou de l\u00e9gumes, ainsi que les soupes r\u00e9confortantes.<\/li>\n<li><strong>Houmous :<\/strong> utilisez-les pour pr\u00e9parer du houmous maison, en y ajoutant du tahini, du citron, de l&rsquo;ail et de l&rsquo;huile d&rsquo;olive.<\/li>\n<li><strong>Plats traditionnels :<\/strong> Id\u00e9al pour les rago\u00fbts, les plats mijot\u00e9s et autres recettes espagnoles traditionnelles.<\/li>\n<\/ul>\n<p><strong>Conservation :<\/strong><\/p>\n<ul>\n<li>Conserver dans un endroit frais et sec.<\/li>\n<li>Conservez le r\u00e9cipient herm\u00e9tiquement ferm\u00e9 pour pr\u00e9server la fra\u00eecheur.<\/li>\n<\/ul>\n","protected":false},"excerpt":{"rendered":"<p>D\u00e9couvrez les pois chiches de Primera A. I\u00f1igo. I\u00f1igo, m\u00e9ticuleusement s\u00e9lectionn\u00e9s pour vous offrir la meilleure qualit\u00e9 et la meilleure saveur dans chaque grain. Ces pois chiches de qualit\u00e9 sup\u00e9rieure sont l&rsquo;ingr\u00e9dient parfait pour rehausser vos plats, offrant une texture lisse et cr\u00e9meuse qui s&rsquo;adapte \u00e0 une grande vari\u00e9t\u00e9 de recettes. Avantages : Nutritif : [&hellip;]<\/p>\n","protected":false},"featured_media":14804,"template":"","meta":{"_et_pb_use_builder":"","_et_pb_old_content":"","_et_gb_content_width":""},"product_brand":[1461],"product_cat":[2193],"product_tag":[],"class_list":{"0":"post-40003","1":"product","2":"type-product","3":"status-publish","4":"has-post-thumbnail","6":"product_brand-a-inigo","7":"product_cat-categorie-dessai","9":"first","10":"outofstock","11":"taxable","12":"shipping-taxable","13":"product-type-variable"},"_links":{"self":[{"href":"https:\/\/myspainfood.com\/fr\/wp-json\/wp\/v2\/product\/40003","targetHints":{"allow":["GET"]}}],"collection":[{"href":"https:\/\/myspainfood.com\/fr\/wp-json\/wp\/v2\/product"}],"about":[{"href":"https:\/\/myspainfood.com\/fr\/wp-json\/wp\/v2\/types\/product"}],"wp:featuredmedia":[{"embeddable":true,"href":"https:\/\/myspainfood.com\/fr\/wp-json\/wp\/v2\/media\/14804"}],"wp:attachment":[{"href":"https:\/\/myspainfood.com\/fr\/wp-json\/wp\/v2\/media?parent=40003"}],"wp:term":[{"taxonomy":"product_brand","embeddable":true,"href":"https:\/\/myspainfood.com\/fr\/wp-json\/wp\/v2\/product_brand?post=40003"},{"taxonomy":"product_cat","embeddable":true,"href":"https:\/\/myspainfood.com\/fr\/wp-json\/wp\/v2\/product_cat?post=40003"},{"taxonomy":"product_tag","embeddable":true,"href":"https:\/\/myspainfood.com\/fr\/wp-json\/wp\/v2\/product_tag?post=40003"}],"curies":[{"name":"wp","href":"https:\/\/api.w.org\/{rel}","templated":true}]}}