{"id":40196,"date":"2025-04-10T12:14:06","date_gmt":"2025-04-10T10:14:06","guid":{"rendered":"https:\/\/myspainfood.com\/producto\/pochas-blancas-de-navarra-a-inigo-authentique-saveur-traditionnelle-660-gr\/"},"modified":"2025-04-10T12:14:06","modified_gmt":"2025-04-10T10:14:06","slug":"pochas-blancas-de-navarra-a-inigo-authentique-saveur-traditionnelle-660-gr","status":"publish","type":"product","link":"https:\/\/myspainfood.com\/fr\/producto\/pochas-blancas-de-navarra-a-inigo-authentique-saveur-traditionnelle-660-gr\/","title":{"rendered":"Pochas Blancas de Navarra A. I\u00f1igo - Authentique saveur traditionnelle 660 gr"},"content":{"rendered":"<p>Les Pochas Blancas d&rsquo;A. I\u00f1igo sont un d\u00e9lice traditionnel de la r\u00e9gion de Navarre, connu pour sa qualit\u00e9 et sa saveur exceptionnelles. Ces haricots frais sont r\u00e9colt\u00e9s \u00e0 leur stade optimal de maturation et soigneusement emball\u00e9s pour pr\u00e9server toute leur fra\u00eecheur et leurs nutriments. <\/p>\n<ul>\n<li><strong>Origine :<\/strong> Navarre, Espagne<\/li>\n<li><strong>Type de haricot :<\/strong> Haricots blancs<\/li>\n<li><strong>Pr\u00e9sentation :<\/strong> R\u00e9cipient en verre<\/li>\n<li><strong>Ingr\u00e9dients :<\/strong> Haricots blancs, eau, sel, sel.<\/li>\n<li><strong>Stockage :<\/strong> Conserver dans un endroit frais et sec.<\/li>\n<li><strong>Utilisations recommand\u00e9es :<\/strong> Id\u00e9al pour les rago\u00fbts, les salades et les plats traditionnels navarrais et m\u00e9diterran\u00e9ens.<\/li>\n<\/ul>\n<p>Les haricots blancs d&rsquo;A. I\u00f1igo se distinguent par leur douceur et leur saveur d\u00e9licate, qui se marie parfaitement avec d&rsquo;autres ingr\u00e9dients dans les soupes, les rago\u00fbts et les salades. Leur texture tendre et leur peau fine les rendent particuli\u00e8rement appr\u00e9ci\u00e9s des gourmets et des amateurs de cuisine traditionnelle. <\/p>\n","protected":false},"excerpt":{"rendered":"<p>Les Pochas Blancas d&rsquo;A. I\u00f1igo sont un d\u00e9lice traditionnel de la r\u00e9gion de Navarre, connu pour sa qualit\u00e9 et sa saveur exceptionnelles. Ces haricots frais sont r\u00e9colt\u00e9s \u00e0 leur stade optimal de maturation et soigneusement emball\u00e9s pour pr\u00e9server toute leur fra\u00eecheur et leurs nutriments. Origine : Navarre, Espagne Type de haricot : Haricots blancs Pr\u00e9sentation [&hellip;]<\/p>\n","protected":false},"featured_media":14678,"template":"","meta":{"_et_pb_use_builder":"","_et_pb_old_content":"","_et_gb_content_width":""},"product_brand":[1461],"product_cat":[3741],"product_tag":[],"class_list":{"0":"post-40196","1":"product","2":"type-product","3":"status-publish","4":"has-post-thumbnail","6":"product_brand-a-inigo","7":"product_cat-conserves-fr-3","9":"first","10":"outofstock","11":"taxable","12":"shipping-taxable","13":"purchasable","14":"product-type-variable"},"_links":{"self":[{"href":"https:\/\/myspainfood.com\/fr\/wp-json\/wp\/v2\/product\/40196","targetHints":{"allow":["GET"]}}],"collection":[{"href":"https:\/\/myspainfood.com\/fr\/wp-json\/wp\/v2\/product"}],"about":[{"href":"https:\/\/myspainfood.com\/fr\/wp-json\/wp\/v2\/types\/product"}],"wp:featuredmedia":[{"embeddable":true,"href":"https:\/\/myspainfood.com\/fr\/wp-json\/wp\/v2\/media\/14678"}],"wp:attachment":[{"href":"https:\/\/myspainfood.com\/fr\/wp-json\/wp\/v2\/media?parent=40196"}],"wp:term":[{"taxonomy":"product_brand","embeddable":true,"href":"https:\/\/myspainfood.com\/fr\/wp-json\/wp\/v2\/product_brand?post=40196"},{"taxonomy":"product_cat","embeddable":true,"href":"https:\/\/myspainfood.com\/fr\/wp-json\/wp\/v2\/product_cat?post=40196"},{"taxonomy":"product_tag","embeddable":true,"href":"https:\/\/myspainfood.com\/fr\/wp-json\/wp\/v2\/product_tag?post=40196"}],"curies":[{"name":"wp","href":"https:\/\/api.w.org\/{rel}","templated":true}]}}