{"id":40229,"date":"2025-04-10T12:14:28","date_gmt":"2025-04-10T10:14:28","guid":{"rendered":"https:\/\/myspainfood.com\/producto\/la-encajera-aubergines-entieres-assaisonnees-560-grammes\/"},"modified":"2025-04-10T12:14:28","modified_gmt":"2025-04-10T10:14:28","slug":"la-encajera-aubergines-entieres-assaisonnees-560-grammes","status":"publish","type":"product","link":"https:\/\/myspainfood.com\/fr\/producto\/la-encajera-aubergines-entieres-assaisonnees-560-grammes\/","title":{"rendered":"La Encajera Aubergines enti\u00e8res assaisonn\u00e9es 560 grammes"},"content":{"rendered":"<p>L&rsquo;aubergine enti\u00e8re \u00e0 la vinaigrette est une <a href=\"https:\/\/www.laencajera.es\/berenjenas-de-almagro\" target=\"_blank\" rel=\"noopener noreferrer nofollow\">entr\u00e9e<\/a> id\u00e9ale.<\/p>\n<p>Il est \u00e9galement utilis\u00e9 pour accompagner les salades.<\/p>\n<p>Ils sont assaisonn\u00e9s avec de l&rsquo;eau, du vinaigre de vin, de l&rsquo;huile d&rsquo;olive, du paprika, du sel, du cumin et de l&rsquo;ail.<\/p>\n<p>Les aubergines \u00e0 la vinaigrette sont originaires de Castille-la-Manche, en Espagne.<\/p>\n<p>Ingr\u00e9dients : S : Aubergines \u00ab\u00a0De Almagro\u00a0\u00bb, eau, sel, vinaigre de vin, \u00e9pices naturelles (ail, cumin, paprika, huile d&rsquo;olive), exhausteur de go\u00fbt (E-621), acidifiants (E-330), conservateurs (E-270, E-211, E-202E-223), antioxydants (E-300) et ar\u00f4mes naturels.<\/p>\n<p>Conserver dans un endroit frais et sec, entre 3\u00baC et 10\u00baC. Tenir \u00e0 l&rsquo;\u00e9cart de la lumi\u00e8re du soleil et des odeurs fortes. <\/p>\n<p>Apr\u00e8s ouverture, conservez au r\u00e9frig\u00e9rateur et consommez dans les 30 jours.<\/p>\n<p>Si vous souhaitez acheter des olives ou tout autre type de <a href=\"https:\/\/latiendadesami.com\/categoria-producto\/encurtidos\/\" rel=\"noopener noreferrer nofollow\" target=\"_blank\">cornichons<\/a>, n&rsquo;h\u00e9sitez pas \u00e0 consulter notre catalogue en ligne pour voir la grande vari\u00e9t\u00e9 d&rsquo;<a href=\"https:\/\/latiendadesami.com\/categoria-producto\/encurtidos\/berenjenas\/\" target=\"_blank\" rel=\"noopener noreferrer nofollow\">aubergines<\/a> que nous avons.<\/p>\n<p>La marque est La Encajonera, une entreprise familiale fond\u00e9e en 1990, situ\u00e9e au c\u0153ur de La Mancha, dans la ville d&rsquo;ALMAGRO, dans la province de Ciudad Real.<\/p>\n<p>Le processus de fabrication de ses produits commence dans la m\u00eame zone de culture, en s\u00e9lectionnant le produit de la meilleure qualit\u00e9.<\/p>\n<p>L&rsquo;usine est \u00e9quip\u00e9e des technologies les plus avanc\u00e9es, tout en pr\u00e9servant la tradition et le savoir-faire de ses artisans.<\/p>\n","protected":false},"excerpt":{"rendered":"<p>L&rsquo;aubergine enti\u00e8re \u00e0 la vinaigrette est une entr\u00e9e id\u00e9ale. Il est \u00e9galement utilis\u00e9 pour accompagner les salades. Ils sont assaisonn\u00e9s avec de l&rsquo;eau, du vinaigre de vin, de l&rsquo;huile d&rsquo;olive, du paprika, du sel, du cumin et de l&rsquo;ail. Les aubergines \u00e0 la vinaigrette sont originaires de Castille-la-Manche, en Espagne. Ingr\u00e9dients : S : Aubergines [&hellip;]<\/p>\n","protected":false},"featured_media":7433,"template":"","meta":{"_et_pb_use_builder":"","_et_pb_old_content":"","_et_gb_content_width":""},"product_brand":[1057],"product_cat":[2121,1570],"product_tag":[2122],"class_list":{"0":"post-40229","1":"product","2":"type-product","3":"status-publish","4":"has-post-thumbnail","6":"product_brand-la-encajera","7":"product_cat-aubergines-fr","8":"product_cat-cornichons","9":"product_tag-alinada-fr","11":"first","12":"outofstock","13":"taxable","14":"shipping-taxable","15":"product-type-variable"},"_links":{"self":[{"href":"https:\/\/myspainfood.com\/fr\/wp-json\/wp\/v2\/product\/40229","targetHints":{"allow":["GET"]}}],"collection":[{"href":"https:\/\/myspainfood.com\/fr\/wp-json\/wp\/v2\/product"}],"about":[{"href":"https:\/\/myspainfood.com\/fr\/wp-json\/wp\/v2\/types\/product"}],"wp:featuredmedia":[{"embeddable":true,"href":"https:\/\/myspainfood.com\/fr\/wp-json\/wp\/v2\/media\/7433"}],"wp:attachment":[{"href":"https:\/\/myspainfood.com\/fr\/wp-json\/wp\/v2\/media?parent=40229"}],"wp:term":[{"taxonomy":"product_brand","embeddable":true,"href":"https:\/\/myspainfood.com\/fr\/wp-json\/wp\/v2\/product_brand?post=40229"},{"taxonomy":"product_cat","embeddable":true,"href":"https:\/\/myspainfood.com\/fr\/wp-json\/wp\/v2\/product_cat?post=40229"},{"taxonomy":"product_tag","embeddable":true,"href":"https:\/\/myspainfood.com\/fr\/wp-json\/wp\/v2\/product_tag?post=40229"}],"curies":[{"name":"wp","href":"https:\/\/api.w.org\/{rel}","templated":true}]}}