{"id":41213,"date":"2025-04-10T12:12:29","date_gmt":"2025-04-10T10:12:29","guid":{"rendered":"https:\/\/myspainfood.com\/producto\/la-vieja-fabrica-confiture-de-peches-diet-280-g\/"},"modified":"2025-09-02T10:52:32","modified_gmt":"2025-09-02T08:52:32","slug":"la-vieja-fabrica-confiture-de-peches-diet-280-g","status":"publish","type":"product","link":"https:\/\/myspainfood.com\/fr\/producto\/la-vieja-fabrica-confiture-de-peches-diet-280-g\/","title":{"rendered":"La Vieja F\u00e1brica Confiture de p\u00eaches DIET 280 g"},"content":{"rendered":"<p>La confiture de p\u00eaches di\u00e9t\u00e9tique de La Vieja F\u00e1brica est une option d\u00e9licieuse pour ceux qui souhaitent profiter de la saveur authentique des fruits sans ajouter de calories inutiles \u00e0 leur r\u00e9gime. Cette confiture, \u00e9labor\u00e9e \u00e0 partir de p\u00eaches s\u00e9lectionn\u00e9es et selon les recettes artisanales traditionnelles de La Vieja F\u00e1brica, offre une saveur fra\u00eeche et naturelle. <\/p>\n<p><strong>Origine<\/strong>: Espagne Fabricant : \u00c1ngel Camacho Alimentaci\u00f3n, S.L.<\/p>\n<p><strong>Adresse du fabricant<\/strong>: Avda. del Pilar, 6 - 41530 Mor\u00f3n de la Frontera (Sevilla)<\/p>\n<p> <strong> Origine<\/strong>: Produit d&rsquo;Espagne<\/p>\n<p><strong>Poids net<\/strong>: 280 g<\/p>\n<p><strong>Mentions obligatoires suppl\u00e9mentaires sur l&rsquo;\u00e9tiquette<\/strong>: Contient 55 g de p\u00eache pour 100 g.<\/p>\n<p><strong>Sucres totaux<\/strong>: 42 g pour 100 g.<\/p>\n","protected":false},"excerpt":{"rendered":"<p>La confiture de p\u00eaches di\u00e9t\u00e9tique de La Vieja F\u00e1brica est une option d\u00e9licieuse pour ceux qui souhaitent profiter de la saveur authentique des fruits sans ajouter de calories inutiles \u00e0 leur r\u00e9gime. Cette confiture, \u00e9labor\u00e9e \u00e0 partir de p\u00eaches s\u00e9lectionn\u00e9es et selon les recettes artisanales traditionnelles de La Vieja F\u00e1brica, offre une saveur fra\u00eeche et [&hellip;]<\/p>\n","protected":false},"featured_media":14255,"template":"","meta":{"_et_pb_use_builder":"","_et_pb_old_content":"","_et_gb_content_width":""},"product_brand":[1460],"product_cat":[1941],"product_tag":[],"class_list":{"0":"post-41213","1":"product","2":"type-product","3":"status-publish","4":"has-post-thumbnail","6":"product_brand-la-vieja-fabrica","7":"product_cat-conserves","9":"first","10":"outofstock","11":"taxable","12":"shipping-taxable","13":"product-type-variable"},"_links":{"self":[{"href":"https:\/\/myspainfood.com\/fr\/wp-json\/wp\/v2\/product\/41213","targetHints":{"allow":["GET"]}}],"collection":[{"href":"https:\/\/myspainfood.com\/fr\/wp-json\/wp\/v2\/product"}],"about":[{"href":"https:\/\/myspainfood.com\/fr\/wp-json\/wp\/v2\/types\/product"}],"wp:featuredmedia":[{"embeddable":true,"href":"https:\/\/myspainfood.com\/fr\/wp-json\/wp\/v2\/media\/14255"}],"wp:attachment":[{"href":"https:\/\/myspainfood.com\/fr\/wp-json\/wp\/v2\/media?parent=41213"}],"wp:term":[{"taxonomy":"product_brand","embeddable":true,"href":"https:\/\/myspainfood.com\/fr\/wp-json\/wp\/v2\/product_brand?post=41213"},{"taxonomy":"product_cat","embeddable":true,"href":"https:\/\/myspainfood.com\/fr\/wp-json\/wp\/v2\/product_cat?post=41213"},{"taxonomy":"product_tag","embeddable":true,"href":"https:\/\/myspainfood.com\/fr\/wp-json\/wp\/v2\/product_tag?post=41213"}],"curies":[{"name":"wp","href":"https:\/\/api.w.org\/{rel}","templated":true}]}}