{"id":41265,"date":"2025-04-10T12:12:57","date_gmt":"2025-04-10T10:12:57","guid":{"rendered":"https:\/\/myspainfood.com\/producto\/a-inigo-haricots-verts-ronds-en-morceaux-moyens-400-gr\/"},"modified":"2025-09-02T10:53:20","modified_gmt":"2025-09-02T08:53:20","slug":"a-inigo-haricots-verts-ronds-en-morceaux-moyens-400-gr","status":"publish","type":"product","link":"https:\/\/myspainfood.com\/fr\/producto\/a-inigo-haricots-verts-ronds-en-morceaux-moyens-400-gr\/","title":{"rendered":"A.I\u00f1igo Haricots verts ronds en morceaux moyens 400 gr"},"content":{"rendered":"<p>Les haricots verts A.I\u00f1igo repr\u00e9sentent l&rsquo;excellence en mati\u00e8re de fra\u00eecheur et de saveur. Ces haricots verts, soigneusement s\u00e9lectionn\u00e9s et r\u00e9colt\u00e9s \u00e0 maturit\u00e9 optimale, sont le choix id\u00e9al pour tout repas quotidien. <\/p>\n<p><strong>Valeur \u00e9nerg\u00e9tique :<\/strong> 15,9 kJ \/ 67,5 kcal<\/p>\n<p><strong>Mati\u00e8res grasses<\/strong>: 0 g<\/p>\n<p><strong>Dont satur\u00e9s<\/strong> 0 g<\/p>\n<p><strong>Glucides :<\/strong> 3,3 g<\/p>\n<p><strong>Dont sucres<\/strong>: 0,8 g<\/p>\n<p><strong>Fibres alimentaires<\/strong>: 1,5 g<\/p>\n<p><strong>Prot\u00e9ines<\/strong>: 0,67 g<\/p>\n<p><strong>Sel<\/strong>: 0,5 g<\/p>\n","protected":false},"excerpt":{"rendered":"<p>Les haricots verts A.I\u00f1igo repr\u00e9sentent l&rsquo;excellence en mati\u00e8re de fra\u00eecheur et de saveur. Ces haricots verts, soigneusement s\u00e9lectionn\u00e9s et r\u00e9colt\u00e9s \u00e0 maturit\u00e9 optimale, sont le choix id\u00e9al pour tout repas quotidien. Valeur \u00e9nerg\u00e9tique : 15,9 kJ \/ 67,5 kcal Mati\u00e8res grasses: 0 g Dont satur\u00e9s 0 g Glucides : 3,3 g Dont sucres: 0,8 g [&hellip;]<\/p>\n","protected":false},"featured_media":14525,"template":"","meta":{"_et_pb_use_builder":"","_et_pb_old_content":"","_et_gb_content_width":""},"product_brand":[1461],"product_cat":[1941],"product_tag":[],"class_list":{"0":"post-41265","1":"product","2":"type-product","3":"status-publish","4":"has-post-thumbnail","6":"product_brand-a-inigo","7":"product_cat-conserves","9":"first","10":"instock","11":"taxable","12":"shipping-taxable","13":"product-type-variable"},"_links":{"self":[{"href":"https:\/\/myspainfood.com\/fr\/wp-json\/wp\/v2\/product\/41265","targetHints":{"allow":["GET"]}}],"collection":[{"href":"https:\/\/myspainfood.com\/fr\/wp-json\/wp\/v2\/product"}],"about":[{"href":"https:\/\/myspainfood.com\/fr\/wp-json\/wp\/v2\/types\/product"}],"wp:featuredmedia":[{"embeddable":true,"href":"https:\/\/myspainfood.com\/fr\/wp-json\/wp\/v2\/media\/14525"}],"wp:attachment":[{"href":"https:\/\/myspainfood.com\/fr\/wp-json\/wp\/v2\/media?parent=41265"}],"wp:term":[{"taxonomy":"product_brand","embeddable":true,"href":"https:\/\/myspainfood.com\/fr\/wp-json\/wp\/v2\/product_brand?post=41265"},{"taxonomy":"product_cat","embeddable":true,"href":"https:\/\/myspainfood.com\/fr\/wp-json\/wp\/v2\/product_cat?post=41265"},{"taxonomy":"product_tag","embeddable":true,"href":"https:\/\/myspainfood.com\/fr\/wp-json\/wp\/v2\/product_tag?post=41265"}],"curies":[{"name":"wp","href":"https:\/\/api.w.org\/{rel}","templated":true}]}}